{"id":136,"date":"2014-03-31T14:35:23","date_gmt":"2014-03-31T14:35:23","guid":{"rendered":"http:\/\/www.ronzonisrl.it\/?page_id=136"},"modified":"2018-01-17T14:21:52","modified_gmt":"2018-01-17T14:21:52","slug":"utensili-speciali-a-barretta","status":"publish","type":"page","link":"https:\/\/www.ronzonisrl.it\/es\/utensili-speciali-a-disegno\/utensili-speciali-a-barretta\/","title":{"rendered":"Herramientas"},"content":{"rendered":"<p><\/p>\n<div title=\"Page 2\">\n<div>\n<div>\n<div><a href=\"http:\/\/www.ronzonisrl.it\/wp-content\/uploads\/2014\/03\/ut_spec_barretta.jpg\" rel=\"ndlightbox[136]\"><img loading=\"lazy\" decoding=\"async\" class=\"alignleft size-large wp-image-734\" title=\"Utensili speciali a barretta\" src=\"http:\/\/www.ronzonisrl.it\/wp-content\/uploads\/2014\/03\/ut_spec_barretta-700x485.jpg\" alt=\"Utensili speciali a barretta\" width=\"425\" height=\"282\" \/><\/a>Las herramientas especiales son usadas principalmente en tornos monohusillos y tornos multihusillos para la elaboraci\u00f3n del producto en una s\u00f3lo pasada.<br \/>\nEste tipo de herramienta, de un s\u00f3lo golpe, genera el perfil en la pieza que se tiene que trabajar, reduciendo as\u00ed el tiempo de producci\u00f3n. Fabricamos herramientas en HSS integral, de metal duro integral o con plaquitas de metal duro soldadas, para aumentar su rendimiento las podemos proveer con el recubrimiento adapto para el tipo de matarial que se tenga que trabajar.<\/div>\n<\/div>\n<\/div>\n<\/div>\n<p><\/p>","protected":false},"excerpt":{"rendered":"<p>Las herramientas especiales son usadas principalmente en tornos monohusillos y tornos multihusillos para la elaboraci\u00f3n del producto en una s\u00f3lo pasada. Este tipo de herramienta, de un s\u00f3lo golpe, genera el perfil en la pieza que se tiene que trabajar, reduciendo as\u00ed el tiempo de producci\u00f3n. Fabricamos herramientas en HSS integral, de metal duro integral [&hellip;]<\/p>\n","protected":false},"author":1,"featured_media":1417,"parent":93,"menu_order":0,"comment_status":"open","ping_status":"closed","template":"template_singol_utesile_spec.php","meta":{"footnotes":""},"class_list":["post-136","page","type-page","status-publish","has-post-thumbnail","hentry"],"_links":{"self":[{"href":"https:\/\/www.ronzonisrl.it\/es\/wp-json\/wp\/v2\/pages\/136","targetHints":{"allow":["GET"]}}],"collection":[{"href":"https:\/\/www.ronzonisrl.it\/es\/wp-json\/wp\/v2\/pages"}],"about":[{"href":"https:\/\/www.ronzonisrl.it\/es\/wp-json\/wp\/v2\/types\/page"}],"author":[{"embeddable":true,"href":"https:\/\/www.ronzonisrl.it\/es\/wp-json\/wp\/v2\/users\/1"}],"replies":[{"embeddable":true,"href":"https:\/\/www.ronzonisrl.it\/es\/wp-json\/wp\/v2\/comments?post=136"}],"version-history":[{"count":23,"href":"https:\/\/www.ronzonisrl.it\/es\/wp-json\/wp\/v2\/pages\/136\/revisions"}],"predecessor-version":[{"id":1664,"href":"https:\/\/www.ronzonisrl.it\/es\/wp-json\/wp\/v2\/pages\/136\/revisions\/1664"}],"up":[{"embeddable":true,"href":"https:\/\/www.ronzonisrl.it\/es\/wp-json\/wp\/v2\/pages\/93"}],"wp:featuredmedia":[{"embeddable":true,"href":"https:\/\/www.ronzonisrl.it\/es\/wp-json\/wp\/v2\/media\/1417"}],"wp:attachment":[{"href":"https:\/\/www.ronzonisrl.it\/es\/wp-json\/wp\/v2\/media?parent=136"}],"curies":[{"name":"wp","href":"https:\/\/api.w.org\/{rel}","templated":true}]}}