{"id":139,"date":"2014-03-31T14:40:15","date_gmt":"2014-03-31T14:40:15","guid":{"rendered":"http:\/\/www.ronzonisrl.it\/?page_id=139"},"modified":"2018-01-17T14:24:10","modified_gmt":"2018-01-17T14:24:10","slug":"utensili-prismatici-a-coda-di-rondine","status":"publish","type":"page","link":"https:\/\/www.ronzonisrl.it\/es\/utensili-speciali-a-disegno\/utensili-prismatici-a-coda-di-rondine\/","title":{"rendered":"Herramientas prism\u00e1ticas"},"content":{"rendered":"<p><\/p>\n<div title=\"Page 2\">\n<div>\n<div>\n<div>\n<p><a href=\"http:\/\/www.ronzonisrl.it\/wp-content\/uploads\/2014\/03\/prismatici.jpg\" rel=\"ndlightbox[139]\"><img loading=\"lazy\" decoding=\"async\" class=\"alignleft size-large wp-image-728\" title=\"Utensili prismatici a coda di rondine\" src=\"http:\/\/www.ronzonisrl.it\/wp-content\/uploads\/2014\/03\/prismatici-700x485.jpg\" alt=\"Utensili prismatici a coda di rondine\" width=\"425\" height=\"282\" \/><\/a>Las herramientas prism\u00e1ticas son usadas principalmente en tornos monohusillos y tornos multihusillos para la elaboraci\u00f3n del producto en una s\u00f3lo pasada.<br \/>\nEste tipo de herramienta, de un s\u00f3lo golpe, genera el perfil en la pieza que se tiene que trabajar, reduciendo as\u00ed el tiempo de producci\u00f3n.<br \/>\nFabricamos herramientas prism\u00e1ticas en HSS integral, de metal duro integral con plaquitas de metal duro soldadas, para aumentar su rendimiento las podemos proveer con el recubrimiento adapto para el tipo de matarial que se tenga que trabajar.<\/p>\n<\/div>\n<\/div>\n<\/div>\n<\/div>\n<p><\/p>","protected":false},"excerpt":{"rendered":"<p>Las herramientas prism\u00e1ticas son usadas principalmente en tornos monohusillos y tornos multihusillos para la elaboraci\u00f3n del producto en una s\u00f3lo pasada. Este tipo de herramienta, de un s\u00f3lo golpe, genera el perfil en la pieza que se tiene que trabajar, reduciendo as\u00ed el tiempo de producci\u00f3n. Fabricamos herramientas prism\u00e1ticas en HSS integral, de metal duro [&hellip;]<\/p>\n","protected":false},"author":1,"featured_media":1414,"parent":93,"menu_order":1,"comment_status":"open","ping_status":"closed","template":"template_singol_utesile_spec.php","meta":{"footnotes":""},"class_list":["post-139","page","type-page","status-publish","has-post-thumbnail","hentry"],"_links":{"self":[{"href":"https:\/\/www.ronzonisrl.it\/es\/wp-json\/wp\/v2\/pages\/139","targetHints":{"allow":["GET"]}}],"collection":[{"href":"https:\/\/www.ronzonisrl.it\/es\/wp-json\/wp\/v2\/pages"}],"about":[{"href":"https:\/\/www.ronzonisrl.it\/es\/wp-json\/wp\/v2\/types\/page"}],"author":[{"embeddable":true,"href":"https:\/\/www.ronzonisrl.it\/es\/wp-json\/wp\/v2\/users\/1"}],"replies":[{"embeddable":true,"href":"https:\/\/www.ronzonisrl.it\/es\/wp-json\/wp\/v2\/comments?post=139"}],"version-history":[{"count":16,"href":"https:\/\/www.ronzonisrl.it\/es\/wp-json\/wp\/v2\/pages\/139\/revisions"}],"predecessor-version":[{"id":1665,"href":"https:\/\/www.ronzonisrl.it\/es\/wp-json\/wp\/v2\/pages\/139\/revisions\/1665"}],"up":[{"embeddable":true,"href":"https:\/\/www.ronzonisrl.it\/es\/wp-json\/wp\/v2\/pages\/93"}],"wp:featuredmedia":[{"embeddable":true,"href":"https:\/\/www.ronzonisrl.it\/es\/wp-json\/wp\/v2\/media\/1414"}],"wp:attachment":[{"href":"https:\/\/www.ronzonisrl.it\/es\/wp-json\/wp\/v2\/media?parent=139"}],"curies":[{"name":"wp","href":"https:\/\/api.w.org\/{rel}","templated":true}]}}