{"id":141,"date":"2014-03-31T14:42:42","date_gmt":"2014-03-31T14:42:42","guid":{"rendered":"http:\/\/www.ronzonisrl.it\/?page_id=141"},"modified":"2018-01-17T14:25:26","modified_gmt":"2018-01-17T14:25:26","slug":"utensili-prismatici-piatti","status":"publish","type":"page","link":"https:\/\/www.ronzonisrl.it\/es\/utensili-speciali-a-disegno\/utensili-prismatici-piatti\/","title":{"rendered":"Herramientas prism\u00e1ticas planas"},"content":{"rendered":"<p><\/p>\n<div title=\"Page 3\">\n<div>\n<div>\n<div>\n<p><em><a href=\"http:\/\/www.ronzonisrl.it\/wp-content\/uploads\/2014\/03\/prismatici_piatti.jpg\" rel=\"ndlightbox[141]\"><img loading=\"lazy\" decoding=\"async\" class=\"alignleft size-large wp-image-730\" title=\"Utensili prismatici piatti\" src=\"http:\/\/www.ronzonisrl.it\/wp-content\/uploads\/2014\/03\/prismatici_piatti-700x485.jpg\" alt=\"Utensili prismatici piatti\" width=\"425\" height=\"282\" \/><\/a><\/em>Las herramientas prism\u00e1ticas planas son usadas en tornos multihusillos para la elaboraci\u00f3n del producto en una s\u00f3lo pasada. Este tipo de herramienta genera el perfil, de un s\u00f3lo golpe, en la pieza que se tiene que trabajar, reduciendo as\u00ed los tiempos de producci\u00f3n.<br \/>\nFabricamos herramientas prism\u00e1ticas planas en HSS integral, de metal duro integral con plaquitas de metal duro soldadas, para aumentar su rendimiento las podemos proveer con el recubrimiento adapto para el tipo de matarial que se tenga que trabajar.<\/p>\n<\/div>\n<\/div>\n<\/div>\n<\/div>\n<p><\/p>","protected":false},"excerpt":{"rendered":"<p>Las herramientas prism\u00e1ticas planas son usadas en tornos multihusillos para la elaboraci\u00f3n del producto en una s\u00f3lo pasada. Este tipo de herramienta genera el perfil, de un s\u00f3lo golpe, en la pieza que se tiene que trabajar, reduciendo as\u00ed los tiempos de producci\u00f3n. Fabricamos herramientas prism\u00e1ticas planas en HSS integral, de metal duro integral con [&hellip;]<\/p>\n","protected":false},"author":1,"featured_media":1415,"parent":93,"menu_order":2,"comment_status":"open","ping_status":"closed","template":"template_singol_utesile_spec.php","meta":{"footnotes":""},"class_list":["post-141","page","type-page","status-publish","has-post-thumbnail","hentry"],"_links":{"self":[{"href":"https:\/\/www.ronzonisrl.it\/es\/wp-json\/wp\/v2\/pages\/141","targetHints":{"allow":["GET"]}}],"collection":[{"href":"https:\/\/www.ronzonisrl.it\/es\/wp-json\/wp\/v2\/pages"}],"about":[{"href":"https:\/\/www.ronzonisrl.it\/es\/wp-json\/wp\/v2\/types\/page"}],"author":[{"embeddable":true,"href":"https:\/\/www.ronzonisrl.it\/es\/wp-json\/wp\/v2\/users\/1"}],"replies":[{"embeddable":true,"href":"https:\/\/www.ronzonisrl.it\/es\/wp-json\/wp\/v2\/comments?post=141"}],"version-history":[{"count":17,"href":"https:\/\/www.ronzonisrl.it\/es\/wp-json\/wp\/v2\/pages\/141\/revisions"}],"predecessor-version":[{"id":1666,"href":"https:\/\/www.ronzonisrl.it\/es\/wp-json\/wp\/v2\/pages\/141\/revisions\/1666"}],"up":[{"embeddable":true,"href":"https:\/\/www.ronzonisrl.it\/es\/wp-json\/wp\/v2\/pages\/93"}],"wp:featuredmedia":[{"embeddable":true,"href":"https:\/\/www.ronzonisrl.it\/es\/wp-json\/wp\/v2\/media\/1415"}],"wp:attachment":[{"href":"https:\/\/www.ronzonisrl.it\/es\/wp-json\/wp\/v2\/media?parent=141"}],"curies":[{"name":"wp","href":"https:\/\/api.w.org\/{rel}","templated":true}]}}