{"id":145,"date":"2014-03-31T14:47:44","date_gmt":"2014-03-31T14:47:44","guid":{"rendered":"http:\/\/www.ronzonisrl.it\/?page_id=145"},"modified":"2018-01-17T14:28:09","modified_gmt":"2018-01-17T14:28:09","slug":"utensili-per-interni","status":"publish","type":"page","link":"https:\/\/www.ronzonisrl.it\/es\/utensili-speciali-a-disegno\/utensili-per-interni\/","title":{"rendered":"Herramientas para internos"},"content":{"rendered":"<p><\/p>\n<div title=\"Page 4\">\n<div>\n<div>\n<div>\n<p><a href=\"http:\/\/www.ronzonisrl.it\/wp-content\/uploads\/2014\/03\/ut_per_interni.jpg\" rel=\"ndlightbox[145]\"><img loading=\"lazy\" decoding=\"async\" class=\"alignleft size-large wp-image-724\" title=\"Utensili per interni\" src=\"http:\/\/www.ronzonisrl.it\/wp-content\/uploads\/2014\/03\/ut_per_interni-700x485.jpg\" alt=\"Utensili per interni\" width=\"425\" height=\"282\" \/><\/a>Las herramientas para internos son usados en tornos monohusillos, multihusillos, tambi\u00e9n en m\u00e1quinas a control num\u00e9rico cuando la moldura no se puede hacer con herramientas est\u00e1ndars o se quiere reducir el tiempo de producci\u00f3n.<br \/>\nFabricamos herramientas para interior en HSS integral, de metal duro integral con plaquitas de metal duro soldadas, para aumentar su rendimiento las podemos proveer con el recubrimiento adapto para el tipo de matarial que se tenga que trabajar.<\/p>\n<\/div>\n<\/div>\n<\/div>\n<\/div>\n<p><\/p>","protected":false},"excerpt":{"rendered":"<p>Las herramientas para internos son usados en tornos monohusillos, multihusillos, tambi\u00e9n en m\u00e1quinas a control num\u00e9rico cuando la moldura no se puede hacer con herramientas est\u00e1ndars o se quiere reducir el tiempo de producci\u00f3n. Fabricamos herramientas para interior en HSS integral, de metal duro integral con plaquitas de metal duro soldadas, para aumentar su rendimiento [&hellip;]<\/p>\n","protected":false},"author":1,"featured_media":1411,"parent":93,"menu_order":4,"comment_status":"open","ping_status":"closed","template":"template_singol_utesile_spec.php","meta":{"footnotes":""},"class_list":["post-145","page","type-page","status-publish","has-post-thumbnail","hentry"],"_links":{"self":[{"href":"https:\/\/www.ronzonisrl.it\/es\/wp-json\/wp\/v2\/pages\/145","targetHints":{"allow":["GET"]}}],"collection":[{"href":"https:\/\/www.ronzonisrl.it\/es\/wp-json\/wp\/v2\/pages"}],"about":[{"href":"https:\/\/www.ronzonisrl.it\/es\/wp-json\/wp\/v2\/types\/page"}],"author":[{"embeddable":true,"href":"https:\/\/www.ronzonisrl.it\/es\/wp-json\/wp\/v2\/users\/1"}],"replies":[{"embeddable":true,"href":"https:\/\/www.ronzonisrl.it\/es\/wp-json\/wp\/v2\/comments?post=145"}],"version-history":[{"count":19,"href":"https:\/\/www.ronzonisrl.it\/es\/wp-json\/wp\/v2\/pages\/145\/revisions"}],"predecessor-version":[{"id":1668,"href":"https:\/\/www.ronzonisrl.it\/es\/wp-json\/wp\/v2\/pages\/145\/revisions\/1668"}],"up":[{"embeddable":true,"href":"https:\/\/www.ronzonisrl.it\/es\/wp-json\/wp\/v2\/pages\/93"}],"wp:featuredmedia":[{"embeddable":true,"href":"https:\/\/www.ronzonisrl.it\/es\/wp-json\/wp\/v2\/media\/1411"}],"wp:attachment":[{"href":"https:\/\/www.ronzonisrl.it\/es\/wp-json\/wp\/v2\/media?parent=145"}],"curies":[{"name":"wp","href":"https:\/\/api.w.org\/{rel}","templated":true}]}}