{"id":149,"date":"2014-03-31T14:52:15","date_gmt":"2014-03-31T14:52:15","guid":{"rendered":"http:\/\/www.ronzonisrl.it\/?page_id=149"},"modified":"2018-01-17T14:29:59","modified_gmt":"2018-01-17T14:29:59","slug":"punte-speciali","status":"publish","type":"page","link":"https:\/\/www.ronzonisrl.it\/es\/utensili-speciali-a-disegno\/punte-speciali\/","title":{"rendered":"Brocas"},"content":{"rendered":"<p><\/p>\n<div title=\"Page 5\">\n<div>\n<div>\n<div>\n<p><a href=\"http:\/\/www.ronzonisrl.it\/wp-content\/uploads\/2014\/03\/punte.jpg\" rel=\"ndlightbox[149]\"><img loading=\"lazy\" decoding=\"async\" class=\"alignleft size-large wp-image-718\" title=\"Punte speciali\" src=\"http:\/\/www.ronzonisrl.it\/wp-content\/uploads\/2014\/03\/punte-700x485.jpg\" alt=\"Punte speciali\" width=\"425\" height=\"282\" \/><\/a><\/p>\n<p>Las brocas moldeadas en h\u00e9lice son usadas en cualquier m\u00e1quina para reducir el tiempo de producci\u00f3n. Fabricamos brocas con geom\u00e9tria de corte especificas para el material que se va a trabajar como para el tipo de trabajo que se va a realizar, las podemos producir en HSS, de metal duro integral y soldadas con o sin orificios de lubrificaci\u00f3n, para aumentar su rendimiento las podemos proveer con el recubrimiento adapto para el tipo de matarial que se tenga que trabajar.<\/p>\n<\/div>\n<\/div>\n<\/div>\n<\/div>\n<p><\/p>","protected":false},"excerpt":{"rendered":"<p>Las brocas moldeadas en h\u00e9lice son usadas en cualquier m\u00e1quina para reducir el tiempo de producci\u00f3n. Fabricamos brocas con geom\u00e9tria de corte especificas para el material que se va a trabajar como para el tipo de trabajo que se va a realizar, las podemos producir en HSS, de metal duro integral y soldadas con o [&hellip;]<\/p>\n","protected":false},"author":1,"featured_media":1408,"parent":93,"menu_order":6,"comment_status":"open","ping_status":"closed","template":"template_singol_utesile_spec.php","meta":{"footnotes":""},"class_list":["post-149","page","type-page","status-publish","has-post-thumbnail","hentry"],"_links":{"self":[{"href":"https:\/\/www.ronzonisrl.it\/es\/wp-json\/wp\/v2\/pages\/149","targetHints":{"allow":["GET"]}}],"collection":[{"href":"https:\/\/www.ronzonisrl.it\/es\/wp-json\/wp\/v2\/pages"}],"about":[{"href":"https:\/\/www.ronzonisrl.it\/es\/wp-json\/wp\/v2\/types\/page"}],"author":[{"embeddable":true,"href":"https:\/\/www.ronzonisrl.it\/es\/wp-json\/wp\/v2\/users\/1"}],"replies":[{"embeddable":true,"href":"https:\/\/www.ronzonisrl.it\/es\/wp-json\/wp\/v2\/comments?post=149"}],"version-history":[{"count":20,"href":"https:\/\/www.ronzonisrl.it\/es\/wp-json\/wp\/v2\/pages\/149\/revisions"}],"predecessor-version":[{"id":1670,"href":"https:\/\/www.ronzonisrl.it\/es\/wp-json\/wp\/v2\/pages\/149\/revisions\/1670"}],"up":[{"embeddable":true,"href":"https:\/\/www.ronzonisrl.it\/es\/wp-json\/wp\/v2\/pages\/93"}],"wp:featuredmedia":[{"embeddable":true,"href":"https:\/\/www.ronzonisrl.it\/es\/wp-json\/wp\/v2\/media\/1408"}],"wp:attachment":[{"href":"https:\/\/www.ronzonisrl.it\/es\/wp-json\/wp\/v2\/media?parent=149"}],"curies":[{"name":"wp","href":"https:\/\/api.w.org\/{rel}","templated":true}]}}