{"id":151,"date":"2014-03-31T14:55:01","date_gmt":"2014-03-31T14:55:01","guid":{"rendered":"http:\/\/www.ronzonisrl.it\/?page_id=151"},"modified":"2018-01-17T14:31:02","modified_gmt":"2018-01-17T14:31:02","slug":"punte-a-lancia-e-a-cannone","status":"publish","type":"page","link":"https:\/\/www.ronzonisrl.it\/es\/utensili-speciali-a-disegno\/punte-a-lancia-e-a-cannone\/","title":{"rendered":"Brocas a ca\u00f1o y a lanza"},"content":{"rendered":"<p><\/p>\n<div title=\"Page 5\">\n<div>\n<div>\n<div>\n<p><a href=\"http:\/\/www.ronzonisrl.it\/wp-content\/uploads\/2014\/03\/punte_lancia.jpg\" rel=\"ndlightbox[151]\"><img loading=\"lazy\" decoding=\"async\" class=\"alignleft size-large wp-image-716\" title=\"Punte a lancia e a cannone\" src=\"http:\/\/www.ronzonisrl.it\/wp-content\/uploads\/2014\/03\/punte_lancia-700x485.jpg\" alt=\"Punte a lancia e a cannone\" width=\"425\" height=\"282\" \/><\/a><\/p>\n<p>Las brocas a ca\u00f1o y a lanza de corte derecho son usadas casi esclusivamente para la elaboraci\u00f3n de particulares en lat\u00f3n, aunque si tambi\u00e9n las usan en metales blandos. Son principalmente usadas en tornos monohusillos, multihusillos, transfer y centros de trabajo.<br \/>\nFabricamos \u00e9sta tipolog\u00eda de brocas en HSS, de metal duro integral o soldadas.<\/p>\n<\/div>\n<\/div>\n<\/div>\n<\/div>\n<p><\/p>","protected":false},"excerpt":{"rendered":"<p>Las brocas a ca\u00f1o y a lanza de corte derecho son usadas casi esclusivamente para la elaboraci\u00f3n de particulares en lat\u00f3n, aunque si tambi\u00e9n las usan en metales blandos. Son principalmente usadas en tornos monohusillos, multihusillos, transfer y centros de trabajo. Fabricamos \u00e9sta tipolog\u00eda de brocas en HSS, de metal duro integral o soldadas.<\/p>\n","protected":false},"author":1,"featured_media":1407,"parent":93,"menu_order":7,"comment_status":"open","ping_status":"closed","template":"template_singol_utesile_spec.php","meta":{"footnotes":""},"class_list":["post-151","page","type-page","status-publish","has-post-thumbnail","hentry"],"_links":{"self":[{"href":"https:\/\/www.ronzonisrl.it\/es\/wp-json\/wp\/v2\/pages\/151","targetHints":{"allow":["GET"]}}],"collection":[{"href":"https:\/\/www.ronzonisrl.it\/es\/wp-json\/wp\/v2\/pages"}],"about":[{"href":"https:\/\/www.ronzonisrl.it\/es\/wp-json\/wp\/v2\/types\/page"}],"author":[{"embeddable":true,"href":"https:\/\/www.ronzonisrl.it\/es\/wp-json\/wp\/v2\/users\/1"}],"replies":[{"embeddable":true,"href":"https:\/\/www.ronzonisrl.it\/es\/wp-json\/wp\/v2\/comments?post=151"}],"version-history":[{"count":22,"href":"https:\/\/www.ronzonisrl.it\/es\/wp-json\/wp\/v2\/pages\/151\/revisions"}],"predecessor-version":[{"id":1671,"href":"https:\/\/www.ronzonisrl.it\/es\/wp-json\/wp\/v2\/pages\/151\/revisions\/1671"}],"up":[{"embeddable":true,"href":"https:\/\/www.ronzonisrl.it\/es\/wp-json\/wp\/v2\/pages\/93"}],"wp:featuredmedia":[{"embeddable":true,"href":"https:\/\/www.ronzonisrl.it\/es\/wp-json\/wp\/v2\/media\/1407"}],"wp:attachment":[{"href":"https:\/\/www.ronzonisrl.it\/es\/wp-json\/wp\/v2\/media?parent=151"}],"curies":[{"name":"wp","href":"https:\/\/api.w.org\/{rel}","templated":true}]}}