{"id":155,"date":"2014-03-31T15:05:42","date_gmt":"2014-03-31T15:05:42","guid":{"rendered":"http:\/\/www.ronzonisrl.it\/?page_id=155"},"modified":"2018-01-17T14:34:09","modified_gmt":"2018-01-17T14:34:09","slug":"frese-speciali","status":"publish","type":"page","link":"https:\/\/www.ronzonisrl.it\/es\/utensili-speciali-a-disegno\/frese-speciali\/","title":{"rendered":"Fresas"},"content":{"rendered":"<p><\/p>\n<div title=\"Page 6\">\n<div>\n<div>\n<div>\n<p><a href=\"http:\/\/www.ronzonisrl.it\/wp-content\/uploads\/2014\/03\/frese_spec.jpg\" rel=\"ndlightbox[155]\"><img loading=\"lazy\" decoding=\"async\" class=\"alignleft size-large wp-image-710\" title=\"Frese speciali\" src=\"http:\/\/www.ronzonisrl.it\/wp-content\/uploads\/2014\/03\/frese_spec-700x485.jpg\" alt=\"Frese speciali\" width=\"425\" height=\"282\" \/><\/a><\/p>\n<p>Las fresas especiales son usadas principalmente en centros de trabajo y m\u00e1quinas a control num\u00e9rico en donde se realizan fresados de perfiles.<br \/>\nFabricamos fresas especiales con diferentes tipos de conecciones seg\u00fan el n\u00famero de cortantes necesarios, seg\u00fan el metarial que se tiene que trabajar y seg\u00fan la dimensi\u00f3n de la fresa. Fabricamos fresas en HSS, de metal duro integral y soldadas, tambi\u00e9n fabricamos fresas para m\u00e1quinas EUBAMA. Para aumentar el rendimiento, podemos proveer las fresas con el recubrimiento adapto para el tipo de matarial que se tenga que trabajar.<\/p>\n<\/div>\n<\/div>\n<\/div>\n<\/div>\n<p><\/p>","protected":false},"excerpt":{"rendered":"<p>Las fresas especiales son usadas principalmente en centros de trabajo y m\u00e1quinas a control num\u00e9rico en donde se realizan fresados de perfiles. Fabricamos fresas especiales con diferentes tipos de conecciones seg\u00fan el n\u00famero de cortantes necesarios, seg\u00fan el metarial que se tiene que trabajar y seg\u00fan la dimensi\u00f3n de la fresa. Fabricamos fresas en HSS, [&hellip;]<\/p>\n","protected":false},"author":1,"featured_media":1404,"parent":93,"menu_order":10,"comment_status":"open","ping_status":"closed","template":"template_singol_utesile_spec.php","meta":{"footnotes":""},"class_list":["post-155","page","type-page","status-publish","has-post-thumbnail","hentry"],"_links":{"self":[{"href":"https:\/\/www.ronzonisrl.it\/es\/wp-json\/wp\/v2\/pages\/155","targetHints":{"allow":["GET"]}}],"collection":[{"href":"https:\/\/www.ronzonisrl.it\/es\/wp-json\/wp\/v2\/pages"}],"about":[{"href":"https:\/\/www.ronzonisrl.it\/es\/wp-json\/wp\/v2\/types\/page"}],"author":[{"embeddable":true,"href":"https:\/\/www.ronzonisrl.it\/es\/wp-json\/wp\/v2\/users\/1"}],"replies":[{"embeddable":true,"href":"https:\/\/www.ronzonisrl.it\/es\/wp-json\/wp\/v2\/comments?post=155"}],"version-history":[{"count":21,"href":"https:\/\/www.ronzonisrl.it\/es\/wp-json\/wp\/v2\/pages\/155\/revisions"}],"predecessor-version":[{"id":1673,"href":"https:\/\/www.ronzonisrl.it\/es\/wp-json\/wp\/v2\/pages\/155\/revisions\/1673"}],"up":[{"embeddable":true,"href":"https:\/\/www.ronzonisrl.it\/es\/wp-json\/wp\/v2\/pages\/93"}],"wp:featuredmedia":[{"embeddable":true,"href":"https:\/\/www.ronzonisrl.it\/es\/wp-json\/wp\/v2\/media\/1404"}],"wp:attachment":[{"href":"https:\/\/www.ronzonisrl.it\/es\/wp-json\/wp\/v2\/media?parent=155"}],"curies":[{"name":"wp","href":"https:\/\/api.w.org\/{rel}","templated":true}]}}