{"id":163,"date":"2014-03-31T15:14:31","date_gmt":"2014-03-31T15:14:31","guid":{"rendered":"http:\/\/www.ronzonisrl.it\/?page_id=163"},"modified":"2018-01-17T15:00:19","modified_gmt":"2018-01-17T15:00:19","slug":"dischi-per-torniture-poligonali","status":"publish","type":"page","link":"https:\/\/www.ronzonisrl.it\/es\/utensili-speciali-a-disegno\/dischi-per-torniture-poligonali\/","title":{"rendered":"Poligonal"},"content":{"rendered":"<p><\/p>\n<div title=\"Page 8\">\n<div>\n<div>\n<div>\n<p><a href=\"http:\/\/www.ronzonisrl.it\/wp-content\/uploads\/2014\/03\/dischi_per_poligonali.jpg\" rel=\"ndlightbox[163]\"><img loading=\"lazy\" decoding=\"async\" class=\"alignleft size-large wp-image-708\" title=\"Dischi per torniture poligonali\" src=\"http:\/\/www.ronzonisrl.it\/wp-content\/uploads\/2014\/03\/dischi_per_poligonali-700x485.jpg\" alt=\"Dischi per torniture poligonali\" width=\"425\" height=\"282\" \/><\/a><\/p>\n<p>Los discos para tornos poligonal son costruidos en acero con plaquitas intercambiables de metal duro o simplemente soldadas, son usados en donde se requiere un torneado poligonal en las piezas en elaboraci\u00f3n. Los proyectamos seg\u00fan el n\u00famero de caras que se tengan que realizar sobre el art\u00edculo. Fabricamos tambi\u00e9n herramientas poligonal para cortes esf\u00e9ricos.<\/p>\n<\/div>\n<\/div>\n<\/div>\n<\/div>\n<p><\/p>","protected":false},"excerpt":{"rendered":"<p>Los discos para tornos poligonal son costruidos en acero con plaquitas intercambiables de metal duro o simplemente soldadas, son usados en donde se requiere un torneado poligonal en las piezas en elaboraci\u00f3n. Los proyectamos seg\u00fan el n\u00famero de caras que se tengan que realizar sobre el art\u00edculo. Fabricamos tambi\u00e9n herramientas poligonal para cortes esf\u00e9ricos.<\/p>\n","protected":false},"author":1,"featured_media":1402,"parent":93,"menu_order":14,"comment_status":"open","ping_status":"closed","template":"template_singol_utesile_spec.php","meta":{"footnotes":""},"class_list":["post-163","page","type-page","status-publish","has-post-thumbnail","hentry"],"_links":{"self":[{"href":"https:\/\/www.ronzonisrl.it\/es\/wp-json\/wp\/v2\/pages\/163","targetHints":{"allow":["GET"]}}],"collection":[{"href":"https:\/\/www.ronzonisrl.it\/es\/wp-json\/wp\/v2\/pages"}],"about":[{"href":"https:\/\/www.ronzonisrl.it\/es\/wp-json\/wp\/v2\/types\/page"}],"author":[{"embeddable":true,"href":"https:\/\/www.ronzonisrl.it\/es\/wp-json\/wp\/v2\/users\/1"}],"replies":[{"embeddable":true,"href":"https:\/\/www.ronzonisrl.it\/es\/wp-json\/wp\/v2\/comments?post=163"}],"version-history":[{"count":19,"href":"https:\/\/www.ronzonisrl.it\/es\/wp-json\/wp\/v2\/pages\/163\/revisions"}],"predecessor-version":[{"id":1677,"href":"https:\/\/www.ronzonisrl.it\/es\/wp-json\/wp\/v2\/pages\/163\/revisions\/1677"}],"up":[{"embeddable":true,"href":"https:\/\/www.ronzonisrl.it\/es\/wp-json\/wp\/v2\/pages\/93"}],"wp:featuredmedia":[{"embeddable":true,"href":"https:\/\/www.ronzonisrl.it\/es\/wp-json\/wp\/v2\/media\/1402"}],"wp:attachment":[{"href":"https:\/\/www.ronzonisrl.it\/es\/wp-json\/wp\/v2\/media?parent=163"}],"curies":[{"name":"wp","href":"https:\/\/api.w.org\/{rel}","templated":true}]}}