{"id":172,"date":"2014-03-31T15:22:33","date_gmt":"2014-03-31T15:22:33","guid":{"rendered":"http:\/\/www.ronzonisrl.it\/?page_id=172"},"modified":"2018-01-17T15:03:53","modified_gmt":"2018-01-17T15:03:53","slug":"alesatori-speciali","status":"publish","type":"page","link":"https:\/\/www.ronzonisrl.it\/es\/utensili-speciali-a-disegno\/alesatori-speciali\/","title":{"rendered":"Escariado"},"content":{"rendered":"<p><\/p>\n<div title=\"Page 10\">\n<div>\n<div>\n<div>\n<p><a href=\"http:\/\/www.ronzonisrl.it\/wp-content\/uploads\/2014\/03\/alesatori.jpg\" rel=\"ndlightbox[172]\"><img loading=\"lazy\" decoding=\"async\" class=\"alignleft size-large wp-image-702\" title=\"Alesatori speciali\" src=\"http:\/\/www.ronzonisrl.it\/wp-content\/uploads\/2014\/03\/alesatori-700x485.jpg\" alt=\"Alesatori speciali\" width=\"425\" height=\"282\" \/><\/a><\/p>\n<p>La escariado es una de las elaboraciones m\u00e1s importantes para el acabado de los agujeros.<br \/>\nLos escariados pueden realizar acabados de agujeros ciegos y pasantes, por este motivo, se tiene que fabricar con h\u00e9lices y geometr\u00eda especifica.<\/p>\n<p>Fabricamos escariados especiales en HSS, de metal duro integral y soldados basados en el di\u00e1metro y en el tipo de material que se tenga que trabajar, para aumentar su rendimiento los podemos proveer con el recubrimiento adapto para el tipo de matarial que se tenga que trabajar.<\/p>\n<\/div>\n<\/div>\n<\/div>\n<\/div>\n<p><\/p>","protected":false},"excerpt":{"rendered":"<p>La escariado es una de las elaboraciones m\u00e1s importantes para el acabado de los agujeros. Los escariados pueden realizar acabados de agujeros ciegos y pasantes, por este motivo, se tiene que fabricar con h\u00e9lices y geometr\u00eda especifica. Fabricamos escariados especiales en HSS, de metal duro integral y soldados basados en el di\u00e1metro y en el [&hellip;]<\/p>\n","protected":false},"author":1,"featured_media":1398,"parent":93,"menu_order":18,"comment_status":"open","ping_status":"closed","template":"template_singol_utesile_spec.php","meta":{"footnotes":""},"class_list":["post-172","page","type-page","status-publish","has-post-thumbnail","hentry"],"_links":{"self":[{"href":"https:\/\/www.ronzonisrl.it\/es\/wp-json\/wp\/v2\/pages\/172","targetHints":{"allow":["GET"]}}],"collection":[{"href":"https:\/\/www.ronzonisrl.it\/es\/wp-json\/wp\/v2\/pages"}],"about":[{"href":"https:\/\/www.ronzonisrl.it\/es\/wp-json\/wp\/v2\/types\/page"}],"author":[{"embeddable":true,"href":"https:\/\/www.ronzonisrl.it\/es\/wp-json\/wp\/v2\/users\/1"}],"replies":[{"embeddable":true,"href":"https:\/\/www.ronzonisrl.it\/es\/wp-json\/wp\/v2\/comments?post=172"}],"version-history":[{"count":21,"href":"https:\/\/www.ronzonisrl.it\/es\/wp-json\/wp\/v2\/pages\/172\/revisions"}],"predecessor-version":[{"id":1681,"href":"https:\/\/www.ronzonisrl.it\/es\/wp-json\/wp\/v2\/pages\/172\/revisions\/1681"}],"up":[{"embeddable":true,"href":"https:\/\/www.ronzonisrl.it\/es\/wp-json\/wp\/v2\/pages\/93"}],"wp:featuredmedia":[{"embeddable":true,"href":"https:\/\/www.ronzonisrl.it\/es\/wp-json\/wp\/v2\/media\/1398"}],"wp:attachment":[{"href":"https:\/\/www.ronzonisrl.it\/es\/wp-json\/wp\/v2\/media?parent=172"}],"curies":[{"name":"wp","href":"https:\/\/api.w.org\/{rel}","templated":true}]}}