{"id":178,"date":"2014-03-31T15:29:02","date_gmt":"2014-03-31T15:29:02","guid":{"rendered":"http:\/\/www.ronzonisrl.it\/?page_id=178"},"modified":"2018-01-17T15:05:36","modified_gmt":"2018-01-17T15:05:36","slug":"utensili-per-la-lavorazione-di-cerchi-in-lega","status":"publish","type":"page","link":"https:\/\/www.ronzonisrl.it\/es\/utensili-speciali-a-disegno\/utensili-per-la-lavorazione-di-cerchi-in-lega\/","title":{"rendered":"Herramientas para elaboraci\u00f3n de rines en aleaci\u00f3n ligera"},"content":{"rendered":"<p><\/p>\n<div title=\"Page 12\">\n<div>\n<div>\n<div>\n<p><a href=\"http:\/\/www.ronzonisrl.it\/wp-content\/uploads\/2014\/03\/ut_per_cerchi.jpg\" rel=\"ndlightbox[178]\"><img loading=\"lazy\" decoding=\"async\" class=\"alignleft size-large wp-image-726\" title=\"Utensili per la lavorazione di cerchi in lega\" src=\"http:\/\/www.ronzonisrl.it\/wp-content\/uploads\/2014\/03\/ut_per_cerchi-700x485.jpg\" alt=\"Utensili per la lavorazione di cerchi in lega\" width=\"425\" height=\"282\" \/><\/a>Despu\u00e9s de muchos a\u00f1os de experiencia y de estudio para buscar soluciones innovadoras para el sector de los rines para autos y con la colaboraci\u00f3n con los mejores productores, Ronzoni ha desarrollado, para la elaboraci\u00f3n de rines en aleaci\u00f3n ligera y magnesio, una amplia gama de herramientas especiales de alta calidad con optimo rendimiento.<\/p>\n<p>Gracias al contin\u00fao progreso e investigaciones realizadas en el sector, hemos costruido una broca con plaquitas soldadas con bajo esfuerzo de corte para la elaboraci\u00f3n de los agujeros de fijado.<\/p>\n<p>Fabricamos tambi\u00e9n brocas de metal duro para la elaboraci\u00f3n de los agujeros de las v\u00e1lvulas con extensi\u00f3n y conexiones Wohlhaupter, las fabricamos de diferentes medidas en forma cil\u00edndrica y c\u00f3nica.<\/p>\n<\/div>\n<\/div>\n<\/div>\n<\/div>\n<p><\/p>","protected":false},"excerpt":{"rendered":"<p>Despu\u00e9s de muchos a\u00f1os de experiencia y de estudio para buscar soluciones innovadoras para el sector de los rines para autos y con la colaboraci\u00f3n con los mejores productores, Ronzoni ha desarrollado, para la elaboraci\u00f3n de rines en aleaci\u00f3n ligera y magnesio, una amplia gama de herramientas especiales de alta calidad con optimo rendimiento. Gracias [&hellip;]<\/p>\n","protected":false},"author":1,"featured_media":1412,"parent":93,"menu_order":21,"comment_status":"open","ping_status":"closed","template":"template_singol_utesile_spec.php","meta":{"footnotes":""},"class_list":["post-178","page","type-page","status-publish","has-post-thumbnail","hentry"],"_links":{"self":[{"href":"https:\/\/www.ronzonisrl.it\/es\/wp-json\/wp\/v2\/pages\/178","targetHints":{"allow":["GET"]}}],"collection":[{"href":"https:\/\/www.ronzonisrl.it\/es\/wp-json\/wp\/v2\/pages"}],"about":[{"href":"https:\/\/www.ronzonisrl.it\/es\/wp-json\/wp\/v2\/types\/page"}],"author":[{"embeddable":true,"href":"https:\/\/www.ronzonisrl.it\/es\/wp-json\/wp\/v2\/users\/1"}],"replies":[{"embeddable":true,"href":"https:\/\/www.ronzonisrl.it\/es\/wp-json\/wp\/v2\/comments?post=178"}],"version-history":[{"count":18,"href":"https:\/\/www.ronzonisrl.it\/es\/wp-json\/wp\/v2\/pages\/178\/revisions"}],"predecessor-version":[{"id":1684,"href":"https:\/\/www.ronzonisrl.it\/es\/wp-json\/wp\/v2\/pages\/178\/revisions\/1684"}],"up":[{"embeddable":true,"href":"https:\/\/www.ronzonisrl.it\/es\/wp-json\/wp\/v2\/pages\/93"}],"wp:featuredmedia":[{"embeddable":true,"href":"https:\/\/www.ronzonisrl.it\/es\/wp-json\/wp\/v2\/media\/1412"}],"wp:attachment":[{"href":"https:\/\/www.ronzonisrl.it\/es\/wp-json\/wp\/v2\/media?parent=178"}],"curies":[{"name":"wp","href":"https:\/\/api.w.org\/{rel}","templated":true}]}}