{"id":2,"date":"2014-03-10T16:36:12","date_gmt":"2014-03-10T16:36:12","guid":{"rendered":"http:\/\/www.giocasoftware.it\/ronzonisrl\/?page_id=2"},"modified":"2018-01-17T14:05:31","modified_gmt":"2018-01-17T14:05:31","slug":"utensili-speciali-lavorazioni-meccaniche-bergamo","status":"publish","type":"page","link":"https:\/\/www.ronzonisrl.it\/es\/utensili-speciali-lavorazioni-meccaniche-bergamo\/","title":{"rendered":"Herramientas especiales desde el 1989"},"content":{"rendered":"<p><\/p>\n<div><span style=\"color: #0073c4;\"><img loading=\"lazy\" decoding=\"async\" class=\"size-full wp-image-42 aligncenter\" title=\" Utensili per lavorazioni meccaniche\" src=\"http:\/\/www.ronzonisrl.it\/wp-content\/uploads\/2014\/03\/azienda.jpg\" alt=\" Utensili per lavorazioni meccaniche\" width=\"449\" height=\"225\" srcset=\"https:\/\/www.ronzonisrl.it\/wp-content\/uploads\/2014\/03\/azienda.jpg 449w, https:\/\/www.ronzonisrl.it\/wp-content\/uploads\/2014\/03\/azienda-250x125.jpg 250w, https:\/\/www.ronzonisrl.it\/wp-content\/uploads\/2014\/03\/azienda-125x62.jpg 125w, https:\/\/www.ronzonisrl.it\/wp-content\/uploads\/2014\/03\/azienda-220x110.jpg 220w\" sizes=\"auto, (max-width: 449px) 100vw, 449px\" \/><\/span><\/div>\n<p>Nuestra empresa ubicada en Presezzo, en provincia de B\u00e9rgamo, proyecta, fabrica y afila herramientas especiales y est\u00e1ndares para la elaboraci\u00f3n mec\u00e1nica con sistema de evacuaci\u00f3n de viruta, para tornos monohusillo, multihusillos, transfer y centros de trabajo a control num\u00e9rico.<\/p>\n<p>Gracias a la visi\u00f3n empresarial y know-how de los 4 hermanos Ronzoni en el sector metalmec\u00e1nico, desde el 1989 tenemos presencia en el mercado nacional e internacionales.<\/p>\n<p>En todos estos a\u00f1os de presencia en el mercado, Ronzoni srl ha siempre cre\u00eddo en el valor y en la experiencia que cada uno de sus emplados aporta a la empresa, en certificar todos sus procesos ISO9001 y en la constante innovaci\u00f3n tecnolog\u00edca, todo esto nos ha permitido proyectar y fabricar herramientas de alto rendimiento y con la m\u00e1s alta calidad para nuestros clientes.<\/p>\n<h2>Proyectaci\u00f3n de herramientas especiales<\/h2>\n<p>Cada uno de nuestras herramientas especiales nace gracias al Know-how de nuestros t\u00e9cnicos, que despu\u00e9s de haber recibido el dise\u00f1o son en grado de proyectar herramientas especiales adaptas para cada aplicaci\u00f3n.<\/p>\n<p>Trabajamos con sistemas CAD 2D e 3D, podemos ofrecerles una basta variedad de herramientas, desde la m\u00e1s simples hasta las m\u00e1s complejas.<\/p>\n<p>Nuestra oficina t\u00e9cnica en colaboraci\u00f3n contin\u00faa con nuestros oficina comerical tienen el objetivo de asistir a nuestros clientes en sus problemas y en la proyecci\u00f3n de proyectos complejos<\/p>\n<h2>Producci\u00f3n de herramientas especiales y est\u00e1ndares<\/h2>\n<p>Despu\u00e9s de la fase de proyectaci\u00f3n, el dise\u00f1o de la herramienta especial pasa a producci\u00f3n, que gracias a la experiencia de nuestros trabajadores y al maquinario de \u00faltima generaci\u00f3n, producimos la herramienta especial o est\u00e1ndar que su empresa necesita.<\/p>\n<p>Producimos nuestras herramientas especiales en metal duro integral, con plaquitas de metal duro soldadas, herramientas a fijado mec\u00e1nico, en HSS y policristalino.<\/p>\n<p>Todas nuestras herramientas son producidas en m\u00e1quinas a control num\u00e9rico, antes de pasar al control final, cada una de las fases de producci\u00f3n ha sido rigurosamente controlada.<\/p>\n<h2>Controllo de Calidad<\/h2>\n<p>Para garantizar a nuestros clientes un producto de calidad, nuestras herramientas despu\u00e9s de haber superado controles de calidad en cada fase de su producci\u00f3n, tienen que superar un \u00faltimo controlo del 100% que se realiza con sofisticados instrumentos en el departamento de calidad.<\/p>\n<p>Gracias a la forma de trabajo que nos hemos implementado y al empe\u00f1o cotidaino para trabajar siguendo la normativa ISO, nuestros procesos est\u00e1n certificados ISO9001 desde el 1999.<\/p>","protected":false},"excerpt":{"rendered":"<p>Nuestra empresa ubicada en Presezzo, en provincia de B\u00e9rgamo, proyecta, fabrica y afila herramientas especiales y est\u00e1ndares para la elaboraci\u00f3n mec\u00e1nica con sistema de evacuaci\u00f3n de viruta, para tornos monohusillo, multihusillos, transfer y centros de trabajo a control num\u00e9rico. Gracias a la visi\u00f3n empresarial y know-how de los 4 hermanos Ronzoni en el sector metalmec\u00e1nico, [&hellip;]<\/p>\n","protected":false},"author":1,"featured_media":0,"parent":0,"menu_order":0,"comment_status":"open","ping_status":"open","template":"","meta":{"footnotes":""},"class_list":["post-2","page","type-page","status-publish","hentry"],"_links":{"self":[{"href":"https:\/\/www.ronzonisrl.it\/es\/wp-json\/wp\/v2\/pages\/2","targetHints":{"allow":["GET"]}}],"collection":[{"href":"https:\/\/www.ronzonisrl.it\/es\/wp-json\/wp\/v2\/pages"}],"about":[{"href":"https:\/\/www.ronzonisrl.it\/es\/wp-json\/wp\/v2\/types\/page"}],"author":[{"embeddable":true,"href":"https:\/\/www.ronzonisrl.it\/es\/wp-json\/wp\/v2\/users\/1"}],"replies":[{"embeddable":true,"href":"https:\/\/www.ronzonisrl.it\/es\/wp-json\/wp\/v2\/comments?post=2"}],"version-history":[{"count":63,"href":"https:\/\/www.ronzonisrl.it\/es\/wp-json\/wp\/v2\/pages\/2\/revisions"}],"predecessor-version":[{"id":1662,"href":"https:\/\/www.ronzonisrl.it\/es\/wp-json\/wp\/v2\/pages\/2\/revisions\/1662"}],"wp:attachment":[{"href":"https:\/\/www.ronzonisrl.it\/es\/wp-json\/wp\/v2\/media?parent=2"}],"curies":[{"name":"wp","href":"https:\/\/api.w.org\/{rel}","templated":true}]}}