{"id":206,"date":"2014-03-31T15:51:37","date_gmt":"2014-03-31T15:51:37","guid":{"rendered":"http:\/\/www.ronzonisrl.it\/?page_id=206"},"modified":"2018-01-17T15:24:41","modified_gmt":"2018-01-17T15:24:41","slug":"frese-hm","status":"publish","type":"page","link":"https:\/\/www.ronzonisrl.it\/es\/utensili-standard\/frese-hm\/","title":{"rendered":"Fresas HM"},"content":{"rendered":"<p><\/p>\n<div title=\"Page 2\">\n<div>\n<div>\n<div>\n<p><img loading=\"lazy\" decoding=\"async\" width=\"250\" height=\"333\" class=\"alignleft size-medium wp-image-261\" src=\"http:\/\/www.ronzonisrl.it\/wp-content\/uploads\/2014\/03\/FRESE-HM-250x333.jpg\" alt=\"FRESE-HM\" srcset=\"https:\/\/www.ronzonisrl.it\/wp-content\/uploads\/2014\/03\/FRESE-HM-250x333.jpg 250w, https:\/\/www.ronzonisrl.it\/wp-content\/uploads\/2014\/03\/FRESE-HM-125x166.jpg 125w, https:\/\/www.ronzonisrl.it\/wp-content\/uploads\/2014\/03\/FRESE-HM-220x293.jpg 220w, https:\/\/www.ronzonisrl.it\/wp-content\/uploads\/2014\/03\/FRESE-HM.jpg 450w\" sizes=\"auto, (max-width: 250px) 100vw, 250px\" \/>La linea de fresas en metal duro abarca fresas adaptas a la elaboraci\u00f3n de cualquier material seg\u00fan al n\u00famero de cortantes y a la geometr\u00eda del cortante.<\/p>\n<\/div>\n<\/div>\n<\/div>\n<\/div>\n<p><\/p>","protected":false},"excerpt":{"rendered":"<p>La linea de fresas en metal duro abarca fresas adaptas a la elaboraci\u00f3n de cualquier material seg\u00fan al n\u00famero de cortantes y a la geometr\u00eda del cortante.<\/p>\n","protected":false},"author":1,"featured_media":1432,"parent":126,"menu_order":2,"comment_status":"open","ping_status":"closed","template":"template_singol_utesile_standard.php","meta":{"footnotes":""},"class_list":["post-206","page","type-page","status-publish","has-post-thumbnail","hentry"],"_links":{"self":[{"href":"https:\/\/www.ronzonisrl.it\/es\/wp-json\/wp\/v2\/pages\/206","targetHints":{"allow":["GET"]}}],"collection":[{"href":"https:\/\/www.ronzonisrl.it\/es\/wp-json\/wp\/v2\/pages"}],"about":[{"href":"https:\/\/www.ronzonisrl.it\/es\/wp-json\/wp\/v2\/types\/page"}],"author":[{"embeddable":true,"href":"https:\/\/www.ronzonisrl.it\/es\/wp-json\/wp\/v2\/users\/1"}],"replies":[{"embeddable":true,"href":"https:\/\/www.ronzonisrl.it\/es\/wp-json\/wp\/v2\/comments?post=206"}],"version-history":[{"count":17,"href":"https:\/\/www.ronzonisrl.it\/es\/wp-json\/wp\/v2\/pages\/206\/revisions"}],"predecessor-version":[{"id":1688,"href":"https:\/\/www.ronzonisrl.it\/es\/wp-json\/wp\/v2\/pages\/206\/revisions\/1688"}],"up":[{"embeddable":true,"href":"https:\/\/www.ronzonisrl.it\/es\/wp-json\/wp\/v2\/pages\/126"}],"wp:featuredmedia":[{"embeddable":true,"href":"https:\/\/www.ronzonisrl.it\/es\/wp-json\/wp\/v2\/media\/1432"}],"wp:attachment":[{"href":"https:\/\/www.ronzonisrl.it\/es\/wp-json\/wp\/v2\/media?parent=206"}],"curies":[{"name":"wp","href":"https:\/\/api.w.org\/{rel}","templated":true}]}}