{"id":212,"date":"2014-03-31T15:58:06","date_gmt":"2014-03-31T15:58:06","guid":{"rendered":"http:\/\/www.ronzonisrl.it\/?page_id=212"},"modified":"2018-01-17T15:27:27","modified_gmt":"2018-01-17T15:27:27","slug":"frese-rotative","status":"publish","type":"page","link":"https:\/\/www.ronzonisrl.it\/es\/utensili-standard\/frese-rotative\/","title":{"rendered":"Fresas Circulares"},"content":{"rendered":"<p><img loading=\"lazy\" decoding=\"async\" class=\"alignleft size-full wp-image-225\" title=\"Frese rotative\" src=\"http:\/\/www.ronzonisrl.it\/wp-content\/uploads\/2014\/03\/prod_st_frese_rot-1.jpg\" alt=\"Frese rotative\" width=\"238\" height=\"337\" srcset=\"https:\/\/www.ronzonisrl.it\/wp-content\/uploads\/2014\/03\/prod_st_frese_rot-1.jpg 238w, https:\/\/www.ronzonisrl.it\/wp-content\/uploads\/2014\/03\/prod_st_frese_rot-1-125x176.jpg 125w, https:\/\/www.ronzonisrl.it\/wp-content\/uploads\/2014\/03\/prod_st_frese_rot-1-220x311.jpg 220w\" sizes=\"auto, (max-width: 238px) 100vw, 238px\" \/>En Ronzoni srl desde hace a\u00f1os nos dedicamos a dise\u00f1ar y producir herramientas especiales y est\u00e1ndares de alta calidad que satisfagan los requistos de nuestros clientes.<br \/>\nNuestra oferta de herramientas tambi\u00e9n cuenta con fresas circulares.<\/p>","protected":false},"excerpt":{"rendered":"<p>En Ronzoni srl desde hace a\u00f1os nos dedicamos a dise\u00f1ar y producir herramientas especiales y est\u00e1ndares de alta calidad que satisfagan los requistos de nuestros clientes. Nuestra oferta de herramientas tambi\u00e9n cuenta con fresas circulares.<\/p>\n","protected":false},"author":1,"featured_media":1423,"parent":126,"menu_order":3,"comment_status":"open","ping_status":"closed","template":"template_singol_utesile_standard.php","meta":{"footnotes":""},"class_list":["post-212","page","type-page","status-publish","has-post-thumbnail","hentry"],"_links":{"self":[{"href":"https:\/\/www.ronzonisrl.it\/es\/wp-json\/wp\/v2\/pages\/212","targetHints":{"allow":["GET"]}}],"collection":[{"href":"https:\/\/www.ronzonisrl.it\/es\/wp-json\/wp\/v2\/pages"}],"about":[{"href":"https:\/\/www.ronzonisrl.it\/es\/wp-json\/wp\/v2\/types\/page"}],"author":[{"embeddable":true,"href":"https:\/\/www.ronzonisrl.it\/es\/wp-json\/wp\/v2\/users\/1"}],"replies":[{"embeddable":true,"href":"https:\/\/www.ronzonisrl.it\/es\/wp-json\/wp\/v2\/comments?post=212"}],"version-history":[{"count":24,"href":"https:\/\/www.ronzonisrl.it\/es\/wp-json\/wp\/v2\/pages\/212\/revisions"}],"predecessor-version":[{"id":1691,"href":"https:\/\/www.ronzonisrl.it\/es\/wp-json\/wp\/v2\/pages\/212\/revisions\/1691"}],"up":[{"embeddable":true,"href":"https:\/\/www.ronzonisrl.it\/es\/wp-json\/wp\/v2\/pages\/126"}],"wp:featuredmedia":[{"embeddable":true,"href":"https:\/\/www.ronzonisrl.it\/es\/wp-json\/wp\/v2\/media\/1423"}],"wp:attachment":[{"href":"https:\/\/www.ronzonisrl.it\/es\/wp-json\/wp\/v2\/media?parent=212"}],"curies":[{"name":"wp","href":"https:\/\/api.w.org\/{rel}","templated":true}]}}