{"id":326,"date":"2014-05-07T14:11:56","date_gmt":"2014-05-07T14:11:56","guid":{"rendered":"http:\/\/www.ronzonisrl.it\/?page_id=326"},"modified":"2018-01-17T15:30:23","modified_gmt":"2018-01-17T15:30:23","slug":"applicazioni","status":"publish","type":"page","link":"https:\/\/www.ronzonisrl.it\/es\/applicazioni\/","title":{"rendered":"Soluciones para la industria"},"content":{"rendered":"<p><\/p>\n<p dir=\"ltr\">Proyectamos y fabricamos herramientas especiales con pasi\u00f3n, encontrar las mejores soluciones para nuestros clientes del sector metalmec\u00e1nico es nuestro trabajo, entregar herramientas especiales de presici\u00f3n, de alto rendimiento y de calidad con la m\u00e1xima rapidez es nuestra cualidad.<\/p>\n<p dir=\"ltr\">Nuestros productos est\u00e1n presentes en la industria automotriz, oleodin\u00e1mico, aeron\u00e1utico, de peque\u00f1as piezas y accesorios. Nuestras herramientas se emplean principalmente en tornos monohusillos, multihusillos, transfer y centros de trabajo a control num\u00e9rico.<\/p>\n<p dir=\"ltr\">Para cada aplicaci\u00f3n encontramos la mejor soluci\u00f3n, con esta visi\u00f3n, la proyectaci\u00f3n de cada una de nuestras herramientas especiales est\u00e1 basada en el tipo de material con el que va a trabajar, con las tolerancia dimensionales que se tienen que respetar y para el tipo de maquina en la cual se va a emplear.<\/p>\n<p><\/p>","protected":false},"excerpt":{"rendered":"<p>Proyectamos y fabricamos herramientas especiales con pasi\u00f3n, encontrar las mejores soluciones para nuestros clientes del sector metalmec\u00e1nico es nuestro trabajo, entregar herramientas especiales de presici\u00f3n, de alto rendimiento y de calidad con la m\u00e1xima rapidez es nuestra cualidad. Nuestros productos est\u00e1n presentes en la industria automotriz, oleodin\u00e1mico, aeron\u00e1utico, de peque\u00f1as piezas y accesorios. Nuestras herramientas [&hellip;]<\/p>\n","protected":false},"author":1,"featured_media":0,"parent":0,"menu_order":0,"comment_status":"open","ping_status":"open","template":"template_applicazioni.php","meta":{"footnotes":""},"class_list":["post-326","page","type-page","status-publish","hentry"],"_links":{"self":[{"href":"https:\/\/www.ronzonisrl.it\/es\/wp-json\/wp\/v2\/pages\/326","targetHints":{"allow":["GET"]}}],"collection":[{"href":"https:\/\/www.ronzonisrl.it\/es\/wp-json\/wp\/v2\/pages"}],"about":[{"href":"https:\/\/www.ronzonisrl.it\/es\/wp-json\/wp\/v2\/types\/page"}],"author":[{"embeddable":true,"href":"https:\/\/www.ronzonisrl.it\/es\/wp-json\/wp\/v2\/users\/1"}],"replies":[{"embeddable":true,"href":"https:\/\/www.ronzonisrl.it\/es\/wp-json\/wp\/v2\/comments?post=326"}],"version-history":[{"count":37,"href":"https:\/\/www.ronzonisrl.it\/es\/wp-json\/wp\/v2\/pages\/326\/revisions"}],"predecessor-version":[{"id":1692,"href":"https:\/\/www.ronzonisrl.it\/es\/wp-json\/wp\/v2\/pages\/326\/revisions\/1692"}],"wp:attachment":[{"href":"https:\/\/www.ronzonisrl.it\/es\/wp-json\/wp\/v2\/media?parent=326"}],"curies":[{"name":"wp","href":"https:\/\/api.w.org\/{rel}","templated":true}]}}