{"id":359,"date":"2014-05-08T14:53:34","date_gmt":"2014-05-08T14:53:34","guid":{"rendered":"http:\/\/www.ronzonisrl.it\/?page_id=359"},"modified":"2018-01-17T15:34:08","modified_gmt":"2018-01-17T15:34:08","slug":"utensili-per-torni-monomandrino","status":"publish","type":"page","link":"https:\/\/www.ronzonisrl.it\/es\/applicazioni\/utensili-per-torni-monomandrino\/","title":{"rendered":"Herramientas para tornos monohusillo"},"content":{"rendered":"<p><\/p>\n<p dir=\"ltr\" style=\"text-align: justify;\">Con tornos monohusillos se producen piezas a grande serie, por esta raz\u00f3n, el tiempo de producci\u00f3n tiene que ser el m\u00e1s breve posible, \u00e9ste es el factor que hacen que nuestras herramientas especiales con perfil sean de fundamental importancia.<\/p>\n<p>En estos tornos toda nuestra gama de herramientas especiales es empleada:<\/p>\n<p>&#8211; Para elaboraciones de moldura externa producimos: barras molduradas en metal duro soldadas, en HSS o con insertos intercambiables a fijado mec\u00e1nica, prism\u00e1ticos, prism\u00e1ticos planas, herramientas circulares, desbarbadores, rodillos, brocha, poligonal a fijado mec\u00e1nico o soldadas y fresas a rosca est\u00e1ndar o especiales.<\/p>\n<p>&#8211; Para elaboraciones internas producimos: herramientas para internos en HSS, herramientas soldadas o en metal duro integral, barreno especial, brocas con punta a h\u00e9lice especiales, brocas a ca\u00f1on y a lanza, escariado especiales, escariadores, brocas huecas y brochas especiales.<\/p>\n<p>Cada herramienta especial est\u00e1 proyectada y producida seg\u00fan el material que se tenga que elaborar, para aumentar su rendimiento las podemos proveer con el recubrimiento adapto para el tipo de matarial que se tenga que trabajar.<\/p>\n<p>&nbsp;<\/p>","protected":false},"excerpt":{"rendered":"<p>Con tornos monohusillos se producen piezas a grande serie, por esta raz\u00f3n, el tiempo de producci\u00f3n tiene que ser el m\u00e1s breve posible, \u00e9ste es el factor que hacen que nuestras herramientas especiales con perfil sean de fundamental importancia. En estos tornos toda nuestra gama de herramientas especiales es empleada: &#8211; Para elaboraciones de moldura [&hellip;]<\/p>\n","protected":false},"author":1,"featured_media":0,"parent":326,"menu_order":0,"comment_status":"open","ping_status":"closed","template":"template_singol_applicazione.php","meta":{"footnotes":""},"class_list":["post-359","page","type-page","status-publish","hentry"],"_links":{"self":[{"href":"https:\/\/www.ronzonisrl.it\/es\/wp-json\/wp\/v2\/pages\/359","targetHints":{"allow":["GET"]}}],"collection":[{"href":"https:\/\/www.ronzonisrl.it\/es\/wp-json\/wp\/v2\/pages"}],"about":[{"href":"https:\/\/www.ronzonisrl.it\/es\/wp-json\/wp\/v2\/types\/page"}],"author":[{"embeddable":true,"href":"https:\/\/www.ronzonisrl.it\/es\/wp-json\/wp\/v2\/users\/1"}],"replies":[{"embeddable":true,"href":"https:\/\/www.ronzonisrl.it\/es\/wp-json\/wp\/v2\/comments?post=359"}],"version-history":[{"count":30,"href":"https:\/\/www.ronzonisrl.it\/es\/wp-json\/wp\/v2\/pages\/359\/revisions"}],"predecessor-version":[{"id":1693,"href":"https:\/\/www.ronzonisrl.it\/es\/wp-json\/wp\/v2\/pages\/359\/revisions\/1693"}],"up":[{"embeddable":true,"href":"https:\/\/www.ronzonisrl.it\/es\/wp-json\/wp\/v2\/pages\/326"}],"wp:attachment":[{"href":"https:\/\/www.ronzonisrl.it\/es\/wp-json\/wp\/v2\/media?parent=359"}],"curies":[{"name":"wp","href":"https:\/\/api.w.org\/{rel}","templated":true}]}}