{"id":364,"date":"2014-05-08T15:06:21","date_gmt":"2014-05-08T15:06:21","guid":{"rendered":"http:\/\/www.ronzonisrl.it\/?page_id=364"},"modified":"2018-01-17T15:36:29","modified_gmt":"2018-01-17T15:36:29","slug":"utensili-per-transfer","status":"publish","type":"page","link":"https:\/\/www.ronzonisrl.it\/es\/applicazioni\/utensili-per-transfer\/","title":{"rendered":"Herramientas para transfer"},"content":{"rendered":"<p><\/p>\n<p dir=\"ltr\">Con el maquinario <span style=\"color: #041e42;\"><strong>transfer<\/strong><\/span> se elaboran piezas estampadas o en lat\u00f3n, aluminio, acero o en acero inoxidable.<\/p>\n<p>Con el objetivo de contribuir para que nuestros clientes sean m\u00e1s competitivos en el mercado, es de fundamental importancia aumentar el rendimento de nuestras herramientas y as\u00ed contribuir en la reducci\u00f3n de los tiempos de producci\u00f3n, por \u00e9ste motivo, Ronzoni S.r.l puede proyectar y producir para ustedes herramientas especiales personalizadas.<\/p>\n<p>Para esta tipolog\u00eda de m\u00e1quinas <span style=\"color: #041e42;\"><strong>transfer<\/strong><\/span> proyectamos y producimos barras molduradas para perfiles externos, insertos a perfil, brocas a lanza moldeadas en metal duro integral, en HSS o soldadas, brocas con punta a h\u00e9lice especiales con o sin lubrificaci\u00f3n, brocas a ca\u00f1\u00f3n molduradas, escariados a dise\u00f1o, escaricadores de diferentes tipos, herramientas espaciales soldadas, en metal duro o en HSS y herramientas espaciales a fijado mec\u00e1nico.<\/p>\n<p>&nbsp;<\/p>","protected":false},"excerpt":{"rendered":"<p>Con el maquinario transfer se elaboran piezas estampadas o en lat\u00f3n, aluminio, acero o en acero inoxidable. Con el objetivo de contribuir para que nuestros clientes sean m\u00e1s competitivos en el mercado, es de fundamental importancia aumentar el rendimento de nuestras herramientas y as\u00ed contribuir en la reducci\u00f3n de los tiempos de producci\u00f3n, por \u00e9ste [&hellip;]<\/p>\n","protected":false},"author":1,"featured_media":0,"parent":326,"menu_order":3,"comment_status":"open","ping_status":"closed","template":"template_singol_applicazione.php","meta":{"footnotes":""},"class_list":["post-364","page","type-page","status-publish","hentry"],"_links":{"self":[{"href":"https:\/\/www.ronzonisrl.it\/es\/wp-json\/wp\/v2\/pages\/364","targetHints":{"allow":["GET"]}}],"collection":[{"href":"https:\/\/www.ronzonisrl.it\/es\/wp-json\/wp\/v2\/pages"}],"about":[{"href":"https:\/\/www.ronzonisrl.it\/es\/wp-json\/wp\/v2\/types\/page"}],"author":[{"embeddable":true,"href":"https:\/\/www.ronzonisrl.it\/es\/wp-json\/wp\/v2\/users\/1"}],"replies":[{"embeddable":true,"href":"https:\/\/www.ronzonisrl.it\/es\/wp-json\/wp\/v2\/comments?post=364"}],"version-history":[{"count":19,"href":"https:\/\/www.ronzonisrl.it\/es\/wp-json\/wp\/v2\/pages\/364\/revisions"}],"predecessor-version":[{"id":1694,"href":"https:\/\/www.ronzonisrl.it\/es\/wp-json\/wp\/v2\/pages\/364\/revisions\/1694"}],"up":[{"embeddable":true,"href":"https:\/\/www.ronzonisrl.it\/es\/wp-json\/wp\/v2\/pages\/326"}],"wp:attachment":[{"href":"https:\/\/www.ronzonisrl.it\/es\/wp-json\/wp\/v2\/media?parent=364"}],"curies":[{"name":"wp","href":"https:\/\/api.w.org\/{rel}","templated":true}]}}