{"id":367,"date":"2014-05-08T15:12:26","date_gmt":"2014-05-08T15:12:26","guid":{"rendered":"http:\/\/www.ronzonisrl.it\/?page_id=367"},"modified":"2018-01-17T15:38:37","modified_gmt":"2018-01-17T15:38:37","slug":"utensili-per-centri-di-lavoro","status":"publish","type":"page","link":"https:\/\/www.ronzonisrl.it\/es\/applicazioni\/utensili-per-centri-di-lavoro\/","title":{"rendered":"Herramientas para centros de trabajo"},"content":{"rendered":"<p>Desde hace muchos a\u00f1os trabajamos con empresas internacionales del sector automotriz, para los cuales producimos herramientas de alta calidad para la elaboraci\u00f3n de piezas presofusi\u00f3n en aluminio, forjados en hierro o piezas complejas trabajadas en metal.<\/p>\n<p>Gracias a nuestra experiencia en el mercado automotriz, para la elaboraci\u00f3n en centros de trabajo, podemos ofrecerles brocas especiales de alta claidad con o sin lubrificaci\u00f3n, brocas soldadas, fresas especiales con perfil de diferentes tipos en metal duro integral o soldadas, escariados especiales a dise\u00f1o, escaricadores en metal duro integral y soldados, herramientas especiales a fijado mec\u00e1nico y brocas huecas especiales.<\/p>\n<p>Tambi\u00e9n podemos ofrecerles una basta gama de herramientas de alta calidad para la elaboraci\u00f3n de rines en aleaci\u00f3n ligera, desde brocas de agujero de fijado del rin a aquella para hace los agujeros por donde pasa las v\u00e1lvulas del neum\u00e1tico, fresas para trabajar el chafl\u00e1n interno del rin a barras molduradas soldadas para la elaboraci\u00f3n de pruebas de control.<\/p>\n<p>&nbsp;<\/p>","protected":false},"excerpt":{"rendered":"<p>Desde hace muchos a\u00f1os trabajamos con empresas internacionales del sector automotriz, para los cuales producimos herramientas de alta calidad para la elaboraci\u00f3n de piezas presofusi\u00f3n en aluminio, forjados en hierro o piezas complejas trabajadas en metal. Gracias a nuestra experiencia en el mercado automotriz, para la elaboraci\u00f3n en centros de trabajo, podemos ofrecerles brocas especiales [&hellip;]<\/p>\n","protected":false},"author":1,"featured_media":0,"parent":326,"menu_order":2,"comment_status":"open","ping_status":"closed","template":"template_singol_applicazione.php","meta":{"footnotes":""},"class_list":["post-367","page","type-page","status-publish","hentry"],"_links":{"self":[{"href":"https:\/\/www.ronzonisrl.it\/es\/wp-json\/wp\/v2\/pages\/367","targetHints":{"allow":["GET"]}}],"collection":[{"href":"https:\/\/www.ronzonisrl.it\/es\/wp-json\/wp\/v2\/pages"}],"about":[{"href":"https:\/\/www.ronzonisrl.it\/es\/wp-json\/wp\/v2\/types\/page"}],"author":[{"embeddable":true,"href":"https:\/\/www.ronzonisrl.it\/es\/wp-json\/wp\/v2\/users\/1"}],"replies":[{"embeddable":true,"href":"https:\/\/www.ronzonisrl.it\/es\/wp-json\/wp\/v2\/comments?post=367"}],"version-history":[{"count":22,"href":"https:\/\/www.ronzonisrl.it\/es\/wp-json\/wp\/v2\/pages\/367\/revisions"}],"predecessor-version":[{"id":1695,"href":"https:\/\/www.ronzonisrl.it\/es\/wp-json\/wp\/v2\/pages\/367\/revisions\/1695"}],"up":[{"embeddable":true,"href":"https:\/\/www.ronzonisrl.it\/es\/wp-json\/wp\/v2\/pages\/326"}],"wp:attachment":[{"href":"https:\/\/www.ronzonisrl.it\/es\/wp-json\/wp\/v2\/media?parent=367"}],"curies":[{"name":"wp","href":"https:\/\/api.w.org\/{rel}","templated":true}]}}