{"id":93,"date":"2014-03-31T13:34:26","date_gmt":"2014-03-31T13:34:26","guid":{"rendered":"http:\/\/www.ronzonisrl.it\/?page_id=93"},"modified":"2025-11-20T11:15:59","modified_gmt":"2025-11-20T11:15:59","slug":"utensili-speciali-a-disegno","status":"publish","type":"page","link":"https:\/\/www.ronzonisrl.it\/es\/utensili-speciali-a-disegno\/","title":{"rendered":"Herramientas especiales: Proyectaci\u00f3n y producci\u00f3n"},"content":{"rendered":"<p><\/p>\n<div title=\"Page 1\">\n<p style=\"text-align: justify;\">Ronzoni srl con socio unico es l\u00edder en el campo de las <span style=\"color: #041e42;\"><strong>herramientas especiales a dise\u00f1o<\/strong><\/span>, as\u00ed como en el campo de las herramientas est\u00e1ndadres.<\/p>\n<p style=\"text-align: justify;\">Nuestras propuestas miran a realizar la herramienta en el m\u00e1s breve tiempo posible con la m\u00e1xima presici\u00f3n. Todos nuestros porveedores han sido previamente validados por nuestro sistema de calidad, usamos s\u00f3lo materiales y recubrimiento de calidad, resistentes al uso intenso y prolongado de la herramienta.<\/p>\n<p style=\"text-align: justify;\">\n<\/div>\n<p><\/p>\n<div title=\"Page 1\">\n<p style=\"text-align: justify;\">Ronzoni srl es l\u00edder en el campo de las <span style=\"color: #041e42;\"><strong>herramientas especiales a dise\u00f1o<\/strong><\/span>, as\u00ed como en el campo de las herramientas est\u00e1ndadres.<\/p>\n<p style=\"text-align: justify;\">Nuestras propuestas miran a realizar la herramienta en el m\u00e1s breve tiempo posible con la m\u00e1xima presici\u00f3n. Todos nuestros porveedores han sido previamente validados por nuestro sistema de calidad, usamos s\u00f3lo materiales y recubrimiento de calidad, resistentes al uso intenso y prolongado de la herramienta.<\/p>\n<p style=\"text-align: justify;\">\n<\/div>\n<p><\/p>","protected":false},"excerpt":{"rendered":"<p>Ronzoni srl con socio unico es l\u00edder en el campo de las herramientas especiales a dise\u00f1o, as\u00ed como en el campo de las herramientas est\u00e1ndadres. Nuestras propuestas miran a realizar la herramienta en el m\u00e1s breve tiempo posible con la m\u00e1xima presici\u00f3n. Todos nuestros porveedores han sido previamente validados por nuestro sistema de calidad, usamos [&hellip;]<\/p>\n","protected":false},"author":1,"featured_media":0,"parent":0,"menu_order":0,"comment_status":"open","ping_status":"closed","template":"template-utrnsili-speciali.php","meta":{"footnotes":""},"class_list":["post-93","page","type-page","status-publish","hentry"],"_links":{"self":[{"href":"https:\/\/www.ronzonisrl.it\/es\/wp-json\/wp\/v2\/pages\/93","targetHints":{"allow":["GET"]}}],"collection":[{"href":"https:\/\/www.ronzonisrl.it\/es\/wp-json\/wp\/v2\/pages"}],"about":[{"href":"https:\/\/www.ronzonisrl.it\/es\/wp-json\/wp\/v2\/types\/page"}],"author":[{"embeddable":true,"href":"https:\/\/www.ronzonisrl.it\/es\/wp-json\/wp\/v2\/users\/1"}],"replies":[{"embeddable":true,"href":"https:\/\/www.ronzonisrl.it\/es\/wp-json\/wp\/v2\/comments?post=93"}],"version-history":[{"count":31,"href":"https:\/\/www.ronzonisrl.it\/es\/wp-json\/wp\/v2\/pages\/93\/revisions"}],"predecessor-version":[{"id":43879,"href":"https:\/\/www.ronzonisrl.it\/es\/wp-json\/wp\/v2\/pages\/93\/revisions\/43879"}],"wp:attachment":[{"href":"https:\/\/www.ronzonisrl.it\/es\/wp-json\/wp\/v2\/media?parent=93"}],"curies":[{"name":"wp","href":"https:\/\/api.w.org\/{rel}","templated":true}]}}