{"id":136,"date":"2014-03-31T14:35:23","date_gmt":"2014-03-31T14:35:23","guid":{"rendered":"http:\/\/www.ronzonisrl.it\/?page_id=136"},"modified":"2018-01-17T14:21:52","modified_gmt":"2018-01-17T14:21:52","slug":"utensili-speciali-a-barretta","status":"publish","type":"page","link":"https:\/\/www.ronzonisrl.it\/pl\/utensili-speciali-a-disegno\/utensili-speciali-a-barretta\/","title":{"rendered":"Specjalistyczne no\u017ce tokarskie"},"content":{"rendered":"<p><\/p>\n<div title=\"Page 2\">\n<p><a href=\"http:\/\/www.ronzonisrl.it\/wp-content\/uploads\/2014\/03\/ut_spec_barretta.jpg\" rel=\"ndlightbox[136]\"><img loading=\"lazy\" decoding=\"async\" class=\"alignleft size-large wp-image-734\" title=\"Utensili speciali a barretta\" src=\"http:\/\/www.ronzonisrl.it\/wp-content\/uploads\/2014\/03\/ut_spec_barretta-700x485.jpg\" alt=\"Utensili speciali a barretta\" width=\"425\" height=\"282\" \/><\/a>No\u017ce tokarskie produkowane przez Ronzoni Srl z Presezzo (Bergamo) wykorzystuje si\u0119 najcz\u0119\u015bciej do obr\u00f3bki toczenia lub pog\u0142\u0119biania na tokarkach jedno- i wielowrzecionowych. Wykorzystuj\u0105c tego rodzaju narz\u0119dzie specjalistyczne, kszta\u0142t obrabianego elementu wytwarzany jest przy pierwszym uderzeniu, przez co skraca si\u0119 czas produkcji. Wykonujemy no\u017ce tokarskie wykonane ca\u0142o\u015bciowo z HSS, w\u0119glika spiekanego lub lutowane z twardej p\u0142ytki metalowej. Nasze no\u017ce tokarskie dostarczane s\u0105 o r\u00f3\u017cnych pow\u0142okach pokrycia, odpowiednie dla ka\u017cdego materia\u0142u obrabianego.<\/p>\n<\/div>\n<p><\/p>","protected":false},"excerpt":{"rendered":"<p>No\u017ce tokarskie produkowane przez Ronzoni Srl z Presezzo (Bergamo) wykorzystuje si\u0119 najcz\u0119\u015bciej do obr\u00f3bki toczenia lub pog\u0142\u0119biania na tokarkach jedno- i wielowrzecionowych. Wykorzystuj\u0105c tego rodzaju narz\u0119dzie specjalistyczne, kszta\u0142t obrabianego elementu wytwarzany jest przy pierwszym uderzeniu, przez co skraca si\u0119 czas produkcji. Wykonujemy no\u017ce tokarskie wykonane ca\u0142o\u015bciowo z HSS, w\u0119glika spiekanego lub lutowane z twardej p\u0142ytki [&hellip;]<\/p>\n","protected":false},"author":1,"featured_media":1417,"parent":93,"menu_order":0,"comment_status":"open","ping_status":"closed","template":"template_singol_utesile_spec.php","meta":{"footnotes":""},"class_list":["post-136","page","type-page","status-publish","has-post-thumbnail","hentry"],"_links":{"self":[{"href":"https:\/\/www.ronzonisrl.it\/pl\/wp-json\/wp\/v2\/pages\/136","targetHints":{"allow":["GET"]}}],"collection":[{"href":"https:\/\/www.ronzonisrl.it\/pl\/wp-json\/wp\/v2\/pages"}],"about":[{"href":"https:\/\/www.ronzonisrl.it\/pl\/wp-json\/wp\/v2\/types\/page"}],"author":[{"embeddable":true,"href":"https:\/\/www.ronzonisrl.it\/pl\/wp-json\/wp\/v2\/users\/1"}],"replies":[{"embeddable":true,"href":"https:\/\/www.ronzonisrl.it\/pl\/wp-json\/wp\/v2\/comments?post=136"}],"version-history":[{"count":23,"href":"https:\/\/www.ronzonisrl.it\/pl\/wp-json\/wp\/v2\/pages\/136\/revisions"}],"predecessor-version":[{"id":1664,"href":"https:\/\/www.ronzonisrl.it\/pl\/wp-json\/wp\/v2\/pages\/136\/revisions\/1664"}],"up":[{"embeddable":true,"href":"https:\/\/www.ronzonisrl.it\/pl\/wp-json\/wp\/v2\/pages\/93"}],"wp:featuredmedia":[{"embeddable":true,"href":"https:\/\/www.ronzonisrl.it\/pl\/wp-json\/wp\/v2\/media\/1417"}],"wp:attachment":[{"href":"https:\/\/www.ronzonisrl.it\/pl\/wp-json\/wp\/v2\/media?parent=136"}],"curies":[{"name":"wp","href":"https:\/\/api.w.org\/{rel}","templated":true}]}}