{"id":139,"date":"2014-03-31T14:40:15","date_gmt":"2014-03-31T14:40:15","guid":{"rendered":"http:\/\/www.ronzonisrl.it\/?page_id=139"},"modified":"2018-01-17T14:24:10","modified_gmt":"2018-01-17T14:24:10","slug":"utensili-prismatici-a-coda-di-rondine","status":"publish","type":"page","link":"https:\/\/www.ronzonisrl.it\/pl\/utensili-speciali-a-disegno\/utensili-prismatici-a-coda-di-rondine\/","title":{"rendered":"Frezy do wczep\u00f3w jask\u00f3\u0142czych"},"content":{"rendered":"<p><\/p>\n<div title=\"Page 2\">\n<p><a href=\"http:\/\/www.ronzonisrl.it\/wp-content\/uploads\/2014\/03\/prismatici.jpg\" rel=\"ndlightbox[139]\"><img loading=\"lazy\" decoding=\"async\" class=\"alignleft size-large wp-image-728\" title=\"Utensili prismatici a coda di rondine\" src=\"http:\/\/www.ronzonisrl.it\/wp-content\/uploads\/2014\/03\/prismatici-700x485.jpg\" alt=\"Utensili prismatici a coda di rondine\" width=\"425\" height=\"282\" \/><\/a>Nasze frezy do wczep\u00f3w jask\u00f3\u0142czych projektowane i wytwarzane przez Roznoni Srl z Presezzo (Bergamo) wykorzystywane s\u0105 na tokarkach wielowrzecionowych przy obr\u00f3bce wg\u0142\u0119bnej.<br \/>\nKszta\u0142t elementu obrabianego generowany jest po jednokrotnym uderzeniu dzi\u0119ki zastosowaniu frezu do wczep\u00f3w jask\u00f3\u0142czych, kt\u00f3ry skraca czas produkcji.<br \/>\nNasze przedsi\u0119biorstwo produkuje dostosowane do potrzeb naszych klient\u00f3w frezy do wczep\u00f3w jask\u00f3\u0142czych z pe\u0142nego HSS lub lutowane z p\u0142ytki z twardego metalu, z mo\u017cliwo\u015bci\u0105 wyboru pow\u0142oki pokrycia dostosowanej do ka\u017cdego rodzaju materia\u0142u obrabianego.<\/p>\n<\/div>\n<p><\/p>","protected":false},"excerpt":{"rendered":"<p>Nasze frezy do wczep\u00f3w jask\u00f3\u0142czych projektowane i wytwarzane przez Roznoni Srl z Presezzo (Bergamo) wykorzystywane s\u0105 na tokarkach wielowrzecionowych przy obr\u00f3bce wg\u0142\u0119bnej. Kszta\u0142t elementu obrabianego generowany jest po jednokrotnym uderzeniu dzi\u0119ki zastosowaniu frezu do wczep\u00f3w jask\u00f3\u0142czych, kt\u00f3ry skraca czas produkcji. Nasze przedsi\u0119biorstwo produkuje dostosowane do potrzeb naszych klient\u00f3w frezy do wczep\u00f3w jask\u00f3\u0142czych z pe\u0142nego HSS [&hellip;]<\/p>\n","protected":false},"author":1,"featured_media":1414,"parent":93,"menu_order":1,"comment_status":"open","ping_status":"closed","template":"template_singol_utesile_spec.php","meta":{"footnotes":""},"class_list":["post-139","page","type-page","status-publish","has-post-thumbnail","hentry"],"_links":{"self":[{"href":"https:\/\/www.ronzonisrl.it\/pl\/wp-json\/wp\/v2\/pages\/139","targetHints":{"allow":["GET"]}}],"collection":[{"href":"https:\/\/www.ronzonisrl.it\/pl\/wp-json\/wp\/v2\/pages"}],"about":[{"href":"https:\/\/www.ronzonisrl.it\/pl\/wp-json\/wp\/v2\/types\/page"}],"author":[{"embeddable":true,"href":"https:\/\/www.ronzonisrl.it\/pl\/wp-json\/wp\/v2\/users\/1"}],"replies":[{"embeddable":true,"href":"https:\/\/www.ronzonisrl.it\/pl\/wp-json\/wp\/v2\/comments?post=139"}],"version-history":[{"count":16,"href":"https:\/\/www.ronzonisrl.it\/pl\/wp-json\/wp\/v2\/pages\/139\/revisions"}],"predecessor-version":[{"id":1665,"href":"https:\/\/www.ronzonisrl.it\/pl\/wp-json\/wp\/v2\/pages\/139\/revisions\/1665"}],"up":[{"embeddable":true,"href":"https:\/\/www.ronzonisrl.it\/pl\/wp-json\/wp\/v2\/pages\/93"}],"wp:featuredmedia":[{"embeddable":true,"href":"https:\/\/www.ronzonisrl.it\/pl\/wp-json\/wp\/v2\/media\/1414"}],"wp:attachment":[{"href":"https:\/\/www.ronzonisrl.it\/pl\/wp-json\/wp\/v2\/media?parent=139"}],"curies":[{"name":"wp","href":"https:\/\/api.w.org\/{rel}","templated":true}]}}