{"id":141,"date":"2014-03-31T14:42:42","date_gmt":"2014-03-31T14:42:42","guid":{"rendered":"http:\/\/www.ronzonisrl.it\/?page_id=141"},"modified":"2018-01-17T14:25:26","modified_gmt":"2018-01-17T14:25:26","slug":"utensili-prismatici-piatti","status":"publish","type":"page","link":"https:\/\/www.ronzonisrl.it\/pl\/utensili-speciali-a-disegno\/utensili-prismatici-piatti\/","title":{"rendered":"Frezy proste"},"content":{"rendered":"<p><\/p>\n<div title=\"Page 3\">\n<p><em><a href=\"http:\/\/www.ronzonisrl.it\/wp-content\/uploads\/2014\/03\/prismatici_piatti.jpg\" rel=\"ndlightbox[141]\"><img loading=\"lazy\" decoding=\"async\" class=\"alignleft size-large wp-image-730\" title=\"Utensili prismatici piatti\" src=\"http:\/\/www.ronzonisrl.it\/wp-content\/uploads\/2014\/03\/prismatici_piatti-700x485.jpg\" alt=\"Utensili prismatici piatti\" width=\"425\" height=\"282\" \/><\/a><\/em>Ronzoni Srl z siedzib\u0105 w Presezzo (Bergamo) specjalizuje si\u0119 w projektowaniu i wytwarzaniu narz\u0119dzi specjalistycznych, produkuj\u0105c frezy p\u0142askie.<br \/>\nNarz\u0119dzia te wykorzystywane s\u0105 do obr\u00f3bki wg\u0142\u0119bnej na tokarkach wielowrzecionowych i umo\u017cliwiaj\u0105 otrzymanie za pomoc\u0105 jednego pojedynczego ruchu po\u017c\u0105danego kszta\u0142tu elementu obrabianego, przez co czas oraz koszty niezb\u0119dne na wykonanie elementu s\u0105 znacz\u0105co obni\u017cane.<br \/>\nOd wielu lat rozwijamy produkcj\u0119 frez\u00f3w prostych w ca\u0142o\u015bci z HSS lub z twardego metalu z lutowan\u0105 pow\u0142ok\u0105.<br \/>\nNasze frezy proste pokrywane s\u0105 r\u00f3\u017cnymi pow\u0142okami, kt\u00f3re dostosowywane s\u0105 do r\u00f3\u017cnych materia\u0142\u00f3w obrabianych.<\/p>\n<\/div>\n<p><\/p>","protected":false},"excerpt":{"rendered":"<p>Ronzoni Srl z siedzib\u0105 w Presezzo (Bergamo) specjalizuje si\u0119 w projektowaniu i wytwarzaniu narz\u0119dzi specjalistycznych, produkuj\u0105c frezy p\u0142askie. Narz\u0119dzia te wykorzystywane s\u0105 do obr\u00f3bki wg\u0142\u0119bnej na tokarkach wielowrzecionowych i umo\u017cliwiaj\u0105 otrzymanie za pomoc\u0105 jednego pojedynczego ruchu po\u017c\u0105danego kszta\u0142tu elementu obrabianego, przez co czas oraz koszty niezb\u0119dne na wykonanie elementu s\u0105 znacz\u0105co obni\u017cane. Od wielu lat [&hellip;]<\/p>\n","protected":false},"author":1,"featured_media":1415,"parent":93,"menu_order":2,"comment_status":"open","ping_status":"closed","template":"template_singol_utesile_spec.php","meta":{"footnotes":""},"class_list":["post-141","page","type-page","status-publish","has-post-thumbnail","hentry"],"_links":{"self":[{"href":"https:\/\/www.ronzonisrl.it\/pl\/wp-json\/wp\/v2\/pages\/141","targetHints":{"allow":["GET"]}}],"collection":[{"href":"https:\/\/www.ronzonisrl.it\/pl\/wp-json\/wp\/v2\/pages"}],"about":[{"href":"https:\/\/www.ronzonisrl.it\/pl\/wp-json\/wp\/v2\/types\/page"}],"author":[{"embeddable":true,"href":"https:\/\/www.ronzonisrl.it\/pl\/wp-json\/wp\/v2\/users\/1"}],"replies":[{"embeddable":true,"href":"https:\/\/www.ronzonisrl.it\/pl\/wp-json\/wp\/v2\/comments?post=141"}],"version-history":[{"count":17,"href":"https:\/\/www.ronzonisrl.it\/pl\/wp-json\/wp\/v2\/pages\/141\/revisions"}],"predecessor-version":[{"id":1666,"href":"https:\/\/www.ronzonisrl.it\/pl\/wp-json\/wp\/v2\/pages\/141\/revisions\/1666"}],"up":[{"embeddable":true,"href":"https:\/\/www.ronzonisrl.it\/pl\/wp-json\/wp\/v2\/pages\/93"}],"wp:featuredmedia":[{"embeddable":true,"href":"https:\/\/www.ronzonisrl.it\/pl\/wp-json\/wp\/v2\/media\/1415"}],"wp:attachment":[{"href":"https:\/\/www.ronzonisrl.it\/pl\/wp-json\/wp\/v2\/media?parent=141"}],"curies":[{"name":"wp","href":"https:\/\/api.w.org\/{rel}","templated":true}]}}