{"id":143,"date":"2014-03-31T14:44:33","date_gmt":"2014-03-31T14:44:33","guid":{"rendered":"http:\/\/www.ronzonisrl.it\/?page_id=143"},"modified":"2018-01-17T14:27:27","modified_gmt":"2018-01-17T14:27:27","slug":"utensili-circolari","status":"publish","type":"page","link":"https:\/\/www.ronzonisrl.it\/pl\/utensili-speciali-a-disegno\/utensili-circolari\/","title":{"rendered":"Frezy kr\u0105\u017ckowe"},"content":{"rendered":"<p><\/p>\n<div title=\"Page 3\"><a href=\"http:\/\/www.ronzonisrl.it\/wp-content\/uploads\/2014\/03\/utensili_circolari.jpg\" rel=\"ndlightbox[143]\"><img loading=\"lazy\" decoding=\"async\" class=\"alignleft size-large wp-image-700\" title=\" Utensili circolari\" src=\"http:\/\/www.ronzonisrl.it\/wp-content\/uploads\/2014\/03\/utensili_circolari-700x485.jpg\" alt=\" Utensili circolari\" width=\"425\" height=\"282\" \/><\/a><br \/>\nRonzoni Srl z Presezzo (Bergamo) projektuje i wytwarza dla swoich klient\u00f3w frezy kr\u0105\u017ckowe stosowane do obr\u00f3bki wg\u0142\u0119bnej na tokarkach wielowrzecionowych.<br \/>\nNasze frezy kr\u0105\u017ckowe produkowane s\u0105 z czystego HSS.<br \/>\nFrezy kr\u0105\u017ckowe by\u0142y powszechnie stosowane w przesz\u0142o\u015bci, gdy nie wykorzystywano jeszcze w\u0119glika spiekanego oraz przy obr\u00f3bce skrawania o niskiej pr\u0119dko\u015bci.<br \/>\nDo rodziny frez\u00f3w kr\u0105\u017ckowych zalicza si\u0119 r\u00f3wnie\u017c gwintowniki kr\u0105\u017ckowe, kt\u00f3re to wykonywane s\u0105 z p\u0142ytek lutowanych z w\u0119glik\u00f3w spiekanych.<br \/>\nRonzoni Srl dostarcza swoje specjalistyczne frezy kr\u0105\u017ckowe o pow\u0142okach dostosowywanych do ka\u017cdego rodzaju materia\u0142u obrabianego.<\/div>\n<p><\/p>","protected":false},"excerpt":{"rendered":"<p>Ronzoni Srl z Presezzo (Bergamo) projektuje i wytwarza dla swoich klient\u00f3w frezy kr\u0105\u017ckowe stosowane do obr\u00f3bki wg\u0142\u0119bnej na tokarkach wielowrzecionowych. Nasze frezy kr\u0105\u017ckowe produkowane s\u0105 z czystego HSS. Frezy kr\u0105\u017ckowe by\u0142y powszechnie stosowane w przesz\u0142o\u015bci, gdy nie wykorzystywano jeszcze w\u0119glika spiekanego oraz przy obr\u00f3bce skrawania o niskiej pr\u0119dko\u015bci. Do rodziny frez\u00f3w kr\u0105\u017ckowych zalicza si\u0119 r\u00f3wnie\u017c [&hellip;]<\/p>\n","protected":false},"author":1,"featured_media":1397,"parent":93,"menu_order":3,"comment_status":"open","ping_status":"closed","template":"template_singol_utesile_spec.php","meta":{"footnotes":""},"class_list":["post-143","page","type-page","status-publish","has-post-thumbnail","hentry"],"_links":{"self":[{"href":"https:\/\/www.ronzonisrl.it\/pl\/wp-json\/wp\/v2\/pages\/143","targetHints":{"allow":["GET"]}}],"collection":[{"href":"https:\/\/www.ronzonisrl.it\/pl\/wp-json\/wp\/v2\/pages"}],"about":[{"href":"https:\/\/www.ronzonisrl.it\/pl\/wp-json\/wp\/v2\/types\/page"}],"author":[{"embeddable":true,"href":"https:\/\/www.ronzonisrl.it\/pl\/wp-json\/wp\/v2\/users\/1"}],"replies":[{"embeddable":true,"href":"https:\/\/www.ronzonisrl.it\/pl\/wp-json\/wp\/v2\/comments?post=143"}],"version-history":[{"count":21,"href":"https:\/\/www.ronzonisrl.it\/pl\/wp-json\/wp\/v2\/pages\/143\/revisions"}],"predecessor-version":[{"id":1667,"href":"https:\/\/www.ronzonisrl.it\/pl\/wp-json\/wp\/v2\/pages\/143\/revisions\/1667"}],"up":[{"embeddable":true,"href":"https:\/\/www.ronzonisrl.it\/pl\/wp-json\/wp\/v2\/pages\/93"}],"wp:featuredmedia":[{"embeddable":true,"href":"https:\/\/www.ronzonisrl.it\/pl\/wp-json\/wp\/v2\/media\/1397"}],"wp:attachment":[{"href":"https:\/\/www.ronzonisrl.it\/pl\/wp-json\/wp\/v2\/media?parent=143"}],"curies":[{"name":"wp","href":"https:\/\/api.w.org\/{rel}","templated":true}]}}