{"id":145,"date":"2014-03-31T14:47:44","date_gmt":"2014-03-31T14:47:44","guid":{"rendered":"http:\/\/www.ronzonisrl.it\/?page_id=145"},"modified":"2018-01-17T14:28:09","modified_gmt":"2018-01-17T14:28:09","slug":"utensili-per-interni","status":"publish","type":"page","link":"https:\/\/www.ronzonisrl.it\/pl\/utensili-speciali-a-disegno\/utensili-per-interni\/","title":{"rendered":"Pog\u0142\u0119biacze"},"content":{"rendered":"<p><\/p>\n<div title=\"Page 4\">\n<p><a href=\"http:\/\/www.ronzonisrl.it\/wp-content\/uploads\/2014\/03\/ut_per_interni.jpg\" rel=\"ndlightbox[145]\"><img loading=\"lazy\" decoding=\"async\" class=\"alignleft size-large wp-image-724\" title=\"Utensili per interni\" src=\"http:\/\/www.ronzonisrl.it\/wp-content\/uploads\/2014\/03\/ut_per_interni-700x485.jpg\" alt=\"Utensili per interni\" width=\"425\" height=\"282\" \/><\/a>Pog\u0142\u0119biacze z firmy Ronzoni Srl z Presezzo (Bergamo) s\u0105 w szczeg\u00f3lno\u015bci przeznaczone do tokarek jedno- i wielowrzecionowych oraz do obr\u00f3bki na maszynach numerycznych, gdy nie jest mo\u017cliwym uzyskanie kszta\u0142tu stosuj\u0105c narz\u0119dzia standardowe lub potrzebne jest skr\u00f3cenia czasu trwania cyklu produkcji.<br \/>\nRonzoni Srl. produkuje narz\u0119dzia do pog\u0142\u0119biania wykonane z czystego HSS- z w\u0119glik\u00f3w spiekanych lub lutowane z blaszek z w\u0119glika spiekanego.<\/p>\n<p>W celu sprostania potrzebom naszych klient\u00f3w dostarczamy narz\u0119dzia do pog\u0142\u0119biania o pokryciu dostosowanym do ka\u017cdego obrabianego materia\u0142u.<\/p>\n<\/div>\n<p><\/p>","protected":false},"excerpt":{"rendered":"<p>Pog\u0142\u0119biacze z firmy Ronzoni Srl z Presezzo (Bergamo) s\u0105 w szczeg\u00f3lno\u015bci przeznaczone do tokarek jedno- i wielowrzecionowych oraz do obr\u00f3bki na maszynach numerycznych, gdy nie jest mo\u017cliwym uzyskanie kszta\u0142tu stosuj\u0105c narz\u0119dzia standardowe lub potrzebne jest skr\u00f3cenia czasu trwania cyklu produkcji. Ronzoni Srl. produkuje narz\u0119dzia do pog\u0142\u0119biania wykonane z czystego HSS- z w\u0119glik\u00f3w spiekanych lub lutowane [&hellip;]<\/p>\n","protected":false},"author":1,"featured_media":1411,"parent":93,"menu_order":4,"comment_status":"open","ping_status":"closed","template":"template_singol_utesile_spec.php","meta":{"footnotes":""},"class_list":["post-145","page","type-page","status-publish","has-post-thumbnail","hentry"],"_links":{"self":[{"href":"https:\/\/www.ronzonisrl.it\/pl\/wp-json\/wp\/v2\/pages\/145","targetHints":{"allow":["GET"]}}],"collection":[{"href":"https:\/\/www.ronzonisrl.it\/pl\/wp-json\/wp\/v2\/pages"}],"about":[{"href":"https:\/\/www.ronzonisrl.it\/pl\/wp-json\/wp\/v2\/types\/page"}],"author":[{"embeddable":true,"href":"https:\/\/www.ronzonisrl.it\/pl\/wp-json\/wp\/v2\/users\/1"}],"replies":[{"embeddable":true,"href":"https:\/\/www.ronzonisrl.it\/pl\/wp-json\/wp\/v2\/comments?post=145"}],"version-history":[{"count":19,"href":"https:\/\/www.ronzonisrl.it\/pl\/wp-json\/wp\/v2\/pages\/145\/revisions"}],"predecessor-version":[{"id":1668,"href":"https:\/\/www.ronzonisrl.it\/pl\/wp-json\/wp\/v2\/pages\/145\/revisions\/1668"}],"up":[{"embeddable":true,"href":"https:\/\/www.ronzonisrl.it\/pl\/wp-json\/wp\/v2\/pages\/93"}],"wp:featuredmedia":[{"embeddable":true,"href":"https:\/\/www.ronzonisrl.it\/pl\/wp-json\/wp\/v2\/media\/1411"}],"wp:attachment":[{"href":"https:\/\/www.ronzonisrl.it\/pl\/wp-json\/wp\/v2\/media?parent=145"}],"curies":[{"name":"wp","href":"https:\/\/api.w.org\/{rel}","templated":true}]}}