{"id":147,"date":"2014-03-31T14:49:50","date_gmt":"2014-03-31T14:49:50","guid":{"rendered":"http:\/\/www.ronzonisrl.it\/?page_id=147"},"modified":"2018-01-17T14:28:54","modified_gmt":"2018-01-17T14:28:54","slug":"inserti-sagomati","status":"publish","type":"page","link":"https:\/\/www.ronzonisrl.it\/pl\/utensili-speciali-a-disegno\/inserti-sagomati\/","title":{"rendered":"P\u0142ytki kszta\u0142towe"},"content":{"rendered":"<p><\/p>\n<div title=\"Page 4\">\n<p><a href=\"http:\/\/www.ronzonisrl.it\/wp-content\/uploads\/2014\/03\/ins_sagomati.jpg\" rel=\"ndlightbox[147]\"><img loading=\"lazy\" decoding=\"async\" class=\"size-large wp-image-712 alignleft\" title=\"Inserti Sagomati\" src=\"http:\/\/www.ronzonisrl.it\/wp-content\/uploads\/2014\/03\/ins_sagomati-700x485.jpg\" alt=\"Inserti Sagomati\" width=\"425\" height=\"282\" \/><\/a>Poza projektowaniem i wytwarzaniem narz\u0119dzi specjalistycznych i narz\u0119dzi standardowych, firma Ronzoni Srlz Presezzo (Bergamo) zajmuje si\u0119 tak\u017ce profilowaniem wszelkiego rodzaju p\u0142ytek kszta\u0142towych.<br \/>\nP\u0142ytki kszta\u0142towe do obr\u00f3bki mog\u0105 by\u0107 dostarczone bezpo\u015brednio przez nas lub wytwarzane z materia\u0142u powierzonego klienta.<\/p>\n<\/div>\n<p><\/p>","protected":false},"excerpt":{"rendered":"<p>Poza projektowaniem i wytwarzaniem narz\u0119dzi specjalistycznych i narz\u0119dzi standardowych, firma Ronzoni Srlz Presezzo (Bergamo) zajmuje si\u0119 tak\u017ce profilowaniem wszelkiego rodzaju p\u0142ytek kszta\u0142towych. P\u0142ytki kszta\u0142towe do obr\u00f3bki mog\u0105 by\u0107 dostarczone bezpo\u015brednio przez nas lub wytwarzane z materia\u0142u powierzonego klienta.<\/p>\n","protected":false},"author":1,"featured_media":1405,"parent":93,"menu_order":5,"comment_status":"open","ping_status":"closed","template":"template_singol_utesile_spec.php","meta":{"footnotes":""},"class_list":["post-147","page","type-page","status-publish","has-post-thumbnail","hentry"],"_links":{"self":[{"href":"https:\/\/www.ronzonisrl.it\/pl\/wp-json\/wp\/v2\/pages\/147","targetHints":{"allow":["GET"]}}],"collection":[{"href":"https:\/\/www.ronzonisrl.it\/pl\/wp-json\/wp\/v2\/pages"}],"about":[{"href":"https:\/\/www.ronzonisrl.it\/pl\/wp-json\/wp\/v2\/types\/page"}],"author":[{"embeddable":true,"href":"https:\/\/www.ronzonisrl.it\/pl\/wp-json\/wp\/v2\/users\/1"}],"replies":[{"embeddable":true,"href":"https:\/\/www.ronzonisrl.it\/pl\/wp-json\/wp\/v2\/comments?post=147"}],"version-history":[{"count":24,"href":"https:\/\/www.ronzonisrl.it\/pl\/wp-json\/wp\/v2\/pages\/147\/revisions"}],"predecessor-version":[{"id":1669,"href":"https:\/\/www.ronzonisrl.it\/pl\/wp-json\/wp\/v2\/pages\/147\/revisions\/1669"}],"up":[{"embeddable":true,"href":"https:\/\/www.ronzonisrl.it\/pl\/wp-json\/wp\/v2\/pages\/93"}],"wp:featuredmedia":[{"embeddable":true,"href":"https:\/\/www.ronzonisrl.it\/pl\/wp-json\/wp\/v2\/media\/1405"}],"wp:attachment":[{"href":"https:\/\/www.ronzonisrl.it\/pl\/wp-json\/wp\/v2\/media?parent=147"}],"curies":[{"name":"wp","href":"https:\/\/api.w.org\/{rel}","templated":true}]}}