{"id":149,"date":"2014-03-31T14:52:15","date_gmt":"2014-03-31T14:52:15","guid":{"rendered":"http:\/\/www.ronzonisrl.it\/?page_id=149"},"modified":"2018-01-17T14:29:59","modified_gmt":"2018-01-17T14:29:59","slug":"punte-speciali","status":"publish","type":"page","link":"https:\/\/www.ronzonisrl.it\/pl\/utensili-speciali-a-disegno\/punte-speciali\/","title":{"rendered":"Wiert\u0142a specjalistyczne"},"content":{"rendered":"<p><\/p>\n<div title=\"Page 5\">\n<p><a href=\"http:\/\/www.ronzonisrl.it\/wp-content\/uploads\/2014\/03\/punte.jpg\" rel=\"ndlightbox[149]\"><img loading=\"lazy\" decoding=\"async\" class=\"alignleft size-large wp-image-718\" title=\"Punte speciali\" src=\"http:\/\/www.ronzonisrl.it\/wp-content\/uploads\/2014\/03\/punte-700x485.jpg\" alt=\"Punte speciali\" width=\"425\" height=\"282\" \/><\/a>Ronzoni Srl oferuje wybran\u0105 gam\u0119 wierte\u0142 specjalistycznych: wiert\u0142a kszta\u0142towe spiralne wykonane z w\u0119glika spiekanego, HSS lub lutowane o dw\u00f3ch lub trzech kraw\u0119dziach tn\u0105cych.<br \/>\nWiert\u0142a kszta\u0142towe spiralne s\u0105 g\u0142\u00f3wnie wykorzystywane do obr\u00f3bki aluminium, \u017celiwa, stali niestopowej i stopowej.<br \/>\nWiert\u0142a specjalistyczne wykonywane s\u0105 przez Ronzoni Srl mog\u0105 by\u0107 stosowane na dowolnej maszynie, gdy nie ma potrzeby skr\u00f3cenia czasu produkcji.<br \/>\nZdajemy sobie spraw\u0119, \u017ce ka\u017cde geometria kraw\u0119dzi tn\u0105cej ka\u017cdego wiert\u0142a powinna by\u0107 dopasowana do materia\u0142u obrabianego i jego rodzaju.<br \/>\nWiert\u0142a kszta\u0142towe mog\u0105 by\u0107 wykonane z HSS, w\u0119glika spiekanego czy lutowane, z zewn\u0119trznym doprowadzeniem ch\u0142odziwa lub bez niego, wykonane z pow\u0142ok\u0105 odpowiadaj\u0105c\u0105 ka\u017cdemu rodzaju materia\u0142u podlegaj\u0105cego obr\u00f3bce.<\/p>\n<\/div>\n<p><\/p>","protected":false},"excerpt":{"rendered":"<p>Ronzoni Srl oferuje wybran\u0105 gam\u0119 wierte\u0142 specjalistycznych: wiert\u0142a kszta\u0142towe spiralne wykonane z w\u0119glika spiekanego, HSS lub lutowane o dw\u00f3ch lub trzech kraw\u0119dziach tn\u0105cych. Wiert\u0142a kszta\u0142towe spiralne s\u0105 g\u0142\u00f3wnie wykorzystywane do obr\u00f3bki aluminium, \u017celiwa, stali niestopowej i stopowej. Wiert\u0142a specjalistyczne wykonywane s\u0105 przez Ronzoni Srl mog\u0105 by\u0107 stosowane na dowolnej maszynie, gdy nie ma potrzeby skr\u00f3cenia [&hellip;]<\/p>\n","protected":false},"author":1,"featured_media":1408,"parent":93,"menu_order":6,"comment_status":"open","ping_status":"closed","template":"template_singol_utesile_spec.php","meta":{"footnotes":""},"class_list":["post-149","page","type-page","status-publish","has-post-thumbnail","hentry"],"_links":{"self":[{"href":"https:\/\/www.ronzonisrl.it\/pl\/wp-json\/wp\/v2\/pages\/149","targetHints":{"allow":["GET"]}}],"collection":[{"href":"https:\/\/www.ronzonisrl.it\/pl\/wp-json\/wp\/v2\/pages"}],"about":[{"href":"https:\/\/www.ronzonisrl.it\/pl\/wp-json\/wp\/v2\/types\/page"}],"author":[{"embeddable":true,"href":"https:\/\/www.ronzonisrl.it\/pl\/wp-json\/wp\/v2\/users\/1"}],"replies":[{"embeddable":true,"href":"https:\/\/www.ronzonisrl.it\/pl\/wp-json\/wp\/v2\/comments?post=149"}],"version-history":[{"count":20,"href":"https:\/\/www.ronzonisrl.it\/pl\/wp-json\/wp\/v2\/pages\/149\/revisions"}],"predecessor-version":[{"id":1670,"href":"https:\/\/www.ronzonisrl.it\/pl\/wp-json\/wp\/v2\/pages\/149\/revisions\/1670"}],"up":[{"embeddable":true,"href":"https:\/\/www.ronzonisrl.it\/pl\/wp-json\/wp\/v2\/pages\/93"}],"wp:featuredmedia":[{"embeddable":true,"href":"https:\/\/www.ronzonisrl.it\/pl\/wp-json\/wp\/v2\/media\/1408"}],"wp:attachment":[{"href":"https:\/\/www.ronzonisrl.it\/pl\/wp-json\/wp\/v2\/media?parent=149"}],"curies":[{"name":"wp","href":"https:\/\/api.w.org\/{rel}","templated":true}]}}