{"id":151,"date":"2014-03-31T14:55:01","date_gmt":"2014-03-31T14:55:01","guid":{"rendered":"http:\/\/www.ronzonisrl.it\/?page_id=151"},"modified":"2018-01-17T14:31:02","modified_gmt":"2018-01-17T14:31:02","slug":"punte-a-lancia-e-a-cannone","status":"publish","type":"page","link":"https:\/\/www.ronzonisrl.it\/pl\/utensili-speciali-a-disegno\/punte-a-lancia-e-a-cannone\/","title":{"rendered":"Wiert\u0142a lufowe i pi\u00f3rkowe"},"content":{"rendered":"<p><\/p>\n<div title=\"Page 5\">\n<p><a href=\"http:\/\/www.ronzonisrl.it\/wp-content\/uploads\/2014\/03\/punte_lancia.jpg\" rel=\"ndlightbox[151]\"><img loading=\"lazy\" decoding=\"async\" class=\"alignleft size-large wp-image-716\" title=\"Punte a lancia e a cannone\" src=\"http:\/\/www.ronzonisrl.it\/wp-content\/uploads\/2014\/03\/punte_lancia-700x485.jpg\" alt=\"Punte a lancia e a cannone\" width=\"425\" height=\"282\" \/><\/a><br \/>\nWiert\u0142a lufowe oraz wiert\u0142a pi\u00f3rkowe o prostych kraw\u0119dziach tn\u0105cych zaprojektowane oraz wykonane przez Ronzoni Srl wykorzystywane s\u0105 w szczeg\u00f3lno\u015bci do obr\u00f3bki element\u00f3w z mosi\u0105dzu, a ponadto stosowane s\u0105 przy obr\u00f3bce innych materia\u0142\u00f3w mi\u0119kkich.<br \/>\nWiert\u0142a pi\u00f3rkowe i lufowe stosowane s\u0105 na tokarkach jedowrzecionowych i wielowrzecionowych, maszynach transferowych, centrach obr\u00f3bczych oraz urz\u0105dzeniach sterowanych numerycznie.<br \/>\nRonzoni Srl wykonuje wiert\u0142a specjalistyczne z HSS, z czystego w\u0119glika spiekanego lub lutowane.<br \/>\nZastosowanie konkretnego kszta\u0142tu lufy wiert\u0142a umo\u017cliwia lepsze odprowadzenie wi\u00f3r\u00f3w<\/p>\n<\/div>\n<p><\/p>","protected":false},"excerpt":{"rendered":"<p>Wiert\u0142a lufowe oraz wiert\u0142a pi\u00f3rkowe o prostych kraw\u0119dziach tn\u0105cych zaprojektowane oraz wykonane przez Ronzoni Srl wykorzystywane s\u0105 w szczeg\u00f3lno\u015bci do obr\u00f3bki element\u00f3w z mosi\u0105dzu, a ponadto stosowane s\u0105 przy obr\u00f3bce innych materia\u0142\u00f3w mi\u0119kkich. Wiert\u0142a pi\u00f3rkowe i lufowe stosowane s\u0105 na tokarkach jedowrzecionowych i wielowrzecionowych, maszynach transferowych, centrach obr\u00f3bczych oraz urz\u0105dzeniach sterowanych numerycznie. Ronzoni Srl wykonuje [&hellip;]<\/p>\n","protected":false},"author":1,"featured_media":1407,"parent":93,"menu_order":7,"comment_status":"open","ping_status":"closed","template":"template_singol_utesile_spec.php","meta":{"footnotes":""},"class_list":["post-151","page","type-page","status-publish","has-post-thumbnail","hentry"],"_links":{"self":[{"href":"https:\/\/www.ronzonisrl.it\/pl\/wp-json\/wp\/v2\/pages\/151","targetHints":{"allow":["GET"]}}],"collection":[{"href":"https:\/\/www.ronzonisrl.it\/pl\/wp-json\/wp\/v2\/pages"}],"about":[{"href":"https:\/\/www.ronzonisrl.it\/pl\/wp-json\/wp\/v2\/types\/page"}],"author":[{"embeddable":true,"href":"https:\/\/www.ronzonisrl.it\/pl\/wp-json\/wp\/v2\/users\/1"}],"replies":[{"embeddable":true,"href":"https:\/\/www.ronzonisrl.it\/pl\/wp-json\/wp\/v2\/comments?post=151"}],"version-history":[{"count":22,"href":"https:\/\/www.ronzonisrl.it\/pl\/wp-json\/wp\/v2\/pages\/151\/revisions"}],"predecessor-version":[{"id":1671,"href":"https:\/\/www.ronzonisrl.it\/pl\/wp-json\/wp\/v2\/pages\/151\/revisions\/1671"}],"up":[{"embeddable":true,"href":"https:\/\/www.ronzonisrl.it\/pl\/wp-json\/wp\/v2\/pages\/93"}],"wp:featuredmedia":[{"embeddable":true,"href":"https:\/\/www.ronzonisrl.it\/pl\/wp-json\/wp\/v2\/media\/1407"}],"wp:attachment":[{"href":"https:\/\/www.ronzonisrl.it\/pl\/wp-json\/wp\/v2\/media?parent=151"}],"curies":[{"name":"wp","href":"https:\/\/api.w.org\/{rel}","templated":true}]}}