{"id":153,"date":"2014-03-31T14:57:55","date_gmt":"2014-03-31T14:57:55","guid":{"rendered":"http:\/\/www.ronzonisrl.it\/?page_id=153"},"modified":"2018-01-17T14:33:09","modified_gmt":"2018-01-17T14:33:09","slug":"rulli-per-rasatore-rulli-per-lappare","status":"publish","type":"page","link":"https:\/\/www.ronzonisrl.it\/pl\/utensili-speciali-a-disegno\/rulli-per-rasatore-rulli-per-lappare\/","title":{"rendered":"Rolki skrawaj\u0105ce \u2013 Rolki szlifuj\u0105ce"},"content":{"rendered":"<p><\/p>\n<div title=\"Page 6\"><a href=\"http:\/\/www.ronzonisrl.it\/wp-content\/uploads\/2014\/03\/rulli.jpg\" rel=\"ndlightbox[153]\"><img loading=\"lazy\" decoding=\"async\" class=\"alignleft size-large wp-image-720\" title=\"Rulli per rasatore - Rulli per lappare\" src=\"http:\/\/www.ronzonisrl.it\/wp-content\/uploads\/2014\/03\/rulli-700x485.jpg\" alt=\"Rulli per rasatore - Rulli per lappare\" width=\"425\" height=\"282\" \/><\/a><br \/>\nRonzoni Srl z Presezzo (Bergamo) projektuje i wytwarza dwa rodzaje rolek: rolki skrawaj\u0105ce oraz rolki szlifuj\u0105ce.<br \/>\nRolki skrawaj\u0105ce montuje si\u0119 \u0142\u0105cznie ze specjalistycznym narz\u0119dziem.<br \/>\nRolki szlifuj\u0105ce montuje si\u0119 natomiast naprzeciwko siebie na przeznaczonym do tego urz\u0105dzeniu i stosuje si\u0119 je do polerownia oraz szlifowania nier\u00f3wno\u015bci w szczeg\u00f3lno\u015bci w trakcie obr\u00f3bki.<br \/>\nRolki skrawaj\u0105ce i szlifuj\u0105ce nie maj\u0105 na celu usuni\u0119cia wi\u00f3r\/ uwypukle\u0144 lecz s\u0142u\u017c\u0105 do zg\u0142adzenia powierzchni.<\/div>\n<p><\/p>","protected":false},"excerpt":{"rendered":"<p>Ronzoni Srl z Presezzo (Bergamo) projektuje i wytwarza dwa rodzaje rolek: rolki skrawaj\u0105ce oraz rolki szlifuj\u0105ce. Rolki skrawaj\u0105ce montuje si\u0119 \u0142\u0105cznie ze specjalistycznym narz\u0119dziem. Rolki szlifuj\u0105ce montuje si\u0119 natomiast naprzeciwko siebie na przeznaczonym do tego urz\u0105dzeniu i stosuje si\u0119 je do polerownia oraz szlifowania nier\u00f3wno\u015bci w szczeg\u00f3lno\u015bci w trakcie obr\u00f3bki. Rolki skrawaj\u0105ce i szlifuj\u0105ce nie [&hellip;]<\/p>\n","protected":false},"author":1,"featured_media":1409,"parent":93,"menu_order":9,"comment_status":"open","ping_status":"closed","template":"template_singol_utesile_spec.php","meta":{"footnotes":""},"class_list":["post-153","page","type-page","status-publish","has-post-thumbnail","hentry"],"_links":{"self":[{"href":"https:\/\/www.ronzonisrl.it\/pl\/wp-json\/wp\/v2\/pages\/153","targetHints":{"allow":["GET"]}}],"collection":[{"href":"https:\/\/www.ronzonisrl.it\/pl\/wp-json\/wp\/v2\/pages"}],"about":[{"href":"https:\/\/www.ronzonisrl.it\/pl\/wp-json\/wp\/v2\/types\/page"}],"author":[{"embeddable":true,"href":"https:\/\/www.ronzonisrl.it\/pl\/wp-json\/wp\/v2\/users\/1"}],"replies":[{"embeddable":true,"href":"https:\/\/www.ronzonisrl.it\/pl\/wp-json\/wp\/v2\/comments?post=153"}],"version-history":[{"count":19,"href":"https:\/\/www.ronzonisrl.it\/pl\/wp-json\/wp\/v2\/pages\/153\/revisions"}],"predecessor-version":[{"id":1672,"href":"https:\/\/www.ronzonisrl.it\/pl\/wp-json\/wp\/v2\/pages\/153\/revisions\/1672"}],"up":[{"embeddable":true,"href":"https:\/\/www.ronzonisrl.it\/pl\/wp-json\/wp\/v2\/pages\/93"}],"wp:featuredmedia":[{"embeddable":true,"href":"https:\/\/www.ronzonisrl.it\/pl\/wp-json\/wp\/v2\/media\/1409"}],"wp:attachment":[{"href":"https:\/\/www.ronzonisrl.it\/pl\/wp-json\/wp\/v2\/media?parent=153"}],"curies":[{"name":"wp","href":"https:\/\/api.w.org\/{rel}","templated":true}]}}