{"id":155,"date":"2014-03-31T15:05:42","date_gmt":"2014-03-31T15:05:42","guid":{"rendered":"http:\/\/www.ronzonisrl.it\/?page_id=155"},"modified":"2018-01-17T14:34:09","modified_gmt":"2018-01-17T14:34:09","slug":"frese-speciali","status":"publish","type":"page","link":"https:\/\/www.ronzonisrl.it\/pl\/utensili-speciali-a-disegno\/frese-speciali\/","title":{"rendered":"Frezy specjalistyczne"},"content":{"rendered":"<p><\/p>\n<div title=\"Page 6\">\n<p><a href=\"http:\/\/www.ronzonisrl.it\/wp-content\/uploads\/2014\/03\/frese_spec.jpg\" rel=\"ndlightbox[155]\"><img loading=\"lazy\" decoding=\"async\" class=\"alignleft size-large wp-image-710\" title=\"Frese speciali\" src=\"http:\/\/www.ronzonisrl.it\/wp-content\/uploads\/2014\/03\/frese_spec-700x485.jpg\" alt=\"Frese speciali\" width=\"425\" height=\"282\" \/><\/a><br \/>\nSpecjalne frezy wykonywane przez Ronzoni Srl z Presezzo (Bergamo) s\u0105 zasadniczo wykorzystywane na centrach obr\u00f3bczych i maszynach sterowanych numerycznie, gdzie mo\u017cliwym jest wykonywanie obr\u00f3bki przy posuwie i toczeniu.<br \/>\nRonzoni Srl produkuje frezy specjalistyczne do ka\u017cdego rodzaju uderzenia z u\u017cyciem optymalnej ilo\u015bci kraw\u0119dzi tn\u0105cych w zale\u017cno\u015bci od materia\u0142u obrabianego i wymiar\u00f3w samego freza.<br \/>\nFrezy specjalistyczne mog\u0105 by\u0107 z HSS, czystego w\u0119glika spiekanego lub lutowane. Ponadto, wykonujemy specjalistyczne frezy do maszyn EUBAMA.<br \/>\nJeste\u015bmy w stanie dostarczy\u0107 frezy specjalistyczne z pokryciem odpowiednim do ka\u017cdego rodzaju materia\u0142u obrabianego.<\/p>\n<\/div>\n<p><\/p>","protected":false},"excerpt":{"rendered":"<p>Specjalne frezy wykonywane przez Ronzoni Srl z Presezzo (Bergamo) s\u0105 zasadniczo wykorzystywane na centrach obr\u00f3bczych i maszynach sterowanych numerycznie, gdzie mo\u017cliwym jest wykonywanie obr\u00f3bki przy posuwie i toczeniu. Ronzoni Srl produkuje frezy specjalistyczne do ka\u017cdego rodzaju uderzenia z u\u017cyciem optymalnej ilo\u015bci kraw\u0119dzi tn\u0105cych w zale\u017cno\u015bci od materia\u0142u obrabianego i wymiar\u00f3w samego freza. Frezy specjalistyczne mog\u0105 [&hellip;]<\/p>\n","protected":false},"author":1,"featured_media":1404,"parent":93,"menu_order":10,"comment_status":"open","ping_status":"closed","template":"template_singol_utesile_spec.php","meta":{"footnotes":""},"class_list":["post-155","page","type-page","status-publish","has-post-thumbnail","hentry"],"_links":{"self":[{"href":"https:\/\/www.ronzonisrl.it\/pl\/wp-json\/wp\/v2\/pages\/155","targetHints":{"allow":["GET"]}}],"collection":[{"href":"https:\/\/www.ronzonisrl.it\/pl\/wp-json\/wp\/v2\/pages"}],"about":[{"href":"https:\/\/www.ronzonisrl.it\/pl\/wp-json\/wp\/v2\/types\/page"}],"author":[{"embeddable":true,"href":"https:\/\/www.ronzonisrl.it\/pl\/wp-json\/wp\/v2\/users\/1"}],"replies":[{"embeddable":true,"href":"https:\/\/www.ronzonisrl.it\/pl\/wp-json\/wp\/v2\/comments?post=155"}],"version-history":[{"count":21,"href":"https:\/\/www.ronzonisrl.it\/pl\/wp-json\/wp\/v2\/pages\/155\/revisions"}],"predecessor-version":[{"id":1673,"href":"https:\/\/www.ronzonisrl.it\/pl\/wp-json\/wp\/v2\/pages\/155\/revisions\/1673"}],"up":[{"embeddable":true,"href":"https:\/\/www.ronzonisrl.it\/pl\/wp-json\/wp\/v2\/pages\/93"}],"wp:featuredmedia":[{"embeddable":true,"href":"https:\/\/www.ronzonisrl.it\/pl\/wp-json\/wp\/v2\/media\/1404"}],"wp:attachment":[{"href":"https:\/\/www.ronzonisrl.it\/pl\/wp-json\/wp\/v2\/media?parent=155"}],"curies":[{"name":"wp","href":"https:\/\/api.w.org\/{rel}","templated":true}]}}