{"id":157,"date":"2014-03-31T15:08:01","date_gmt":"2014-03-31T15:08:01","guid":{"rendered":"http:\/\/www.ronzonisrl.it\/?page_id=157"},"modified":"2018-01-17T14:37:59","modified_gmt":"2018-01-17T14:37:59","slug":"utensili-rasatori","status":"publish","type":"page","link":"https:\/\/www.ronzonisrl.it\/pl\/utensili-speciali-a-disegno\/utensili-rasatori\/","title":{"rendered":"No\u017ce strugarskie"},"content":{"rendered":"<p><\/p>\n<div title=\"Page 7\">\n<p><a href=\"http:\/\/www.ronzonisrl.it\/wp-content\/uploads\/2014\/03\/ut_rasatori.jpg\" rel=\"ndlightbox[157]\"><img loading=\"lazy\" decoding=\"async\" class=\"alignleft size-large wp-image-732\" title=\"Utensili rasatori\" src=\"http:\/\/www.ronzonisrl.it\/wp-content\/uploads\/2014\/03\/ut_rasatori-700x485.jpg\" alt=\"Utensili rasatori\" width=\"425\" height=\"282\" \/><\/a>Firma Ronzoni Srl z siedzib\u0105 w Presezzo (Bergamo) specjalizuje si\u0119 w projektowaniu i produkcji narz\u0119dzi specjalistycznych, sk\u0142adaj\u0105cych si\u0119 na narz\u0119dzia typu no\u017ce strugarskie.<br \/>\nNo\u017ce strugarskie powinny by\u0107 wykorzystywane wy\u0142\u0105cznie na tokarkach wielowrzecionowych i montuje si\u0119 je na specjalnym przyrz\u0105dzie, gdzie pracuj\u0105 one b\u0119d\u0105c po\u0142\u0105czone z wa\u0142kiem.<br \/>\nNo\u017ce strugarskie stosuje si\u0119, gdzie wymaga si\u0119 zachowania precyzji co do parametr\u00f3w elementu obrabianego oraz dobrego wyko\u0144czenia.<br \/>\nRonzoni Srl wytwarza no\u017ce strugarskie z wlutowanych nak\u0142adek z w\u0119glik\u00f3w spiekanych i pow\u0142ok\u0105 odpowiedni\u0105 do ka\u017cdego rodzaju materia\u0142u obrabianego.<\/p>\n<\/div>\n<p><\/p>","protected":false},"excerpt":{"rendered":"<p>Firma Ronzoni Srl z siedzib\u0105 w Presezzo (Bergamo) specjalizuje si\u0119 w projektowaniu i produkcji narz\u0119dzi specjalistycznych, sk\u0142adaj\u0105cych si\u0119 na narz\u0119dzia typu no\u017ce strugarskie. No\u017ce strugarskie powinny by\u0107 wykorzystywane wy\u0142\u0105cznie na tokarkach wielowrzecionowych i montuje si\u0119 je na specjalnym przyrz\u0105dzie, gdzie pracuj\u0105 one b\u0119d\u0105c po\u0142\u0105czone z wa\u0142kiem. No\u017ce strugarskie stosuje si\u0119, gdzie wymaga si\u0119 zachowania precyzji [&hellip;]<\/p>\n","protected":false},"author":1,"featured_media":1416,"parent":93,"menu_order":11,"comment_status":"open","ping_status":"closed","template":"template_singol_utesile_spec.php","meta":{"footnotes":""},"class_list":["post-157","page","type-page","status-publish","has-post-thumbnail","hentry"],"_links":{"self":[{"href":"https:\/\/www.ronzonisrl.it\/pl\/wp-json\/wp\/v2\/pages\/157","targetHints":{"allow":["GET"]}}],"collection":[{"href":"https:\/\/www.ronzonisrl.it\/pl\/wp-json\/wp\/v2\/pages"}],"about":[{"href":"https:\/\/www.ronzonisrl.it\/pl\/wp-json\/wp\/v2\/types\/page"}],"author":[{"embeddable":true,"href":"https:\/\/www.ronzonisrl.it\/pl\/wp-json\/wp\/v2\/users\/1"}],"replies":[{"embeddable":true,"href":"https:\/\/www.ronzonisrl.it\/pl\/wp-json\/wp\/v2\/comments?post=157"}],"version-history":[{"count":18,"href":"https:\/\/www.ronzonisrl.it\/pl\/wp-json\/wp\/v2\/pages\/157\/revisions"}],"predecessor-version":[{"id":1674,"href":"https:\/\/www.ronzonisrl.it\/pl\/wp-json\/wp\/v2\/pages\/157\/revisions\/1674"}],"up":[{"embeddable":true,"href":"https:\/\/www.ronzonisrl.it\/pl\/wp-json\/wp\/v2\/pages\/93"}],"wp:featuredmedia":[{"embeddable":true,"href":"https:\/\/www.ronzonisrl.it\/pl\/wp-json\/wp\/v2\/media\/1416"}],"wp:attachment":[{"href":"https:\/\/www.ronzonisrl.it\/pl\/wp-json\/wp\/v2\/media?parent=157"}],"curies":[{"name":"wp","href":"https:\/\/api.w.org\/{rel}","templated":true}]}}