{"id":161,"date":"2014-03-31T15:12:31","date_gmt":"2014-03-31T15:12:31","guid":{"rendered":"http:\/\/www.ronzonisrl.it\/?page_id=161"},"modified":"2018-01-17T14:58:47","modified_gmt":"2018-01-17T14:58:47","slug":"brocce-profili-interni-e-sagome-esterne","status":"publish","type":"page","link":"https:\/\/www.ronzonisrl.it\/pl\/utensili-speciali-a-disegno\/brocce-profili-interni-e-sagome-esterne\/","title":{"rendered":"Przeci\u0105gacze: do profili wewn\u0119trznych i zewn\u0119trznych"},"content":{"rendered":"<p><\/p>\n<div title=\"Page 8\">\n<p><a href=\"http:\/\/www.ronzonisrl.it\/wp-content\/uploads\/2014\/03\/brocce.jpg\" rel=\"ndlightbox[161]\"><img loading=\"lazy\" decoding=\"async\" class=\"alignleft size-large wp-image-738\" title=\"Brocce: profili interni e sagome esterne\" src=\"http:\/\/www.ronzonisrl.it\/wp-content\/uploads\/2014\/03\/brocce-700x485.jpg\" alt=\"Brocce: profili interni e sagome esterne\" width=\"425\" height=\"282\" \/><\/a><br \/>\nFirma Ronzoni Srl z siedzib\u0105 w Presezzo (Bergamo) specjalizuje si\u0119 w produkcji narz\u0119dzi standardowych i specjalistycznych, a w\u015br\u00f3d nich nale\u017cy wymieni\u0107 przeci\u0105gacze do profili wewn\u0119trznych i zewn\u0119trznych.<br \/>\nPrzeci\u0105gacze przeznaczone s\u0105 do tokarek jednowrzecionowych, wielowrzecionowych oraz maszyn sterowanych numerycznie i montuje si\u0119 je na specjalnych uchwytach narz\u0119dziowych zwanych g\u0142owicami rewolwerowymi.<br \/>\nPrzeci\u0105gacze obracaj\u0105 elementem obrabianym z tak\u0105 sam\u0105 licz\u0105 obrot\u00f3w na minut\u0119 b\u0119d\u0105c wprawiane w ruch bezpo\u015brednio przez uchwyt narz\u0119dziowy lub po prostu poprzez przeci\u0105ganie odpychaj\u0105c si\u0119 od elementu obrabianego.<br \/>\nRonzoni Srl produkuje zar\u00f3wno przeci\u0105gacze do profili wewn\u0119trznych, jak i przeci\u0105gacze do profili zewn\u0119trznych wykonane z r\u00f3\u017cnych materia\u0142\u00f3w: HSS, w\u0119glika spiekanego lub lutowane.<br \/>\nNasze przeci\u0105gacze mog\u0105 by\u0107 dostarczane o r\u00f3\u017cnorakich pow\u0142okach dostosowanych do ka\u017cdego materia\u0142u poddawanego obr\u00f3bce.<\/p>\n<\/div>\n<p><\/p>","protected":false},"excerpt":{"rendered":"<p>Firma Ronzoni Srl z siedzib\u0105 w Presezzo (Bergamo) specjalizuje si\u0119 w produkcji narz\u0119dzi standardowych i specjalistycznych, a w\u015br\u00f3d nich nale\u017cy wymieni\u0107 przeci\u0105gacze do profili wewn\u0119trznych i zewn\u0119trznych. Przeci\u0105gacze przeznaczone s\u0105 do tokarek jednowrzecionowych, wielowrzecionowych oraz maszyn sterowanych numerycznie i montuje si\u0119 je na specjalnych uchwytach narz\u0119dziowych zwanych g\u0142owicami rewolwerowymi. Przeci\u0105gacze obracaj\u0105 elementem obrabianym z tak\u0105 [&hellip;]<\/p>\n","protected":false},"author":1,"featured_media":1400,"parent":93,"menu_order":13,"comment_status":"open","ping_status":"closed","template":"template_singol_utesile_spec.php","meta":{"footnotes":""},"class_list":["post-161","page","type-page","status-publish","has-post-thumbnail","hentry"],"_links":{"self":[{"href":"https:\/\/www.ronzonisrl.it\/pl\/wp-json\/wp\/v2\/pages\/161","targetHints":{"allow":["GET"]}}],"collection":[{"href":"https:\/\/www.ronzonisrl.it\/pl\/wp-json\/wp\/v2\/pages"}],"about":[{"href":"https:\/\/www.ronzonisrl.it\/pl\/wp-json\/wp\/v2\/types\/page"}],"author":[{"embeddable":true,"href":"https:\/\/www.ronzonisrl.it\/pl\/wp-json\/wp\/v2\/users\/1"}],"replies":[{"embeddable":true,"href":"https:\/\/www.ronzonisrl.it\/pl\/wp-json\/wp\/v2\/comments?post=161"}],"version-history":[{"count":28,"href":"https:\/\/www.ronzonisrl.it\/pl\/wp-json\/wp\/v2\/pages\/161\/revisions"}],"predecessor-version":[{"id":1676,"href":"https:\/\/www.ronzonisrl.it\/pl\/wp-json\/wp\/v2\/pages\/161\/revisions\/1676"}],"up":[{"embeddable":true,"href":"https:\/\/www.ronzonisrl.it\/pl\/wp-json\/wp\/v2\/pages\/93"}],"wp:featuredmedia":[{"embeddable":true,"href":"https:\/\/www.ronzonisrl.it\/pl\/wp-json\/wp\/v2\/media\/1400"}],"wp:attachment":[{"href":"https:\/\/www.ronzonisrl.it\/pl\/wp-json\/wp\/v2\/media?parent=161"}],"curies":[{"name":"wp","href":"https:\/\/api.w.org\/{rel}","templated":true}]}}