{"id":163,"date":"2014-03-31T15:14:31","date_gmt":"2014-03-31T15:14:31","guid":{"rendered":"http:\/\/www.ronzonisrl.it\/?page_id=163"},"modified":"2018-01-17T15:00:19","modified_gmt":"2018-01-17T15:00:19","slug":"dischi-per-torniture-poligonali","status":"publish","type":"page","link":"https:\/\/www.ronzonisrl.it\/pl\/utensili-speciali-a-disegno\/dischi-per-torniture-poligonali\/","title":{"rendered":"Frez tarczowy do toczenia poligonalnego"},"content":{"rendered":"<p><\/p>\n<div title=\"Page 8\">\n<p><a href=\"http:\/\/www.ronzonisrl.it\/wp-content\/uploads\/2014\/03\/dischi_per_poligonali.jpg\" rel=\"ndlightbox[163]\"><img loading=\"lazy\" decoding=\"async\" class=\"alignleft size-large wp-image-708\" title=\"Dischi per torniture poligonali\" src=\"http:\/\/www.ronzonisrl.it\/wp-content\/uploads\/2014\/03\/dischi_per_poligonali-700x485.jpg\" alt=\"Dischi per torniture poligonali\" width=\"425\" height=\"282\" \/><\/a><br \/>\nFrezy tarczowe do toczenia poligonalnego wykonane s\u0105 z wymiennych tarcz stalowych z w\u0119glika spiekanego czy te\u017c lutowane.<br \/>\nToczenie poligonalne elementu obrabianego wymaga wykorzystania tarcz zaprojektowanych i wyprodukowanych przez Ronzoni Srl z Presezzo (Bergamo).<br \/>\nFrezy tarczowe do toczenia poligonalnego zaprojektowane s\u0105 w oparciu o liczb\u0119 tarcz niezb\u0119dnych do obr\u00f3bki elementu i montuje si\u0119 je na specjalnym oprzyrz\u0105dowaniu tokarki wielowrzecionowej.<br \/>\nRonzoni Srl produkuje tak\u017ce frezy do toczenia poligonalnego powierzchni kulistych.<\/p>\n<\/div>\n<p><\/p>","protected":false},"excerpt":{"rendered":"<p>Frezy tarczowe do toczenia poligonalnego wykonane s\u0105 z wymiennych tarcz stalowych z w\u0119glika spiekanego czy te\u017c lutowane. Toczenie poligonalne elementu obrabianego wymaga wykorzystania tarcz zaprojektowanych i wyprodukowanych przez Ronzoni Srl z Presezzo (Bergamo). Frezy tarczowe do toczenia poligonalnego zaprojektowane s\u0105 w oparciu o liczb\u0119 tarcz niezb\u0119dnych do obr\u00f3bki elementu i montuje si\u0119 je na specjalnym [&hellip;]<\/p>\n","protected":false},"author":1,"featured_media":1402,"parent":93,"menu_order":14,"comment_status":"open","ping_status":"closed","template":"template_singol_utesile_spec.php","meta":{"footnotes":""},"class_list":["post-163","page","type-page","status-publish","has-post-thumbnail","hentry"],"_links":{"self":[{"href":"https:\/\/www.ronzonisrl.it\/pl\/wp-json\/wp\/v2\/pages\/163","targetHints":{"allow":["GET"]}}],"collection":[{"href":"https:\/\/www.ronzonisrl.it\/pl\/wp-json\/wp\/v2\/pages"}],"about":[{"href":"https:\/\/www.ronzonisrl.it\/pl\/wp-json\/wp\/v2\/types\/page"}],"author":[{"embeddable":true,"href":"https:\/\/www.ronzonisrl.it\/pl\/wp-json\/wp\/v2\/users\/1"}],"replies":[{"embeddable":true,"href":"https:\/\/www.ronzonisrl.it\/pl\/wp-json\/wp\/v2\/comments?post=163"}],"version-history":[{"count":19,"href":"https:\/\/www.ronzonisrl.it\/pl\/wp-json\/wp\/v2\/pages\/163\/revisions"}],"predecessor-version":[{"id":1677,"href":"https:\/\/www.ronzonisrl.it\/pl\/wp-json\/wp\/v2\/pages\/163\/revisions\/1677"}],"up":[{"embeddable":true,"href":"https:\/\/www.ronzonisrl.it\/pl\/wp-json\/wp\/v2\/pages\/93"}],"wp:featuredmedia":[{"embeddable":true,"href":"https:\/\/www.ronzonisrl.it\/pl\/wp-json\/wp\/v2\/media\/1402"}],"wp:attachment":[{"href":"https:\/\/www.ronzonisrl.it\/pl\/wp-json\/wp\/v2\/media?parent=163"}],"curies":[{"name":"wp","href":"https:\/\/api.w.org\/{rel}","templated":true}]}}