{"id":165,"date":"2014-03-31T15:16:35","date_gmt":"2014-03-31T15:16:35","guid":{"rendered":"http:\/\/www.ronzonisrl.it\/?page_id=165"},"modified":"2018-01-17T15:01:46","modified_gmt":"2018-01-17T15:01:46","slug":"utensili-frontali","status":"publish","type":"page","link":"https:\/\/www.ronzonisrl.it\/pl\/utensili-speciali-a-disegno\/utensili-frontali\/","title":{"rendered":"Frezy czo\u0142owe"},"content":{"rendered":"<p><\/p>\n<div title=\"Page 9\">\n<p><a href=\"http:\/\/www.ronzonisrl.it\/wp-content\/uploads\/2014\/03\/utt_frontali.jpg\" rel=\"ndlightbox[165]\"><img loading=\"lazy\" decoding=\"async\" class=\"alignleft size-large wp-image-722\" title=\"Utensili frontali\" src=\"http:\/\/www.ronzonisrl.it\/wp-content\/uploads\/2014\/03\/utt_frontali-700x485.jpg\" alt=\"Utensili frontali\" width=\"425\" height=\"282\" \/><\/a>Frezy czo\u0142owe stanowi\u0105 narz\u0119dzia do frezowania kszta\u0142t\u00f3w czo\u0142a detalu obrabianego, jak np. miejsce OR<br \/>\nFrezy czo\u0142owe zaprojektowane i wyprodukowane przez Ronzoni Srl z siedzib\u0105 w Presezzo (Bergamo) wykorzystywane s\u0105 na wszelkiego typu osprz\u0119cie maszynowym i wykonane s\u0105 z HSS, czystego w\u0119glika spiekanego lub lutowane, w zale\u017cno\u015bci od wymiaru materia\u0142u obrabianego.<br \/>\nRonzoni Srl dostarcza frezy czo\u0142owe o pow\u0142okach dostosowanych do ka\u017cdego materia\u0142u obrabianego.<\/p>\n<\/div>\n<p><\/p>","protected":false},"excerpt":{"rendered":"<p>Frezy czo\u0142owe stanowi\u0105 narz\u0119dzia do frezowania kszta\u0142t\u00f3w czo\u0142a detalu obrabianego, jak np. miejsce OR Frezy czo\u0142owe zaprojektowane i wyprodukowane przez Ronzoni Srl z siedzib\u0105 w Presezzo (Bergamo) wykorzystywane s\u0105 na wszelkiego typu osprz\u0119cie maszynowym i wykonane s\u0105 z HSS, czystego w\u0119glika spiekanego lub lutowane, w zale\u017cno\u015bci od wymiaru materia\u0142u obrabianego. Ronzoni Srl dostarcza frezy czo\u0142owe [&hellip;]<\/p>\n","protected":false},"author":1,"featured_media":1410,"parent":93,"menu_order":15,"comment_status":"open","ping_status":"closed","template":"template_singol_utesile_spec.php","meta":{"footnotes":""},"class_list":["post-165","page","type-page","status-publish","has-post-thumbnail","hentry"],"_links":{"self":[{"href":"https:\/\/www.ronzonisrl.it\/pl\/wp-json\/wp\/v2\/pages\/165","targetHints":{"allow":["GET"]}}],"collection":[{"href":"https:\/\/www.ronzonisrl.it\/pl\/wp-json\/wp\/v2\/pages"}],"about":[{"href":"https:\/\/www.ronzonisrl.it\/pl\/wp-json\/wp\/v2\/types\/page"}],"author":[{"embeddable":true,"href":"https:\/\/www.ronzonisrl.it\/pl\/wp-json\/wp\/v2\/users\/1"}],"replies":[{"embeddable":true,"href":"https:\/\/www.ronzonisrl.it\/pl\/wp-json\/wp\/v2\/comments?post=165"}],"version-history":[{"count":20,"href":"https:\/\/www.ronzonisrl.it\/pl\/wp-json\/wp\/v2\/pages\/165\/revisions"}],"predecessor-version":[{"id":1678,"href":"https:\/\/www.ronzonisrl.it\/pl\/wp-json\/wp\/v2\/pages\/165\/revisions\/1678"}],"up":[{"embeddable":true,"href":"https:\/\/www.ronzonisrl.it\/pl\/wp-json\/wp\/v2\/pages\/93"}],"wp:featuredmedia":[{"embeddable":true,"href":"https:\/\/www.ronzonisrl.it\/pl\/wp-json\/wp\/v2\/media\/1410"}],"wp:attachment":[{"href":"https:\/\/www.ronzonisrl.it\/pl\/wp-json\/wp\/v2\/media?parent=165"}],"curies":[{"name":"wp","href":"https:\/\/api.w.org\/{rel}","templated":true}]}}