{"id":167,"date":"2014-03-31T15:18:49","date_gmt":"2014-03-31T15:18:49","guid":{"rendered":"http:\/\/www.ronzonisrl.it\/?page_id=167"},"modified":"2018-01-17T15:02:50","modified_gmt":"2018-01-17T15:02:50","slug":"frese-filetto","status":"publish","type":"page","link":"https:\/\/www.ronzonisrl.it\/pl\/utensili-speciali-a-disegno\/frese-filetto\/","title":{"rendered":"Frezy gwintuj\u0105ce"},"content":{"rendered":"<p><\/p>\n<div title=\"Page 9\">\n<p><a href=\"http:\/\/www.ronzonisrl.it\/wp-content\/uploads\/2014\/03\/test_ronozni.jpg\" rel=\"ndlightbox[167]\"><img loading=\"lazy\" decoding=\"async\" class=\"alignleft size-large wp-image-659\" style=\"border: 0px !important;\" title=\"Frese Filetto\" src=\"http:\/\/www.ronzonisrl.it\/wp-content\/uploads\/2014\/03\/test_ronozni-700x485.jpg\" alt=\"Frese Filetto\" width=\"425\" height=\"282\" \/><\/a><br \/>\nFirma Ronzoni Srl z Presezzo (Bergamo) specjalizuje si? w projektowaniu i wytwarzaniu wysokojako?ciowych narz?dzi specjalistycznych, produkuj?c r\u00f3?nego typu frezy do gwintowania, kt\u00f3re wykorzystywane s? do obr\u00f3bki na tokarkach jednowrzecionowych i\u00a0wielowrzecionowych i montowane s? w specjalnym uchwycie narz?dziowym.<\/p>\n<p>Od lat Ronzoni Srl wytwarza wszelkiego rodzaju frezy do gwintowania, pocz?wszy od tych standardowych po te o specjalnych gwintach.<\/p>\n<p>Nasze frezy do gwintowania wykonywane s? z HSS.<\/p>\n<\/div>\n<p><\/p>","protected":false},"excerpt":{"rendered":"<p>Firma Ronzoni Srl z Presezzo (Bergamo) specjalizuje si? w projektowaniu i wytwarzaniu wysokojako?ciowych narz?dzi specjalistycznych, produkuj?c r\u00f3?nego typu frezy do gwintowania, kt\u00f3re wykorzystywane s? do obr\u00f3bki na tokarkach jednowrzecionowych i\u00a0wielowrzecionowych i montowane s? w specjalnym uchwycie narz?dziowym. Od lat Ronzoni Srl wytwarza wszelkiego rodzaju frezy do gwintowania, pocz?wszy od tych standardowych po te o specjalnych [&hellip;]<\/p>\n","protected":false},"author":1,"featured_media":1403,"parent":93,"menu_order":16,"comment_status":"open","ping_status":"closed","template":"template_singol_utesile_spec.php","meta":{"footnotes":""},"class_list":["post-167","page","type-page","status-publish","has-post-thumbnail","hentry"],"_links":{"self":[{"href":"https:\/\/www.ronzonisrl.it\/pl\/wp-json\/wp\/v2\/pages\/167","targetHints":{"allow":["GET"]}}],"collection":[{"href":"https:\/\/www.ronzonisrl.it\/pl\/wp-json\/wp\/v2\/pages"}],"about":[{"href":"https:\/\/www.ronzonisrl.it\/pl\/wp-json\/wp\/v2\/types\/page"}],"author":[{"embeddable":true,"href":"https:\/\/www.ronzonisrl.it\/pl\/wp-json\/wp\/v2\/users\/1"}],"replies":[{"embeddable":true,"href":"https:\/\/www.ronzonisrl.it\/pl\/wp-json\/wp\/v2\/comments?post=167"}],"version-history":[{"count":20,"href":"https:\/\/www.ronzonisrl.it\/pl\/wp-json\/wp\/v2\/pages\/167\/revisions"}],"predecessor-version":[{"id":1679,"href":"https:\/\/www.ronzonisrl.it\/pl\/wp-json\/wp\/v2\/pages\/167\/revisions\/1679"}],"up":[{"embeddable":true,"href":"https:\/\/www.ronzonisrl.it\/pl\/wp-json\/wp\/v2\/pages\/93"}],"wp:featuredmedia":[{"embeddable":true,"href":"https:\/\/www.ronzonisrl.it\/pl\/wp-json\/wp\/v2\/media\/1403"}],"wp:attachment":[{"href":"https:\/\/www.ronzonisrl.it\/pl\/wp-json\/wp\/v2\/media?parent=167"}],"curies":[{"name":"wp","href":"https:\/\/api.w.org\/{rel}","templated":true}]}}