{"id":169,"date":"2014-03-31T15:20:43","date_gmt":"2014-03-31T15:20:43","guid":{"rendered":"http:\/\/www.ronzonisrl.it\/?page_id=169"},"modified":"2018-01-17T15:03:23","modified_gmt":"2018-01-17T15:03:23","slug":"utensili-a-fissaggio-meccanico","status":"publish","type":"page","link":"https:\/\/www.ronzonisrl.it\/pl\/utensili-speciali-a-disegno\/utensili-a-fissaggio-meccanico\/","title":{"rendered":"Uchwyt z mocowaniem mechanicznych"},"content":{"rendered":"<p><\/p>\n<div title=\"Page 10\">\n<p><a href=\"http:\/\/www.ronzonisrl.it\/wp-content\/uploads\/2014\/03\/ut_fiss_mecc.jpg\" rel=\"ndlightbox[169]\"><img loading=\"lazy\" decoding=\"async\" class=\"size-large wp-image-698 alignleft\" title=\" Utensili a fissaggio meccanico\" src=\"http:\/\/www.ronzonisrl.it\/wp-content\/uploads\/2014\/03\/ut_fiss_mecc-700x485.jpg\" alt=\" Utensili a fissaggio meccanico\" width=\"425\" height=\"282\" \/><\/a>Uchwyty z mocowaniem mechanicznym \u0142\u0105cz\u0105 wszystkie te narz\u0119dzia w kt\u00f3rych montowane s\u0105 standardowe krzywki za pomoc\u0105 \u015bruby lub wspornika.<br \/>\nRonzoni Srl z Presezzo (Bergamo) ma mo\u017cliwo\u015b\u0107 kszta\u0142towania krzywek wed\u0142ug projektu klienta lub otrzymanie kszta\u0142tu elementu wykorzystuj\u0105c wiele krzywek do tworzenia narz\u0119dzia mocowanego mechanicznie.<br \/>\nDo tego typu obr\u00f3bki Ronzoni Srl produkuje g\u0142owice rewolwerowe, szcz\u0119ki pryzmowe, frezy, wiert\u0142a i pog\u0142\u0119biacze oraz specjalne rozwiertaki.<\/p>\n<\/div>\n<p><\/p>","protected":false},"excerpt":{"rendered":"<p>Uchwyty z mocowaniem mechanicznym \u0142\u0105cz\u0105 wszystkie te narz\u0119dzia w kt\u00f3rych montowane s\u0105 standardowe krzywki za pomoc\u0105 \u015bruby lub wspornika. Ronzoni Srl z Presezzo (Bergamo) ma mo\u017cliwo\u015b\u0107 kszta\u0142towania krzywek wed\u0142ug projektu klienta lub otrzymanie kszta\u0142tu elementu wykorzystuj\u0105c wiele krzywek do tworzenia narz\u0119dzia mocowanego mechanicznie. Do tego typu obr\u00f3bki Ronzoni Srl produkuje g\u0142owice rewolwerowe, szcz\u0119ki pryzmowe, frezy, [&hellip;]<\/p>\n","protected":false},"author":1,"featured_media":1396,"parent":93,"menu_order":17,"comment_status":"open","ping_status":"closed","template":"template_singol_utesile_spec.php","meta":{"footnotes":""},"class_list":["post-169","page","type-page","status-publish","has-post-thumbnail","hentry"],"_links":{"self":[{"href":"https:\/\/www.ronzonisrl.it\/pl\/wp-json\/wp\/v2\/pages\/169","targetHints":{"allow":["GET"]}}],"collection":[{"href":"https:\/\/www.ronzonisrl.it\/pl\/wp-json\/wp\/v2\/pages"}],"about":[{"href":"https:\/\/www.ronzonisrl.it\/pl\/wp-json\/wp\/v2\/types\/page"}],"author":[{"embeddable":true,"href":"https:\/\/www.ronzonisrl.it\/pl\/wp-json\/wp\/v2\/users\/1"}],"replies":[{"embeddable":true,"href":"https:\/\/www.ronzonisrl.it\/pl\/wp-json\/wp\/v2\/comments?post=169"}],"version-history":[{"count":24,"href":"https:\/\/www.ronzonisrl.it\/pl\/wp-json\/wp\/v2\/pages\/169\/revisions"}],"predecessor-version":[{"id":1680,"href":"https:\/\/www.ronzonisrl.it\/pl\/wp-json\/wp\/v2\/pages\/169\/revisions\/1680"}],"up":[{"embeddable":true,"href":"https:\/\/www.ronzonisrl.it\/pl\/wp-json\/wp\/v2\/pages\/93"}],"wp:featuredmedia":[{"embeddable":true,"href":"https:\/\/www.ronzonisrl.it\/pl\/wp-json\/wp\/v2\/media\/1396"}],"wp:attachment":[{"href":"https:\/\/www.ronzonisrl.it\/pl\/wp-json\/wp\/v2\/media?parent=169"}],"curies":[{"name":"wp","href":"https:\/\/api.w.org\/{rel}","templated":true}]}}