{"id":172,"date":"2014-03-31T15:22:33","date_gmt":"2014-03-31T15:22:33","guid":{"rendered":"http:\/\/www.ronzonisrl.it\/?page_id=172"},"modified":"2018-01-17T15:03:53","modified_gmt":"2018-01-17T15:03:53","slug":"alesatori-speciali","status":"publish","type":"page","link":"https:\/\/www.ronzonisrl.it\/pl\/utensili-speciali-a-disegno\/alesatori-speciali\/","title":{"rendered":"Rozwiertaki specjalistyczne"},"content":{"rendered":"<p><\/p>\n<div title=\"Page 10\">\n<p><a href=\"http:\/\/www.ronzonisrl.it\/wp-content\/uploads\/2014\/03\/alesatori.jpg\" rel=\"ndlightbox[172]\"><img loading=\"lazy\" decoding=\"async\" class=\"alignleft size-large wp-image-702\" title=\"Alesatori speciali\" src=\"http:\/\/www.ronzonisrl.it\/wp-content\/uploads\/2014\/03\/alesatori-700x485.jpg\" alt=\"Alesatori speciali\" width=\"425\" height=\"282\" \/><\/a><br \/>\nRonzoni Srl z Presezzo (Bergamo) jest firm\u0105 specjalizuj\u0105c\u0105 si\u0119 w projektowaniu i wytwarzaniu narz\u0119dzi specjalistycznych, w tym specjalnych rozwiertak\u00f3w.<br \/>\nRozwiercanie to jeden z najwa\u017cniejszych proces\u00f3w obr\u00f3bczych stosowany do wyko\u0144czenia otwor\u00f3w.<br \/>\nRozwiertaki mog\u0105 s\u0142u\u017cy\u0107 do tworzenia otwor\u00f3w \u015blepych lub przelotowych i z tego te\u017c powodu musz\u0105 by\u0107 konstruowane ze \u015bmigie\u0142ka o specyficznych kszta\u0142tach.<br \/>\nRozwiertaki- specjalistyczne produkty firmy Ronzoni Srl dost\u0119pne s\u0105 z HSS, w\u0119glika spiekanego lub lutowane, dopasowane w zale\u017cno\u015bci do \u015brednicy materia\u0142u obrabianego.<br \/>\nRozwiertak wykorzystywany jest w ka\u017cdego rodzaju obrabiarce i mo\u017ce by\u0107 wykonany z ka\u017cdego rodzaju pow\u0142ok\u0105.<\/p>\n<\/div>\n<p><\/p>","protected":false},"excerpt":{"rendered":"<p>Ronzoni Srl z Presezzo (Bergamo) jest firm\u0105 specjalizuj\u0105c\u0105 si\u0119 w projektowaniu i wytwarzaniu narz\u0119dzi specjalistycznych, w tym specjalnych rozwiertak\u00f3w. Rozwiercanie to jeden z najwa\u017cniejszych proces\u00f3w obr\u00f3bczych stosowany do wyko\u0144czenia otwor\u00f3w. Rozwiertaki mog\u0105 s\u0142u\u017cy\u0107 do tworzenia otwor\u00f3w \u015blepych lub przelotowych i z tego te\u017c powodu musz\u0105 by\u0107 konstruowane ze \u015bmigie\u0142ka o specyficznych kszta\u0142tach. Rozwiertaki- specjalistyczne produkty [&hellip;]<\/p>\n","protected":false},"author":1,"featured_media":1398,"parent":93,"menu_order":18,"comment_status":"open","ping_status":"closed","template":"template_singol_utesile_spec.php","meta":{"footnotes":""},"class_list":["post-172","page","type-page","status-publish","has-post-thumbnail","hentry"],"_links":{"self":[{"href":"https:\/\/www.ronzonisrl.it\/pl\/wp-json\/wp\/v2\/pages\/172","targetHints":{"allow":["GET"]}}],"collection":[{"href":"https:\/\/www.ronzonisrl.it\/pl\/wp-json\/wp\/v2\/pages"}],"about":[{"href":"https:\/\/www.ronzonisrl.it\/pl\/wp-json\/wp\/v2\/types\/page"}],"author":[{"embeddable":true,"href":"https:\/\/www.ronzonisrl.it\/pl\/wp-json\/wp\/v2\/users\/1"}],"replies":[{"embeddable":true,"href":"https:\/\/www.ronzonisrl.it\/pl\/wp-json\/wp\/v2\/comments?post=172"}],"version-history":[{"count":21,"href":"https:\/\/www.ronzonisrl.it\/pl\/wp-json\/wp\/v2\/pages\/172\/revisions"}],"predecessor-version":[{"id":1681,"href":"https:\/\/www.ronzonisrl.it\/pl\/wp-json\/wp\/v2\/pages\/172\/revisions\/1681"}],"up":[{"embeddable":true,"href":"https:\/\/www.ronzonisrl.it\/pl\/wp-json\/wp\/v2\/pages\/93"}],"wp:featuredmedia":[{"embeddable":true,"href":"https:\/\/www.ronzonisrl.it\/pl\/wp-json\/wp\/v2\/media\/1398"}],"wp:attachment":[{"href":"https:\/\/www.ronzonisrl.it\/pl\/wp-json\/wp\/v2\/media?parent=172"}],"curies":[{"name":"wp","href":"https:\/\/api.w.org\/{rel}","templated":true}]}}