{"id":174,"date":"2014-03-31T15:24:53","date_gmt":"2014-03-31T15:24:53","guid":{"rendered":"http:\/\/www.ronzonisrl.it\/?page_id=174"},"modified":"2018-01-17T15:04:43","modified_gmt":"2018-01-17T15:04:43","slug":"allargatori-speciali","status":"publish","type":"page","link":"https:\/\/www.ronzonisrl.it\/pl\/utensili-speciali-a-disegno\/allargatori-speciali\/","title":{"rendered":"Pog\u0142\u0119biacze specjalistyczne"},"content":{"rendered":"<p><\/p>\n<div title=\"Page 11\">\n<p><a href=\"http:\/\/www.ronzonisrl.it\/wp-content\/uploads\/2014\/03\/allargatori.jpg\" rel=\"ndlightbox[174]\"><img loading=\"lazy\" decoding=\"async\" class=\"alignleft size-large wp-image-704\" title=\"Allargatori speciali\" src=\"http:\/\/www.ronzonisrl.it\/wp-content\/uploads\/2014\/03\/allargatori-700x485.jpg\" alt=\"Allargatori speciali\" width=\"425\" height=\"282\" \/><\/a><br \/>\nPog\u0142\u0119biacze to narz\u0119dzia s\u0142u\u017c\u0105ce do pog\u0142\u0119biania istniej\u0105cych otwor\u00f3w: wykorzystywane s\u0105 do wyko\u0144czenia istniej\u0105cego otworu lub do przygotowania \u2013 napunktowania miejsca wiercenia otworu.<br \/>\nRonzoni Srl z Presezzo (Bergamo) wykonuje narz\u0119dzia do pog\u0142\u0119biania z HSS, z czystego w\u0119glika spiekanego i lutowane.<br \/>\nGeometria i liczba kraw\u0119dzi tn\u0105cych pog\u0142\u0119biacza wykonywana jest w zale\u017cno\u015bci od obrabianego materia\u0142u oraz kszta\u0142tu jaki ma by\u0107 osi\u0105gni\u0119ty.<br \/>\nPog\u0142\u0119biacze wykorzystywane s\u0105 w ka\u017cdego rodzaju oprzyrz\u0105dowaniu maszyny i mog\u0105 by\u0107 o r\u00f3\u017cnych pow\u0142okach.<\/p>\n<\/div>\n<p><\/p>","protected":false},"excerpt":{"rendered":"<p>Pog\u0142\u0119biacze to narz\u0119dzia s\u0142u\u017c\u0105ce do pog\u0142\u0119biania istniej\u0105cych otwor\u00f3w: wykorzystywane s\u0105 do wyko\u0144czenia istniej\u0105cego otworu lub do przygotowania \u2013 napunktowania miejsca wiercenia otworu. Ronzoni Srl z Presezzo (Bergamo) wykonuje narz\u0119dzia do pog\u0142\u0119biania z HSS, z czystego w\u0119glika spiekanego i lutowane. Geometria i liczba kraw\u0119dzi tn\u0105cych pog\u0142\u0119biacza wykonywana jest w zale\u017cno\u015bci od obrabianego materia\u0142u oraz kszta\u0142tu jaki [&hellip;]<\/p>\n","protected":false},"author":1,"featured_media":1399,"parent":93,"menu_order":19,"comment_status":"open","ping_status":"closed","template":"template_singol_utesile_spec.php","meta":{"footnotes":""},"class_list":["post-174","page","type-page","status-publish","has-post-thumbnail","hentry"],"_links":{"self":[{"href":"https:\/\/www.ronzonisrl.it\/pl\/wp-json\/wp\/v2\/pages\/174","targetHints":{"allow":["GET"]}}],"collection":[{"href":"https:\/\/www.ronzonisrl.it\/pl\/wp-json\/wp\/v2\/pages"}],"about":[{"href":"https:\/\/www.ronzonisrl.it\/pl\/wp-json\/wp\/v2\/types\/page"}],"author":[{"embeddable":true,"href":"https:\/\/www.ronzonisrl.it\/pl\/wp-json\/wp\/v2\/users\/1"}],"replies":[{"embeddable":true,"href":"https:\/\/www.ronzonisrl.it\/pl\/wp-json\/wp\/v2\/comments?post=174"}],"version-history":[{"count":20,"href":"https:\/\/www.ronzonisrl.it\/pl\/wp-json\/wp\/v2\/pages\/174\/revisions"}],"predecessor-version":[{"id":1682,"href":"https:\/\/www.ronzonisrl.it\/pl\/wp-json\/wp\/v2\/pages\/174\/revisions\/1682"}],"up":[{"embeddable":true,"href":"https:\/\/www.ronzonisrl.it\/pl\/wp-json\/wp\/v2\/pages\/93"}],"wp:featuredmedia":[{"embeddable":true,"href":"https:\/\/www.ronzonisrl.it\/pl\/wp-json\/wp\/v2\/media\/1399"}],"wp:attachment":[{"href":"https:\/\/www.ronzonisrl.it\/pl\/wp-json\/wp\/v2\/media?parent=174"}],"curies":[{"name":"wp","href":"https:\/\/api.w.org\/{rel}","templated":true}]}}