{"id":176,"date":"2014-03-31T15:26:46","date_gmt":"2014-03-31T15:26:46","guid":{"rendered":"http:\/\/www.ronzonisrl.it\/?page_id=176"},"modified":"2018-01-17T15:05:08","modified_gmt":"2018-01-17T15:05:08","slug":"carotatori-speciali","status":"publish","type":"page","link":"https:\/\/www.ronzonisrl.it\/pl\/utensili-speciali-a-disegno\/carotatori-speciali\/","title":{"rendered":"Specjalne otwornice"},"content":{"rendered":"<p><\/p>\n<div title=\"Page 11\">\n<p><a href=\"http:\/\/www.ronzonisrl.it\/wp-content\/uploads\/2014\/03\/ut_carotatori.jpg\" rel=\"ndlightbox[176]\"><img loading=\"lazy\" decoding=\"async\" class=\"alignleft size-large wp-image-706\" title=\"Carotatori speciali\" src=\"http:\/\/www.ronzonisrl.it\/wp-content\/uploads\/2014\/03\/ut_carotatori-700x485.jpg\" alt=\"Carotatori speciali\" width=\"425\" height=\"282\" \/><\/a><br \/>\nNarz\u0119dzia do wiercenia rdzeniowego projektowane i wytwarzane przez firm\u0119 Ronzoni Srl z Presezzo (Bergamo) w zasadzie wykorzystywane s\u0105 do maszyn transferowych i centr obr\u00f3bczych, aby uzyska\u0107 otw\u00f3r o danej \u015brednicy i profilu zewn\u0119trznym.<br \/>\nRonzoni Srl zajmuje si\u0119 projektowaniem i produkcj\u0105 narz\u0119dzi do wiercenia rdzeniowego wykonanych z HSS, czystego w\u0119glika spiekanego lub lutowane, zapewniaj\u0105c swoim klientom odpowiedni\u0105 pow\u0142ok\u0119 dostosowan\u0105 do ka\u017cdego rodzaju materia\u0142u obrabianego.<\/p>\n<\/div>\n<p><\/p>","protected":false},"excerpt":{"rendered":"<p>Narz\u0119dzia do wiercenia rdzeniowego projektowane i wytwarzane przez firm\u0119 Ronzoni Srl z Presezzo (Bergamo) w zasadzie wykorzystywane s\u0105 do maszyn transferowych i centr obr\u00f3bczych, aby uzyska\u0107 otw\u00f3r o danej \u015brednicy i profilu zewn\u0119trznym. Ronzoni Srl zajmuje si\u0119 projektowaniem i produkcj\u0105 narz\u0119dzi do wiercenia rdzeniowego wykonanych z HSS, czystego w\u0119glika spiekanego lub lutowane, zapewniaj\u0105c swoim klientom [&hellip;]<\/p>\n","protected":false},"author":1,"featured_media":1401,"parent":93,"menu_order":20,"comment_status":"open","ping_status":"closed","template":"template_singol_utesile_spec.php","meta":{"footnotes":""},"class_list":["post-176","page","type-page","status-publish","has-post-thumbnail","hentry"],"_links":{"self":[{"href":"https:\/\/www.ronzonisrl.it\/pl\/wp-json\/wp\/v2\/pages\/176","targetHints":{"allow":["GET"]}}],"collection":[{"href":"https:\/\/www.ronzonisrl.it\/pl\/wp-json\/wp\/v2\/pages"}],"about":[{"href":"https:\/\/www.ronzonisrl.it\/pl\/wp-json\/wp\/v2\/types\/page"}],"author":[{"embeddable":true,"href":"https:\/\/www.ronzonisrl.it\/pl\/wp-json\/wp\/v2\/users\/1"}],"replies":[{"embeddable":true,"href":"https:\/\/www.ronzonisrl.it\/pl\/wp-json\/wp\/v2\/comments?post=176"}],"version-history":[{"count":19,"href":"https:\/\/www.ronzonisrl.it\/pl\/wp-json\/wp\/v2\/pages\/176\/revisions"}],"predecessor-version":[{"id":1683,"href":"https:\/\/www.ronzonisrl.it\/pl\/wp-json\/wp\/v2\/pages\/176\/revisions\/1683"}],"up":[{"embeddable":true,"href":"https:\/\/www.ronzonisrl.it\/pl\/wp-json\/wp\/v2\/pages\/93"}],"wp:featuredmedia":[{"embeddable":true,"href":"https:\/\/www.ronzonisrl.it\/pl\/wp-json\/wp\/v2\/media\/1401"}],"wp:attachment":[{"href":"https:\/\/www.ronzonisrl.it\/pl\/wp-json\/wp\/v2\/media?parent=176"}],"curies":[{"name":"wp","href":"https:\/\/api.w.org\/{rel}","templated":true}]}}