{"id":178,"date":"2014-03-31T15:29:02","date_gmt":"2014-03-31T15:29:02","guid":{"rendered":"http:\/\/www.ronzonisrl.it\/?page_id=178"},"modified":"2018-01-17T15:05:36","modified_gmt":"2018-01-17T15:05:36","slug":"utensili-per-la-lavorazione-di-cerchi-in-lega","status":"publish","type":"page","link":"https:\/\/www.ronzonisrl.it\/pl\/utensili-speciali-a-disegno\/utensili-per-la-lavorazione-di-cerchi-in-lega\/","title":{"rendered":"Narz\u0119dzia do wytwarzania felg aluminiowych"},"content":{"rendered":"<p><\/p>\n<div title=\"Page 12\">\n<p><a href=\"http:\/\/www.ronzonisrl.it\/wp-content\/uploads\/2014\/03\/ut_per_cerchi.jpg\" rel=\"ndlightbox[178]\"><img loading=\"lazy\" decoding=\"async\" class=\"alignleft size-large wp-image-726\" title=\"Utensili per la lavorazione di cerchi in lega\" src=\"http:\/\/www.ronzonisrl.it\/wp-content\/uploads\/2014\/03\/ut_per_cerchi-700x485.jpg\" alt=\"Utensili per la lavorazione di cerchi in lega\" width=\"425\" height=\"282\" \/><\/a><br \/>\nDzi\u0119ki wieloletniemu do\u015bwiadczeniu w dziedzinie produkcji felg aluminiowych oraz trwaj\u0105cym badaniom, we wsp\u00f3\u0142pracy z naszymi najlepszymi klientami, Ronzoni Srl z Presezzo (Bergamo) wypracowa\u0142o szerok\u0105 gam\u0119 narz\u0119dzi specjalistycznych do obr\u00f3bki felg ze stopu aluminium i magnezu, kt\u00f3re charakteryzuje wysoka jako\u015b\u0107 i doskona\u0142a wydajno\u015b\u0107.<br \/>\nDzi\u0119ki stale podejmowanym badaniom i rozwojowi, opracowano wiert\u0142o lutowane o niskim napr\u0119\u017ceniu \u015bcinaj\u0105cym przy obr\u00f3bce otwor\u00f3w mocuj\u0105cych w felgach ze stop\u00f3w lekkich.<br \/>\nPonadto, sp\u00f3\u0142ka Ronzoni Srl stworzy\u0142a wiert\u0142a z w\u0119glika spiekanego do otwor\u00f3w zawor\u00f3w, skokowe lutowane oraz z mocowaniem mechanicznym, przed\u0142u\u017cane z narz\u0119dziem wytaczarskim Vario-Line (Wohlhaupter), wiert\u0142a cylindryczne i sto\u017ckowe o r\u00f3\u017cnych rozmiarach.<\/p>\n<\/div>\n<p><\/p>","protected":false},"excerpt":{"rendered":"<p>Dzi\u0119ki wieloletniemu do\u015bwiadczeniu w dziedzinie produkcji felg aluminiowych oraz trwaj\u0105cym badaniom, we wsp\u00f3\u0142pracy z naszymi najlepszymi klientami, Ronzoni Srl z Presezzo (Bergamo) wypracowa\u0142o szerok\u0105 gam\u0119 narz\u0119dzi specjalistycznych do obr\u00f3bki felg ze stopu aluminium i magnezu, kt\u00f3re charakteryzuje wysoka jako\u015b\u0107 i doskona\u0142a wydajno\u015b\u0107. Dzi\u0119ki stale podejmowanym badaniom i rozwojowi, opracowano wiert\u0142o lutowane o niskim napr\u0119\u017ceniu \u015bcinaj\u0105cym [&hellip;]<\/p>\n","protected":false},"author":1,"featured_media":1412,"parent":93,"menu_order":21,"comment_status":"open","ping_status":"closed","template":"template_singol_utesile_spec.php","meta":{"footnotes":""},"class_list":["post-178","page","type-page","status-publish","has-post-thumbnail","hentry"],"_links":{"self":[{"href":"https:\/\/www.ronzonisrl.it\/pl\/wp-json\/wp\/v2\/pages\/178","targetHints":{"allow":["GET"]}}],"collection":[{"href":"https:\/\/www.ronzonisrl.it\/pl\/wp-json\/wp\/v2\/pages"}],"about":[{"href":"https:\/\/www.ronzonisrl.it\/pl\/wp-json\/wp\/v2\/types\/page"}],"author":[{"embeddable":true,"href":"https:\/\/www.ronzonisrl.it\/pl\/wp-json\/wp\/v2\/users\/1"}],"replies":[{"embeddable":true,"href":"https:\/\/www.ronzonisrl.it\/pl\/wp-json\/wp\/v2\/comments?post=178"}],"version-history":[{"count":18,"href":"https:\/\/www.ronzonisrl.it\/pl\/wp-json\/wp\/v2\/pages\/178\/revisions"}],"predecessor-version":[{"id":1684,"href":"https:\/\/www.ronzonisrl.it\/pl\/wp-json\/wp\/v2\/pages\/178\/revisions\/1684"}],"up":[{"embeddable":true,"href":"https:\/\/www.ronzonisrl.it\/pl\/wp-json\/wp\/v2\/pages\/93"}],"wp:featuredmedia":[{"embeddable":true,"href":"https:\/\/www.ronzonisrl.it\/pl\/wp-json\/wp\/v2\/media\/1412"}],"wp:attachment":[{"href":"https:\/\/www.ronzonisrl.it\/pl\/wp-json\/wp\/v2\/media?parent=178"}],"curies":[{"name":"wp","href":"https:\/\/api.w.org\/{rel}","templated":true}]}}