{"id":2,"date":"2014-03-10T16:36:12","date_gmt":"2014-03-10T16:36:12","guid":{"rendered":"http:\/\/www.giocasoftware.it\/ronzonisrl\/?page_id=2"},"modified":"2018-01-17T14:05:31","modified_gmt":"2018-01-17T14:05:31","slug":"utensili-speciali-lavorazioni-meccaniche-bergamo","status":"publish","type":"page","link":"https:\/\/www.ronzonisrl.it\/pl\/utensili-speciali-lavorazioni-meccaniche-bergamo\/","title":{"rendered":"Firma"},"content":{"rendered":"<p><\/p>\n<div><a href=\"http:\/\/www.ronzonisrl.it\/wp-content\/uploads\/2014\/03\/azienda.jpg\" rel=\"ndlightbox[2]\"><img loading=\"lazy\" decoding=\"async\" width=\"449\" height=\"225\" class=\"aligncenter size-full wp-image-42\" src=\"http:\/\/www.ronzonisrl.it\/wp-content\/uploads\/2014\/03\/azienda.jpg\" alt=\"utensili per lavorazioni meccaniche\" srcset=\"https:\/\/www.ronzonisrl.it\/wp-content\/uploads\/2014\/03\/azienda.jpg 449w, https:\/\/www.ronzonisrl.it\/wp-content\/uploads\/2014\/03\/azienda-250x125.jpg 250w, https:\/\/www.ronzonisrl.it\/wp-content\/uploads\/2014\/03\/azienda-125x62.jpg 125w, https:\/\/www.ronzonisrl.it\/wp-content\/uploads\/2014\/03\/azienda-220x110.jpg 220w\" sizes=\"auto, (max-width: 449px) 100vw, 449px\" \/><\/a><\/div>\n<p>Nasza firma maj\u0105ca siedzib\u0119 w Presezzo, w prowincji Bergamo, zajmuje si\u0119 projektowaniem i\u00a0wytwarzaniem specjalistycznych narz\u0119dzi oraz no\u017cy do obr\u00f3bki mechanicznej na tokarkach jedno- lub wielowrzecionowych, maszynach transferowych i\u00a0centrach obr\u00f3bczych.<\/p>\n<p>Od roku 1989 dzia\u0142amy w bran\u017cy oprzyrz\u0105dowania specjalistycznego nie tylko na rynku krajowym, lecz tak\u017ce mi\u0119dzynarodowym, do czego przyczyni\u0142a si\u0119 przedsi\u0119biorczo\u015bci oraz posiadana wiedza (know-how) czterech braci Ronzoni.<\/p>\n<p>Przez te wszystkie lata, firma nasza zawsze stawia\u0142a na warto\u015b\u0107 potencja\u0142u ludzkiego gromadz\u0105c zasoby ludzkie, otaczaj\u0105c si\u0119 godnymi zaufania i powa\u017cnymi partnerami oraz dostawcami, z\u00a0kt\u00f3rymi rozwija\u0142a si\u0119, maj\u0105c na zawsze na uwadze zapewnienie naszym klientom produktu o wysokiej jako\u015bci z certyfikatem ISO 9001, co zawdzi\u0119cza si\u0119 sta\u0142ym inwestycjom w park maszyn najnowszych technologii.<\/p>\n<h2>Projektowanie narz\u0119dzi specjalistycznych<\/h2>\n<p>Ka\u017cde z naszych specjalistycznych narz\u0119dzi powsta\u0142o dzi\u0119ki do\u015bwiadczeniu naszego biura technicznego, kt\u00f3re po otrzymaniu szkicu okre\u015blonego zlecenia, jest w\u00a0stanie zaproponowa\u0107 i zaprojektowa\u0107 specjalistyczne narz\u0119dzie dostosowane do indywidualnego zastosowania.<\/p>\n<p>B\u0119d\u0105c w posiadaniu system\u00f3w CAD 2D i 3D, jeste\u015bmy w stanie zaoferowa\u0107 Pa\u0144stwu wykonanie zar\u00f3wno prostych, jak i bardziej z\u0142o\u017conych narz\u0119dzi.<\/p>\n<p>Nasze biuro techniczne jest zawsze gotowe do rozwi\u0105zywania problem\u00f3w swoich klient\u00f3w dotycz\u0105cych obr\u00f3bki; tak\u017ce we wsp\u00f3\u0142pracy z biurem techniczno- handlowym jeste\u015bmy w stanie wspiera\u0107 klienta <em>on side<\/em> (w jego zak\u0142adzie), w celu realizacji zam\u00f3wienia lub przedyskutowania bardziej z\u0142o\u017conych projekt\u00f3w.<\/p>\n<h2>Wykonywanie narz\u0119dzi specjalistycznych i narz\u0119dzi standardowych<\/h2>\n<p>Po fazie projektowania narz\u0119dzia specjalistycznego, projekt trafia na produkcj\u0119, gdzie, dzi\u0119ki do\u015bwiadczonym pracownikom oraz wykorzystuj\u0105c najnowocze\u015bniejszy park maszynowy, wykonuje si\u0119 to, co chwil\u0119 wcze\u015bniej by\u0142o tylko prostym rysunkiem.<\/p>\n<p>Nasza produkcja narz\u0119dzi specjalistycznych, w\u0142\u0105czaj\u0105c narz\u0119dzia wykonane z w\u0119glika spiekanego, narz\u0119dzia lutowane, narz\u0119dzia wzmocnione mechanicznie, z HSS i\u00a0polikrystaliczne.<\/p>\n<p>Ka\u017cde narz\u0119dzie jest produkowane na maszynach sterowanych numerycznie i ka\u017cda faza obr\u00f3bki podlega rygorystycznym kontrolom zanim trafi do kontroli ko\u0144cowej.<\/p>\n<h2>Kontrola Jako\u015bci<\/h2>\n<p>Po przej\u015bciu przez wszystkie etapy kontroli ka\u017cdej fazy wytworzenia, narz\u0119dzie specjalistyczne jest uko\u0144czone i podlega kontroli ko\u0144cowej w dziale jako\u015bci, gdzie za pomoc\u0105 zaawansowanych narz\u0119dzi kontrolnych, narz\u0119dzie to zostaje sprawdzone w\u00a0100%, tak, aby zagwarantowa\u0107 klientowi wysok\u0105 jako\u015b\u0107 produktu.<\/p>\n<p>W\u0142a\u015bnie w celu realizowania filozofii przedsi\u0119biorstwa oraz codziennego zaanga\u017cowania naszej firmy do oferowania klientowi jako\u015bciowego produktu, nasza firma podda\u0142a si\u0119 certyfikacji wg ISO9001.<\/p>","protected":false},"excerpt":{"rendered":"<p>Nasza firma maj\u0105ca siedzib\u0119 w Presezzo, w prowincji Bergamo, zajmuje si\u0119 projektowaniem i\u00a0wytwarzaniem specjalistycznych narz\u0119dzi oraz no\u017cy do obr\u00f3bki mechanicznej na tokarkach jedno- lub wielowrzecionowych, maszynach transferowych i\u00a0centrach obr\u00f3bczych. Od roku 1989 dzia\u0142amy w bran\u017cy oprzyrz\u0105dowania specjalistycznego nie tylko na rynku krajowym, lecz tak\u017ce mi\u0119dzynarodowym, do czego przyczyni\u0142a si\u0119 przedsi\u0119biorczo\u015bci oraz posiadana wiedza (know-how) czterech [&hellip;]<\/p>\n","protected":false},"author":1,"featured_media":0,"parent":0,"menu_order":0,"comment_status":"open","ping_status":"open","template":"","meta":{"footnotes":""},"class_list":["post-2","page","type-page","status-publish","hentry"],"_links":{"self":[{"href":"https:\/\/www.ronzonisrl.it\/pl\/wp-json\/wp\/v2\/pages\/2","targetHints":{"allow":["GET"]}}],"collection":[{"href":"https:\/\/www.ronzonisrl.it\/pl\/wp-json\/wp\/v2\/pages"}],"about":[{"href":"https:\/\/www.ronzonisrl.it\/pl\/wp-json\/wp\/v2\/types\/page"}],"author":[{"embeddable":true,"href":"https:\/\/www.ronzonisrl.it\/pl\/wp-json\/wp\/v2\/users\/1"}],"replies":[{"embeddable":true,"href":"https:\/\/www.ronzonisrl.it\/pl\/wp-json\/wp\/v2\/comments?post=2"}],"version-history":[{"count":63,"href":"https:\/\/www.ronzonisrl.it\/pl\/wp-json\/wp\/v2\/pages\/2\/revisions"}],"predecessor-version":[{"id":1662,"href":"https:\/\/www.ronzonisrl.it\/pl\/wp-json\/wp\/v2\/pages\/2\/revisions\/1662"}],"wp:attachment":[{"href":"https:\/\/www.ronzonisrl.it\/pl\/wp-json\/wp\/v2\/media?parent=2"}],"curies":[{"name":"wp","href":"https:\/\/api.w.org\/{rel}","templated":true}]}}