{"id":202,"date":"2014-03-31T15:47:20","date_gmt":"2014-03-31T15:47:20","guid":{"rendered":"http:\/\/www.ronzonisrl.it\/?page_id=202"},"modified":"2018-01-17T15:22:29","modified_gmt":"2018-01-17T15:22:29","slug":"punte-hm","status":"publish","type":"page","link":"https:\/\/www.ronzonisrl.it\/pl\/utensili-standard\/punte-hm\/","title":{"rendered":"Wiert\u0142a HM"},"content":{"rendered":"<p><\/p>\n<div title=\"Page 1\"><img loading=\"lazy\" decoding=\"async\" class=\"alignleft size-full wp-image-222\" title=\"Punte HM\" src=\"http:\/\/www.ronzonisrl.it\/wp-content\/uploads\/2014\/03\/prod_st_punte.jpg\" alt=\"Punte HM\" width=\"239\" height=\"304\" srcset=\"https:\/\/www.ronzonisrl.it\/wp-content\/uploads\/2014\/03\/prod_st_punte.jpg 239w, https:\/\/www.ronzonisrl.it\/wp-content\/uploads\/2014\/03\/prod_st_punte-125x158.jpg 125w, https:\/\/www.ronzonisrl.it\/wp-content\/uploads\/2014\/03\/prod_st_punte-220x279.jpg 220w\" sizes=\"auto, (max-width: 239px) 100vw, 239px\" \/>Firma Ronzoni Srl z Presezzo, prowincja Bergamo, specjalizuje si\u0119 w projektowaniu i produkcji narz\u0119dzi standardowych, takich jak wiert\u0142a HM.<br \/>\nStandardowa linia wierte\u0142 HM z w\u0119glik\u00f3w spiekanych zawiera dwie lub trzy kraw\u0119dzie tn\u0105ce.<br \/>\nPonadto, w zale\u017cno\u015bci od potrzeb ka\u017cdego klienta, firma Ronzoni Srl wykonuje wiert\u0142a HM z lub bez wzmocnienia.<br \/>\nWiert\u0142a HM s\u0105 odpowiednie do wszelkiego typu obr\u00f3bek mechanicznych, a firma Ronzoni Srl zobowi\u0105zuje si\u0119 do zapewnienia ka\u017cdemu klientowi us\u0142ugi na najwy\u017cszym poziomie, aby zaspokoi\u0107 indywidualne potrzeby ka\u017cdego klienta.<\/div>\n<p><\/p>","protected":false},"excerpt":{"rendered":"<p>Firma Ronzoni Srl z Presezzo, prowincja Bergamo, specjalizuje si\u0119 w projektowaniu i produkcji narz\u0119dzi standardowych, takich jak wiert\u0142a HM. Standardowa linia wierte\u0142 HM z w\u0119glik\u00f3w spiekanych zawiera dwie lub trzy kraw\u0119dzie tn\u0105ce. Ponadto, w zale\u017cno\u015bci od potrzeb ka\u017cdego klienta, firma Ronzoni Srl wykonuje wiert\u0142a HM z lub bez wzmocnienia. Wiert\u0142a HM s\u0105 odpowiednie do wszelkiego [&hellip;]<\/p>\n","protected":false},"author":1,"featured_media":1425,"parent":126,"menu_order":5,"comment_status":"open","ping_status":"closed","template":"template_singol_utesile_standard.php","meta":{"footnotes":""},"class_list":["post-202","page","type-page","status-publish","has-post-thumbnail","hentry"],"_links":{"self":[{"href":"https:\/\/www.ronzonisrl.it\/pl\/wp-json\/wp\/v2\/pages\/202","targetHints":{"allow":["GET"]}}],"collection":[{"href":"https:\/\/www.ronzonisrl.it\/pl\/wp-json\/wp\/v2\/pages"}],"about":[{"href":"https:\/\/www.ronzonisrl.it\/pl\/wp-json\/wp\/v2\/types\/page"}],"author":[{"embeddable":true,"href":"https:\/\/www.ronzonisrl.it\/pl\/wp-json\/wp\/v2\/users\/1"}],"replies":[{"embeddable":true,"href":"https:\/\/www.ronzonisrl.it\/pl\/wp-json\/wp\/v2\/comments?post=202"}],"version-history":[{"count":15,"href":"https:\/\/www.ronzonisrl.it\/pl\/wp-json\/wp\/v2\/pages\/202\/revisions"}],"predecessor-version":[{"id":1686,"href":"https:\/\/www.ronzonisrl.it\/pl\/wp-json\/wp\/v2\/pages\/202\/revisions\/1686"}],"up":[{"embeddable":true,"href":"https:\/\/www.ronzonisrl.it\/pl\/wp-json\/wp\/v2\/pages\/126"}],"wp:featuredmedia":[{"embeddable":true,"href":"https:\/\/www.ronzonisrl.it\/pl\/wp-json\/wp\/v2\/media\/1425"}],"wp:attachment":[{"href":"https:\/\/www.ronzonisrl.it\/pl\/wp-json\/wp\/v2\/media?parent=202"}],"curies":[{"name":"wp","href":"https:\/\/api.w.org\/{rel}","templated":true}]}}