{"id":204,"date":"2014-03-31T15:49:47","date_gmt":"2014-03-31T15:49:47","guid":{"rendered":"http:\/\/www.ronzonisrl.it\/?page_id=204"},"modified":"2018-01-17T15:23:37","modified_gmt":"2018-01-17T15:23:37","slug":"punte-hm-ad-alte-prestazioni","status":"publish","type":"page","link":"https:\/\/www.ronzonisrl.it\/pl\/utensili-standard\/punte-hm-ad-alte-prestazioni\/","title":{"rendered":"Wysokowydajne wiert\u0142a HM"},"content":{"rendered":"<p><\/p>\n<div title=\"Page 2\"><img loading=\"lazy\" decoding=\"async\" class=\"alignleft size-full wp-image-228\" title=\"Punte HM alte prestazioni\" src=\"http:\/\/www.ronzonisrl.it\/wp-content\/uploads\/2014\/03\/prod_st_punte_alte_p.jpg\" alt=\"Punte HM alte prestazioni\" width=\"238\" height=\"305\" srcset=\"https:\/\/www.ronzonisrl.it\/wp-content\/uploads\/2014\/03\/prod_st_punte_alte_p.jpg 238w, https:\/\/www.ronzonisrl.it\/wp-content\/uploads\/2014\/03\/prod_st_punte_alte_p-125x160.jpg 125w, https:\/\/www.ronzonisrl.it\/wp-content\/uploads\/2014\/03\/prod_st_punte_alte_p-220x281.jpg 220w\" sizes=\"auto, (max-width: 238px) 100vw, 238px\" \/>Linia tych wysokowydajnych wierte\u0142 HM projektowanych i produkowanych przez firm\u0119 Ronzoni Srl z Presezzo (Bergamo) stanowi wiert\u0142a z w\u0119glika spiekanego smarowane oraz powlekane.<br \/>\nWiert\u0142a HM o wysokiej wydajno\u015bci s\u0105 wykorzystywane do poprawienia wydajno\u015bci smarowania na ostrzu tn\u0105cym oraz aby u\u0142atwi\u0107 odprowadzenie wi\u00f3r\u00f3w z g\u0142\u0119bokich otwor\u00f3w.Firma Ronzoni Srl z Bergamo od lat zajmuje si\u0119 tworzeniem standardowych narz\u0119dzi o wysokiej jako\u015bci a jej wysokowydajne wiert\u0142a HM zaspokoj\u0105 wymagania dotycz\u0105ce ka\u017cdego klienta.<\/div>\n<p><\/p>","protected":false},"excerpt":{"rendered":"<p>Linia tych wysokowydajnych wierte\u0142 HM projektowanych i produkowanych przez firm\u0119 Ronzoni Srl z Presezzo (Bergamo) stanowi wiert\u0142a z w\u0119glika spiekanego smarowane oraz powlekane. Wiert\u0142a HM o wysokiej wydajno\u015bci s\u0105 wykorzystywane do poprawienia wydajno\u015bci smarowania na ostrzu tn\u0105cym oraz aby u\u0142atwi\u0107 odprowadzenie wi\u00f3r\u00f3w z g\u0142\u0119bokich otwor\u00f3w.Firma Ronzoni Srl z Bergamo od lat zajmuje si\u0119 tworzeniem standardowych [&hellip;]<\/p>\n","protected":false},"author":1,"featured_media":1424,"parent":126,"menu_order":4,"comment_status":"open","ping_status":"closed","template":"template_singol_utesile_standard.php","meta":{"footnotes":""},"class_list":["post-204","page","type-page","status-publish","has-post-thumbnail","hentry"],"_links":{"self":[{"href":"https:\/\/www.ronzonisrl.it\/pl\/wp-json\/wp\/v2\/pages\/204","targetHints":{"allow":["GET"]}}],"collection":[{"href":"https:\/\/www.ronzonisrl.it\/pl\/wp-json\/wp\/v2\/pages"}],"about":[{"href":"https:\/\/www.ronzonisrl.it\/pl\/wp-json\/wp\/v2\/types\/page"}],"author":[{"embeddable":true,"href":"https:\/\/www.ronzonisrl.it\/pl\/wp-json\/wp\/v2\/users\/1"}],"replies":[{"embeddable":true,"href":"https:\/\/www.ronzonisrl.it\/pl\/wp-json\/wp\/v2\/comments?post=204"}],"version-history":[{"count":17,"href":"https:\/\/www.ronzonisrl.it\/pl\/wp-json\/wp\/v2\/pages\/204\/revisions"}],"predecessor-version":[{"id":1687,"href":"https:\/\/www.ronzonisrl.it\/pl\/wp-json\/wp\/v2\/pages\/204\/revisions\/1687"}],"up":[{"embeddable":true,"href":"https:\/\/www.ronzonisrl.it\/pl\/wp-json\/wp\/v2\/pages\/126"}],"wp:featuredmedia":[{"embeddable":true,"href":"https:\/\/www.ronzonisrl.it\/pl\/wp-json\/wp\/v2\/media\/1424"}],"wp:attachment":[{"href":"https:\/\/www.ronzonisrl.it\/pl\/wp-json\/wp\/v2\/media?parent=204"}],"curies":[{"name":"wp","href":"https:\/\/api.w.org\/{rel}","templated":true}]}}