{"id":208,"date":"2014-03-31T15:54:31","date_gmt":"2014-03-31T15:54:31","guid":{"rendered":"http:\/\/www.ronzonisrl.it\/?page_id=208"},"modified":"2018-01-17T15:25:33","modified_gmt":"2018-01-17T15:25:33","slug":"frese-hm-per-stampisti","status":"publish","type":"page","link":"https:\/\/www.ronzonisrl.it\/pl\/utensili-standard\/frese-hm-per-stampisti\/","title":{"rendered":"Frezy HM szablonowe"},"content":{"rendered":"<p><\/p>\n<div title=\"Page 3\">\n<p><img loading=\"lazy\" decoding=\"async\" class=\"alignleft size-full wp-image-227\" title=\"Frese HM per stampisti\" src=\"http:\/\/www.ronzonisrl.it\/wp-content\/uploads\/2014\/03\/prod_st_linea_stampi.jpg\" alt=\"Frese HM per stampisti\" width=\"239\" height=\"306\" srcset=\"https:\/\/www.ronzonisrl.it\/wp-content\/uploads\/2014\/03\/prod_st_linea_stampi.jpg 239w, https:\/\/www.ronzonisrl.it\/wp-content\/uploads\/2014\/03\/prod_st_linea_stampi-125x160.jpg 125w, https:\/\/www.ronzonisrl.it\/wp-content\/uploads\/2014\/03\/prod_st_linea_stampi-220x281.jpg 220w\" sizes=\"auto, (max-width: 239px) 100vw, 239px\" \/>Do obr\u00f3bki o du\u017cej pr\u0119dko\u015bci skrawania z szablonu firma Ronzoni Srl di Presezzo (Bergamo) stworzy\u0142a ca\u0142\u0105 lini\u0119 frez\u00f3w HM szablonowych z w\u0119glika spiekanego.<br \/>\nDo grupy frez\u00f3w HM szablonowych zalicza si\u0119 m.in. frezy promieniowe, toroidalne, wieloostrzowe.<br \/>\nPokrycie frez\u00f3w HM poprawia trwa\u0142o\u015b\u0107 i wydajno\u015b\u0107 narz\u0119dzi.<\/p>\n<\/div>\n<p><\/p>","protected":false},"excerpt":{"rendered":"<p>Do obr\u00f3bki o du\u017cej pr\u0119dko\u015bci skrawania z szablonu firma Ronzoni Srl di Presezzo (Bergamo) stworzy\u0142a ca\u0142\u0105 lini\u0119 frez\u00f3w HM szablonowych z w\u0119glika spiekanego. Do grupy frez\u00f3w HM szablonowych zalicza si\u0119 m.in. frezy promieniowe, toroidalne, wieloostrzowe. Pokrycie frez\u00f3w HM poprawia trwa\u0142o\u015b\u0107 i wydajno\u015b\u0107 narz\u0119dzi.<\/p>\n","protected":false},"author":1,"featured_media":1429,"parent":126,"menu_order":1,"comment_status":"open","ping_status":"closed","template":"template_singol_utesile_standard.php","meta":{"footnotes":""},"class_list":["post-208","page","type-page","status-publish","has-post-thumbnail","hentry"],"_links":{"self":[{"href":"https:\/\/www.ronzonisrl.it\/pl\/wp-json\/wp\/v2\/pages\/208","targetHints":{"allow":["GET"]}}],"collection":[{"href":"https:\/\/www.ronzonisrl.it\/pl\/wp-json\/wp\/v2\/pages"}],"about":[{"href":"https:\/\/www.ronzonisrl.it\/pl\/wp-json\/wp\/v2\/types\/page"}],"author":[{"embeddable":true,"href":"https:\/\/www.ronzonisrl.it\/pl\/wp-json\/wp\/v2\/users\/1"}],"replies":[{"embeddable":true,"href":"https:\/\/www.ronzonisrl.it\/pl\/wp-json\/wp\/v2\/comments?post=208"}],"version-history":[{"count":15,"href":"https:\/\/www.ronzonisrl.it\/pl\/wp-json\/wp\/v2\/pages\/208\/revisions"}],"predecessor-version":[{"id":1689,"href":"https:\/\/www.ronzonisrl.it\/pl\/wp-json\/wp\/v2\/pages\/208\/revisions\/1689"}],"up":[{"embeddable":true,"href":"https:\/\/www.ronzonisrl.it\/pl\/wp-json\/wp\/v2\/pages\/126"}],"wp:featuredmedia":[{"embeddable":true,"href":"https:\/\/www.ronzonisrl.it\/pl\/wp-json\/wp\/v2\/media\/1429"}],"wp:attachment":[{"href":"https:\/\/www.ronzonisrl.it\/pl\/wp-json\/wp\/v2\/media?parent=208"}],"curies":[{"name":"wp","href":"https:\/\/api.w.org\/{rel}","templated":true}]}}