{"id":210,"date":"2014-03-31T15:56:29","date_gmt":"2014-03-31T15:56:29","guid":{"rendered":"http:\/\/www.ronzonisrl.it\/?page_id=210"},"modified":"2018-01-17T15:26:42","modified_gmt":"2018-01-17T15:26:42","slug":"frese-circolari-e-alesatori","status":"publish","type":"page","link":"https:\/\/www.ronzonisrl.it\/pl\/utensili-standard\/frese-circolari-e-alesatori\/","title":{"rendered":"Frezy tarczowe i rozwiertaki"},"content":{"rendered":"<p><\/p>\n<div title=\"Page 3\"><img loading=\"lazy\" decoding=\"async\" class=\"size-full wp-image-224 alignleft\" title=\"Frese circolari e alesatori\" src=\"http:\/\/www.ronzonisrl.it\/wp-content\/uploads\/2014\/03\/prod_st_alesatori.jpg\" alt=\"Frese circolari e alesatori\" width=\"250\" height=\"319\" srcset=\"https:\/\/www.ronzonisrl.it\/wp-content\/uploads\/2014\/03\/prod_st_alesatori.jpg 250w, https:\/\/www.ronzonisrl.it\/wp-content\/uploads\/2014\/03\/prod_st_alesatori-125x159.jpg 125w, https:\/\/www.ronzonisrl.it\/wp-content\/uploads\/2014\/03\/prod_st_alesatori-220x280.jpg 220w\" sizes=\"auto, (max-width: 250px) 100vw, 250px\" \/><br \/>\nFirma Ronzoni Srl z Presezzo (Bergamo) projektuje i wytwarza lini\u0119 rozwiertak\u00f3w i frez\u00f3w tarczowych.<br \/>\nLinia rozwiertak\u00f3w obejmuje rozwiertaki wieloostrzowe z kraw\u0119dzi\u0105 skrawaj\u0105c\u0105 prost\u0105 lub rowkiem spiralnym lewoskr\u0119tnym oraz o nieregularnym kszta\u0142cie ostrza.Grupa frez\u00f3w tarczowych z w\u0119glika spiekanego obejmuje zar\u00f3wno frezy z drobnymi z\u0105bkami, jak i te z du\u017cymi, kt\u00f3re posiadaj\u0105 wszechstronne zastosowanie.<\/div>\n<p><\/p>","protected":false},"excerpt":{"rendered":"<p>Firma Ronzoni Srl z Presezzo (Bergamo) projektuje i wytwarza lini\u0119 rozwiertak\u00f3w i frez\u00f3w tarczowych. Linia rozwiertak\u00f3w obejmuje rozwiertaki wieloostrzowe z kraw\u0119dzi\u0105 skrawaj\u0105c\u0105 prost\u0105 lub rowkiem spiralnym lewoskr\u0119tnym oraz o nieregularnym kszta\u0142cie ostrza.Grupa frez\u00f3w tarczowych z w\u0119glika spiekanego obejmuje zar\u00f3wno frezy z drobnymi z\u0105bkami, jak i te z du\u017cymi, kt\u00f3re posiadaj\u0105 wszechstronne zastosowanie.<\/p>\n","protected":false},"author":1,"featured_media":1420,"parent":126,"menu_order":0,"comment_status":"open","ping_status":"closed","template":"template_singol_utesile_standard.php","meta":{"footnotes":""},"class_list":["post-210","page","type-page","status-publish","has-post-thumbnail","hentry"],"_links":{"self":[{"href":"https:\/\/www.ronzonisrl.it\/pl\/wp-json\/wp\/v2\/pages\/210","targetHints":{"allow":["GET"]}}],"collection":[{"href":"https:\/\/www.ronzonisrl.it\/pl\/wp-json\/wp\/v2\/pages"}],"about":[{"href":"https:\/\/www.ronzonisrl.it\/pl\/wp-json\/wp\/v2\/types\/page"}],"author":[{"embeddable":true,"href":"https:\/\/www.ronzonisrl.it\/pl\/wp-json\/wp\/v2\/users\/1"}],"replies":[{"embeddable":true,"href":"https:\/\/www.ronzonisrl.it\/pl\/wp-json\/wp\/v2\/comments?post=210"}],"version-history":[{"count":18,"href":"https:\/\/www.ronzonisrl.it\/pl\/wp-json\/wp\/v2\/pages\/210\/revisions"}],"predecessor-version":[{"id":1690,"href":"https:\/\/www.ronzonisrl.it\/pl\/wp-json\/wp\/v2\/pages\/210\/revisions\/1690"}],"up":[{"embeddable":true,"href":"https:\/\/www.ronzonisrl.it\/pl\/wp-json\/wp\/v2\/pages\/126"}],"wp:featuredmedia":[{"embeddable":true,"href":"https:\/\/www.ronzonisrl.it\/pl\/wp-json\/wp\/v2\/media\/1420"}],"wp:attachment":[{"href":"https:\/\/www.ronzonisrl.it\/pl\/wp-json\/wp\/v2\/media?parent=210"}],"curies":[{"name":"wp","href":"https:\/\/api.w.org\/{rel}","templated":true}]}}