{"id":326,"date":"2014-05-07T14:11:56","date_gmt":"2014-05-07T14:11:56","guid":{"rendered":"http:\/\/www.ronzonisrl.it\/?page_id=326"},"modified":"2018-01-17T15:30:23","modified_gmt":"2018-01-17T15:30:23","slug":"applicazioni","status":"publish","type":"page","link":"https:\/\/www.ronzonisrl.it\/pl\/applicazioni\/","title":{"rendered":"Zastosowanie"},"content":{"rendered":"<p>Nasz\u0105 pasj\u0105 w projektowaniu i wykonywaniu narz\u0119dzi specjalistycznych, jest sprostanie coraz to nowym oczekiwaniom przedsi\u0119biorstw ze wszystkich sektor\u00f3w przemys\u0142u in\u017cynieryjnego, dla kt\u00f3rych narz\u0119dzie specjalistyczne ma coraz to wi\u0119ksze znaczenie przy skracaniu cykli produkcyjnych oraz dla sprostania coraz wi\u0119kszemu zapotrzebowaniu na jako\u015bciowe i precyzyjne elementy robocze.<br \/>\nNasza firma dzia\u0142a w przemy\u015ble motoryzacyjnym, hydraulicznym, pneumatycznym, lotniczym, w sektorze produkcji drobnych cz\u0119\u015bci i zawor\u00f3w, a nasze specjalistyczne narz\u0119dzia znajduj\u0105 zastosowanie, w szczeg\u00f3lno\u015bci, jako osprz\u0119t do tokarek jedno- i wielowrzecionowych, maszyn transferowych i centr obr\u00f3bczych.<br \/>\nKa\u017cde z naszych specjalistycznych narz\u0119dzi zosta\u0142o zaprojektowane i skonstruowane zgodnie ze specyfikacj\u0105 techniczn\u0105 materia\u0142u obrabianego, jego tolerancj\u0105 wymiar\u00f3w oraz bior\u0105c pod uwag\u0119 maszyn\u0119, na kt\u00f3rej b\u0119dzie wykonywana praca, staraj\u0105c si\u0119 znale\u017a\u0107 dla ka\u017cdego indywidualnego zastosowania optymalne rozwi\u0105zanie.<\/p>","protected":false},"excerpt":{"rendered":"<p>Nasz\u0105 pasj\u0105 w projektowaniu i wykonywaniu narz\u0119dzi specjalistycznych, jest sprostanie coraz to nowym oczekiwaniom przedsi\u0119biorstw ze wszystkich sektor\u00f3w przemys\u0142u in\u017cynieryjnego, dla kt\u00f3rych narz\u0119dzie specjalistyczne ma coraz to wi\u0119ksze znaczenie przy skracaniu cykli produkcyjnych oraz dla sprostania coraz wi\u0119kszemu zapotrzebowaniu na jako\u015bciowe i precyzyjne elementy robocze. Nasza firma dzia\u0142a w przemy\u015ble motoryzacyjnym, hydraulicznym, pneumatycznym, lotniczym, w [&hellip;]<\/p>\n","protected":false},"author":1,"featured_media":0,"parent":0,"menu_order":0,"comment_status":"open","ping_status":"open","template":"template_applicazioni.php","meta":{"footnotes":""},"class_list":["post-326","page","type-page","status-publish","hentry"],"_links":{"self":[{"href":"https:\/\/www.ronzonisrl.it\/pl\/wp-json\/wp\/v2\/pages\/326","targetHints":{"allow":["GET"]}}],"collection":[{"href":"https:\/\/www.ronzonisrl.it\/pl\/wp-json\/wp\/v2\/pages"}],"about":[{"href":"https:\/\/www.ronzonisrl.it\/pl\/wp-json\/wp\/v2\/types\/page"}],"author":[{"embeddable":true,"href":"https:\/\/www.ronzonisrl.it\/pl\/wp-json\/wp\/v2\/users\/1"}],"replies":[{"embeddable":true,"href":"https:\/\/www.ronzonisrl.it\/pl\/wp-json\/wp\/v2\/comments?post=326"}],"version-history":[{"count":37,"href":"https:\/\/www.ronzonisrl.it\/pl\/wp-json\/wp\/v2\/pages\/326\/revisions"}],"predecessor-version":[{"id":1692,"href":"https:\/\/www.ronzonisrl.it\/pl\/wp-json\/wp\/v2\/pages\/326\/revisions\/1692"}],"wp:attachment":[{"href":"https:\/\/www.ronzonisrl.it\/pl\/wp-json\/wp\/v2\/media?parent=326"}],"curies":[{"name":"wp","href":"https:\/\/api.w.org\/{rel}","templated":true}]}}