{"id":364,"date":"2014-05-08T15:06:21","date_gmt":"2014-05-08T15:06:21","guid":{"rendered":"http:\/\/www.ronzonisrl.it\/?page_id=364"},"modified":"2018-01-17T15:36:29","modified_gmt":"2018-01-17T15:36:29","slug":"utensili-per-transfer","status":"publish","type":"page","link":"https:\/\/www.ronzonisrl.it\/pl\/applicazioni\/utensili-per-transfer\/","title":{"rendered":"Narz\u0119dzia do maszyn transferowych"},"content":{"rendered":"<p>Za pomoc\u0105 maszyn transferowych wytwarza si\u0119 elementy obrabiane z mosi\u0119\u017cnego, aluminiowego, stalowego, czy te\u017c ze stali szlachetnej materia\u0142u o przekroju walca.<\/p>\n<p>Do zachowania konkurencyjno\u015bci ogromne znaczenie ma zredukowanie czasu trwania cyklu produkcyjnego, a w celu spe\u0142nienia temu wymogowi firma Ronzoni Srl z siedzib\u0105 w Presezzo (Bergamo) mo\u017ce opracowa\u0107 dla Pa\u0144stwa narz\u0119dzia specjalistyczne i kszta\u0142towe.<\/p>\n<p>Do tego typu maszyn transferowych projektujemy i wykonujemy no\u017ce kszta\u0142towe dla profili zewn\u0119trznych, p\u0142ytki kszta\u0142towe, wiert\u0142a pi\u00f3rkowe kszta\u0142towe z w\u0119glika spiekanego, wykonane z HSS lub lutowane, wiert\u0142a o r\u00f3\u017cnych kszta\u0142tach spirali na sucho lub z oliwieniem, kszta\u0142towe wiert\u0142a lufowe, pog\u0142\u0119biacze wed\u0142ug indywidualnego projektu, wszelkiego rodzaju rozwiertaki, wykrojniki specjalnie lutowane, z w\u0119glika spiekanego lub HSS, oraz narz\u0119dzia specjalistyczne do mocowa\u0144 mechanicznych.<\/p>","protected":false},"excerpt":{"rendered":"<p>Za pomoc\u0105 maszyn transferowych wytwarza si\u0119 elementy obrabiane z mosi\u0119\u017cnego, aluminiowego, stalowego, czy te\u017c ze stali szlachetnej materia\u0142u o przekroju walca. Do zachowania konkurencyjno\u015bci ogromne znaczenie ma zredukowanie czasu trwania cyklu produkcyjnego, a w celu spe\u0142nienia temu wymogowi firma Ronzoni Srl z siedzib\u0105 w Presezzo (Bergamo) mo\u017ce opracowa\u0107 dla Pa\u0144stwa narz\u0119dzia specjalistyczne i kszta\u0142towe. Do [&hellip;]<\/p>\n","protected":false},"author":1,"featured_media":0,"parent":326,"menu_order":3,"comment_status":"open","ping_status":"closed","template":"template_singol_applicazione.php","meta":{"footnotes":""},"class_list":["post-364","page","type-page","status-publish","hentry"],"_links":{"self":[{"href":"https:\/\/www.ronzonisrl.it\/pl\/wp-json\/wp\/v2\/pages\/364","targetHints":{"allow":["GET"]}}],"collection":[{"href":"https:\/\/www.ronzonisrl.it\/pl\/wp-json\/wp\/v2\/pages"}],"about":[{"href":"https:\/\/www.ronzonisrl.it\/pl\/wp-json\/wp\/v2\/types\/page"}],"author":[{"embeddable":true,"href":"https:\/\/www.ronzonisrl.it\/pl\/wp-json\/wp\/v2\/users\/1"}],"replies":[{"embeddable":true,"href":"https:\/\/www.ronzonisrl.it\/pl\/wp-json\/wp\/v2\/comments?post=364"}],"version-history":[{"count":19,"href":"https:\/\/www.ronzonisrl.it\/pl\/wp-json\/wp\/v2\/pages\/364\/revisions"}],"predecessor-version":[{"id":1694,"href":"https:\/\/www.ronzonisrl.it\/pl\/wp-json\/wp\/v2\/pages\/364\/revisions\/1694"}],"up":[{"embeddable":true,"href":"https:\/\/www.ronzonisrl.it\/pl\/wp-json\/wp\/v2\/pages\/326"}],"wp:attachment":[{"href":"https:\/\/www.ronzonisrl.it\/pl\/wp-json\/wp\/v2\/media?parent=364"}],"curies":[{"name":"wp","href":"https:\/\/api.w.org\/{rel}","templated":true}]}}