{"id":367,"date":"2014-05-08T15:12:26","date_gmt":"2014-05-08T15:12:26","guid":{"rendered":"http:\/\/www.ronzonisrl.it\/?page_id=367"},"modified":"2018-01-17T15:38:37","modified_gmt":"2018-01-17T15:38:37","slug":"utensili-per-centri-di-lavoro","status":"publish","type":"page","link":"https:\/\/www.ronzonisrl.it\/pl\/applicazioni\/utensili-per-centri-di-lavoro\/","title":{"rendered":"Narz\u0119dzia do centr obr\u00f3bczych"},"content":{"rendered":"<p>Od wielu lat nasza firma wsp\u00f3\u0142pracuje z mi\u0119dzynarodowymi firmami z bran\u017cy motoryzacyjnej i jest w stanie zaoferowa\u0107 wysokiej jako\u015bci narz\u0119dzia do obr\u00f3bki element\u00f3w obrabianych z aluminiowych odlew\u00f3w kokilowych, materia\u0142\u00f3w kutych, odlew\u00f3w \u017celiwnych, czy te\u017c materia\u0142\u00f3w o z\u0142o\u017conej strukturze wytwarzanych bezpo\u015brednio z litego elementu.<\/p>\n<p>Dzi\u0119ki wieloletniej obecno\u015bci na tym rynku, mo\u017cemy zaoferowa\u0107 Pa\u0144stwu wysokiej jako\u015bci wiert\u0142a specjalistyczne do wiercenia na sucho lub z oliwieniem, wiert\u0142a lutowane, specjalistyczne frezy o r\u00f3\u017cnorodnych kszta\u0142tach z w\u0119glika spiekanego lub lutowane, pog\u0142\u0119biacze zaprojektowane wed\u0142ug projektu klienta, rozwiertaki z w\u0119glika spiekanego lub lutowane, specjalne narz\u0119dzia do mechanicznych element\u00f3w \u0142\u0105cz\u0105cych oraz specjalistyczne otwornice.<br \/>\nMo\u017cemy r\u00f3wnie\u017c zaoferowa\u0107 Pa\u0144stwu pe\u0142ny zakres wysokojako\u015bciowych narz\u0119dzi do produkcji felg aluminiowych; od wierte\u0142 dopasowanych do g\u0142owic \u015bruby dwustronnej po wiert\u0142a do otworu zaworu; od frezu do fazowania wstecznego, po no\u017ce kszta\u0142towe lutowane, a\u017c do tworzenia pr\u00f3b kontrolnych.<\/p>","protected":false},"excerpt":{"rendered":"<p>Od wielu lat nasza firma wsp\u00f3\u0142pracuje z mi\u0119dzynarodowymi firmami z bran\u017cy motoryzacyjnej i jest w stanie zaoferowa\u0107 wysokiej jako\u015bci narz\u0119dzia do obr\u00f3bki element\u00f3w obrabianych z aluminiowych odlew\u00f3w kokilowych, materia\u0142\u00f3w kutych, odlew\u00f3w \u017celiwnych, czy te\u017c materia\u0142\u00f3w o z\u0142o\u017conej strukturze wytwarzanych bezpo\u015brednio z litego elementu. Dzi\u0119ki wieloletniej obecno\u015bci na tym rynku, mo\u017cemy zaoferowa\u0107 Pa\u0144stwu wysokiej jako\u015bci wiert\u0142a [&hellip;]<\/p>\n","protected":false},"author":1,"featured_media":0,"parent":326,"menu_order":2,"comment_status":"open","ping_status":"closed","template":"template_singol_applicazione.php","meta":{"footnotes":""},"class_list":["post-367","page","type-page","status-publish","hentry"],"_links":{"self":[{"href":"https:\/\/www.ronzonisrl.it\/pl\/wp-json\/wp\/v2\/pages\/367","targetHints":{"allow":["GET"]}}],"collection":[{"href":"https:\/\/www.ronzonisrl.it\/pl\/wp-json\/wp\/v2\/pages"}],"about":[{"href":"https:\/\/www.ronzonisrl.it\/pl\/wp-json\/wp\/v2\/types\/page"}],"author":[{"embeddable":true,"href":"https:\/\/www.ronzonisrl.it\/pl\/wp-json\/wp\/v2\/users\/1"}],"replies":[{"embeddable":true,"href":"https:\/\/www.ronzonisrl.it\/pl\/wp-json\/wp\/v2\/comments?post=367"}],"version-history":[{"count":22,"href":"https:\/\/www.ronzonisrl.it\/pl\/wp-json\/wp\/v2\/pages\/367\/revisions"}],"predecessor-version":[{"id":1695,"href":"https:\/\/www.ronzonisrl.it\/pl\/wp-json\/wp\/v2\/pages\/367\/revisions\/1695"}],"up":[{"embeddable":true,"href":"https:\/\/www.ronzonisrl.it\/pl\/wp-json\/wp\/v2\/pages\/326"}],"wp:attachment":[{"href":"https:\/\/www.ronzonisrl.it\/pl\/wp-json\/wp\/v2\/media?parent=367"}],"curies":[{"name":"wp","href":"https:\/\/api.w.org\/{rel}","templated":true}]}}