{"id":373,"date":"2014-05-08T15:36:39","date_gmt":"2014-05-08T15:36:39","guid":{"rendered":"http:\/\/www.ronzonisrl.it\/?page_id=373"},"modified":"2018-01-17T15:06:01","modified_gmt":"2018-01-17T15:06:01","slug":"portautensili-speciali","status":"publish","type":"page","link":"https:\/\/www.ronzonisrl.it\/pl\/utensili-speciali-a-disegno\/portautensili-speciali\/","title":{"rendered":"Specjalne uchwyty tokarskie"},"content":{"rendered":"<p><\/p>\n<p dir=\"ltr\"><a href=\"http:\/\/www.ronzonisrl.it\/wp-content\/uploads\/2014\/05\/portautensili.jpg\" rel=\"ndlightbox[373]\"><img loading=\"lazy\" decoding=\"async\" class=\"alignleft size-large wp-image-714\" title=\"Portautensili speciali\" src=\"http:\/\/www.ronzonisrl.it\/wp-content\/uploads\/2014\/05\/portautensili-700x485.jpg\" alt=\"Portautensili speciali\" width=\"425\" height=\"282\" \/><\/a><\/p>\n<p>Specjalny uchwyt mo\u017ce by\u0107 wykorzystywany do r\u00f3\u017cnych potrzeb, jak na przyk\u0142ad, gdy koniecznym jest dotarcie do obszaru obrabianego po\u0142o\u017conego g\u0142\u0119boko, kt\u00f3rego obr\u00f3bka nie jest mo\u017cliwa przy zastosowaniu uchwytu standardowego lub w przypadku okre\u015blonych w\u0142a\u015bciwo\u015bci maszyny lub narz\u0119dzia, kt\u00f3re ma by\u0107 zastosowane.<\/p>","protected":false},"excerpt":{"rendered":"<p>Specjalny uchwyt mo\u017ce by\u0107 wykorzystywany do r\u00f3\u017cnych potrzeb, jak na przyk\u0142ad, gdy koniecznym jest dotarcie do obszaru obrabianego po\u0142o\u017conego g\u0142\u0119boko, kt\u00f3rego obr\u00f3bka nie jest mo\u017cliwa przy zastosowaniu uchwytu standardowego lub w przypadku okre\u015blonych w\u0142a\u015bciwo\u015bci maszyny lub narz\u0119dzia, kt\u00f3re ma by\u0107 zastosowane.<\/p>\n","protected":false},"author":1,"featured_media":1406,"parent":93,"menu_order":8,"comment_status":"open","ping_status":"closed","template":"template_singol_utesile_spec.php","meta":{"footnotes":""},"class_list":["post-373","page","type-page","status-publish","has-post-thumbnail","hentry"],"_links":{"self":[{"href":"https:\/\/www.ronzonisrl.it\/pl\/wp-json\/wp\/v2\/pages\/373","targetHints":{"allow":["GET"]}}],"collection":[{"href":"https:\/\/www.ronzonisrl.it\/pl\/wp-json\/wp\/v2\/pages"}],"about":[{"href":"https:\/\/www.ronzonisrl.it\/pl\/wp-json\/wp\/v2\/types\/page"}],"author":[{"embeddable":true,"href":"https:\/\/www.ronzonisrl.it\/pl\/wp-json\/wp\/v2\/users\/1"}],"replies":[{"embeddable":true,"href":"https:\/\/www.ronzonisrl.it\/pl\/wp-json\/wp\/v2\/comments?post=373"}],"version-history":[{"count":19,"href":"https:\/\/www.ronzonisrl.it\/pl\/wp-json\/wp\/v2\/pages\/373\/revisions"}],"predecessor-version":[{"id":1685,"href":"https:\/\/www.ronzonisrl.it\/pl\/wp-json\/wp\/v2\/pages\/373\/revisions\/1685"}],"up":[{"embeddable":true,"href":"https:\/\/www.ronzonisrl.it\/pl\/wp-json\/wp\/v2\/pages\/93"}],"wp:featuredmedia":[{"embeddable":true,"href":"https:\/\/www.ronzonisrl.it\/pl\/wp-json\/wp\/v2\/media\/1406"}],"wp:attachment":[{"href":"https:\/\/www.ronzonisrl.it\/pl\/wp-json\/wp\/v2\/media?parent=373"}],"curies":[{"name":"wp","href":"https:\/\/api.w.org\/{rel}","templated":true}]}}