{"id":642,"date":"2014-05-19T10:14:16","date_gmt":"2014-05-19T10:14:16","guid":{"rendered":"http:\/\/www.ronzonisrl.it\/?page_id=642"},"modified":"2018-01-17T15:39:45","modified_gmt":"2018-01-17T15:39:45","slug":"utensili-per-torni-plurimandrino","status":"publish","type":"page","link":"https:\/\/www.ronzonisrl.it\/pl\/applicazioni\/utensili-per-torni-plurimandrino\/","title":{"rendered":"Narz\u0119dzia do tokarek wielowrzecionowych"},"content":{"rendered":"<p>Na tokarkach wielowrzecionowych wytwarzane s\u0105 produkty wielkoseryjne i z tego te\u017c powodu czas cyklu produkcji ka\u017cdego elementu powinien by\u0107 mo\u017cliwie najkr\u00f3tszy, z tego te\u017c powodu nasze specjalistyczne narz\u0119dzia skrawaj\u0105ce maj\u0105 tu fundamentalne znaczenie.<\/p>\n<p>Na takich tokarkach wykorzystywana jest ca\u0142a gama naszych narz\u0119dzi specjalistycznych:<\/p>\n<p>&#8211; Do obr\u00f3bki zewn\u0119trznej produkujemy no\u017ce tokarskie kszta\u0142towe z w\u0119glika spiekanego, lutowane, ze stali HSS, lub z wymiennymi p\u0142ytkami mocowane mechanicznie, uchwyty pryzmowe lub typu jask\u00f3\u0142cze gniazdo, frezy no\u017cowe, narz\u0119dzia o profilu okr\u0105g\u0142ym, przeci\u0105gacze, uchwyty tokarskie wieloszcz\u0119kowe mocowane mechanicznie lub lutowane oraz g\u0142owice frezarskie standardowe i specjalistyczne.<br \/>\n&#8211; Do obr\u00f3bki powierzchni wewn\u0119trznych mo\u017cemy zaoferowa\u0107 Pa\u0144stwu narz\u0119dzia do obr\u00f3bki powierzchni wewn\u0119trznej (wg\u0142\u0119bie\u0144) z HSS, lutowane z w\u0119glika spiekanego, wytaczaki specjalistyczne, specjalnie formowane wiert\u0142a kr\u0119te, wiert\u0142a lufowe i pi\u00f3rkowe, rozwiertaki specjalnie profilowane, frezy, narz\u0119dzia do wiercenia rdzeniowego oraz specjalistyczne przeci\u0105gacze.<\/p>\n<p>Ka\u017cde narz\u0119dzie specjalistyczne zosta\u0142o zaprojektowane i wykonywane bior\u0105c pod uwag\u0119 materia\u0142, z kt\u00f3rego zosta\u0142 wykonany element podlegaj\u0105cy obr\u00f3bce, a w przypadku wyst\u0105pienia takiej potrzeby mo\u017cemy dostarczy\u0107 nasze narz\u0119dzia z najbardziej odpowiadaj\u0105c\u0105 pow\u0142ok\u0105.<\/p>","protected":false},"excerpt":{"rendered":"<p>Na tokarkach wielowrzecionowych wytwarzane s\u0105 produkty wielkoseryjne i z tego te\u017c powodu czas cyklu produkcji ka\u017cdego elementu powinien by\u0107 mo\u017cliwie najkr\u00f3tszy, z tego te\u017c powodu nasze specjalistyczne narz\u0119dzia skrawaj\u0105ce maj\u0105 tu fundamentalne znaczenie. Na takich tokarkach wykorzystywana jest ca\u0142a gama naszych narz\u0119dzi specjalistycznych: &#8211; Do obr\u00f3bki zewn\u0119trznej produkujemy no\u017ce tokarskie kszta\u0142towe z w\u0119glika spiekanego, lutowane, [&hellip;]<\/p>\n","protected":false},"author":1,"featured_media":0,"parent":326,"menu_order":1,"comment_status":"open","ping_status":"closed","template":"template_singol_applicazione.php","meta":{"footnotes":""},"class_list":["post-642","page","type-page","status-publish","hentry"],"_links":{"self":[{"href":"https:\/\/www.ronzonisrl.it\/pl\/wp-json\/wp\/v2\/pages\/642","targetHints":{"allow":["GET"]}}],"collection":[{"href":"https:\/\/www.ronzonisrl.it\/pl\/wp-json\/wp\/v2\/pages"}],"about":[{"href":"https:\/\/www.ronzonisrl.it\/pl\/wp-json\/wp\/v2\/types\/page"}],"author":[{"embeddable":true,"href":"https:\/\/www.ronzonisrl.it\/pl\/wp-json\/wp\/v2\/users\/1"}],"replies":[{"embeddable":true,"href":"https:\/\/www.ronzonisrl.it\/pl\/wp-json\/wp\/v2\/comments?post=642"}],"version-history":[{"count":29,"href":"https:\/\/www.ronzonisrl.it\/pl\/wp-json\/wp\/v2\/pages\/642\/revisions"}],"predecessor-version":[{"id":1696,"href":"https:\/\/www.ronzonisrl.it\/pl\/wp-json\/wp\/v2\/pages\/642\/revisions\/1696"}],"up":[{"embeddable":true,"href":"https:\/\/www.ronzonisrl.it\/pl\/wp-json\/wp\/v2\/pages\/326"}],"wp:attachment":[{"href":"https:\/\/www.ronzonisrl.it\/pl\/wp-json\/wp\/v2\/media?parent=642"}],"curies":[{"name":"wp","href":"https:\/\/api.w.org\/{rel}","templated":true}]}}