{"id":93,"date":"2014-03-31T13:34:26","date_gmt":"2014-03-31T13:34:26","guid":{"rendered":"http:\/\/www.ronzonisrl.it\/?page_id=93"},"modified":"2025-11-20T11:15:59","modified_gmt":"2025-11-20T11:15:59","slug":"utensili-speciali-a-disegno","status":"publish","type":"page","link":"https:\/\/www.ronzonisrl.it\/pl\/utensili-speciali-a-disegno\/","title":{"rendered":"Narz\u0119dzia specjalistyczne wg projektu: projekt i produkcja"},"content":{"rendered":"<p>Cz\u0119sto zdarza si\u0119 tak, \u017ce nawet je\u015bli dysponujemy najbardziej wydajnymi, nowoczesnymi i\u00a0posiadaj\u0105cymi szeroki wachlarz wytw\u00f3rczy maszynami nie jest to wystarczaj\u0105ce, je\u015bli brakuje podstawowych element\u00f3w oprzyrz\u0105dowania, takich jak frezy kr\u0105\u017ckowe, frezy tarczowe do toczenia czy rolki skrawaj\u0105ce i szlifuj\u0105ce dopasowane do wyrob\u00f3w, kt\u00f3re chce si\u0119 wytworzy\u0107. W takich urz\u0105dzeniach jak centra wytw\u00f3rcze, obrabiarki transferowe, maszyny CNC czy innych przyrz\u0105dach do obr\u00f3bki brak odpowiednich wierte\u0142 czy frez\u00f3w czo\u0142owych wp\u0142ywa na obni\u017cenie wydajno\u015bci, wyd\u0142u\u017cenie czasu wytwarzania produktu oraz nie daje odpowiednio wymiernych rezultat\u00f3w.Cz\u0119sto zdarza si\u0119 tak, \u017ce nawet je\u015bli dysponujemy najbardziej wydajnymi, nowoczesnymi i\u00a0posiadaj\u0105cymi szeroki wachlarz wytw\u00f3rczy maszynami nie jest to wystarczaj\u0105ce, je\u015bli brakuje podstawowych element\u00f3w oprzyrz\u0105dowania, takich jak frezy kr\u0105\u017ckowe, frezy tarczowe do toczenia czy rolki skrawaj\u0105ce i szlifuj\u0105ce dopasowane do wyrob\u00f3w, kt\u00f3re chce si\u0119 wytworzy\u0107. W takich urz\u0105dzeniach jak centra wytw\u00f3rcze, obrabiarki transferowe, maszyny CNC czy innych przyrz\u0105dach do obr\u00f3bki brak odpowiednich wierte\u0142 czy frez\u00f3w czo\u0142owych wp\u0142ywa na obni\u017cenie wydajno\u015bci, wyd\u0142u\u017cenie czasu wytwarzania produktu oraz nie daje odpowiednio wymiernych rezultat\u00f3w.<\/p>","protected":false},"excerpt":{"rendered":"<p>Cz\u0119sto zdarza si\u0119 tak, \u017ce nawet je\u015bli dysponujemy najbardziej wydajnymi, nowoczesnymi i\u00a0posiadaj\u0105cymi szeroki wachlarz wytw\u00f3rczy maszynami nie jest to wystarczaj\u0105ce, je\u015bli brakuje podstawowych element\u00f3w oprzyrz\u0105dowania, takich jak frezy kr\u0105\u017ckowe, frezy tarczowe do toczenia czy rolki skrawaj\u0105ce i szlifuj\u0105ce dopasowane do wyrob\u00f3w, kt\u00f3re chce si\u0119 wytworzy\u0107. W takich urz\u0105dzeniach jak centra wytw\u00f3rcze, obrabiarki transferowe, maszyny CNC [&hellip;]<\/p>\n","protected":false},"author":1,"featured_media":0,"parent":0,"menu_order":0,"comment_status":"open","ping_status":"closed","template":"template-utrnsili-speciali.php","meta":{"footnotes":""},"class_list":["post-93","page","type-page","status-publish","hentry"],"_links":{"self":[{"href":"https:\/\/www.ronzonisrl.it\/pl\/wp-json\/wp\/v2\/pages\/93","targetHints":{"allow":["GET"]}}],"collection":[{"href":"https:\/\/www.ronzonisrl.it\/pl\/wp-json\/wp\/v2\/pages"}],"about":[{"href":"https:\/\/www.ronzonisrl.it\/pl\/wp-json\/wp\/v2\/types\/page"}],"author":[{"embeddable":true,"href":"https:\/\/www.ronzonisrl.it\/pl\/wp-json\/wp\/v2\/users\/1"}],"replies":[{"embeddable":true,"href":"https:\/\/www.ronzonisrl.it\/pl\/wp-json\/wp\/v2\/comments?post=93"}],"version-history":[{"count":31,"href":"https:\/\/www.ronzonisrl.it\/pl\/wp-json\/wp\/v2\/pages\/93\/revisions"}],"predecessor-version":[{"id":43879,"href":"https:\/\/www.ronzonisrl.it\/pl\/wp-json\/wp\/v2\/pages\/93\/revisions\/43879"}],"wp:attachment":[{"href":"https:\/\/www.ronzonisrl.it\/pl\/wp-json\/wp\/v2\/media?parent=93"}],"curies":[{"name":"wp","href":"https:\/\/api.w.org\/{rel}","templated":true}]}}